{"id":5510,"date":"2023-12-19T10:10:23","date_gmt":"2023-12-19T13:10:23","guid":{"rendered":"https:\/\/lidertecsa.com.ar\/catalogo\/?post_type=product&#038;p=5510"},"modified":"2024-12-13T16:37:24","modified_gmt":"2024-12-13T19:37:24","slug":"desemgrasante-de-accion-profunda-250cm3","status":"publish","type":"product","link":"https:\/\/lidertecsa.com.ar\/catalogo\/producto\/desemgrasante-de-accion-profunda-250cm3\/","title":{"rendered":"DESEMGRASANTE DE ACCI\u00d3N PROFUNDA 250cm3"},"content":{"rendered":"<p class=\"bold\">Limpia en\u00e9rgicamente y se evapora con rapidez.<\/p>\n<p class=\"bold\">Producto de acci\u00f3n profunda con alt\u00edsimo poder limpiador y desengrasante. Remueve aceites, grasas y la suciedad m\u00e1s rebelde. Ideal para todo tipo de piezas y superficies.<\/p>\n<p class=\"bold\">Presentaci\u00f3n:<\/p>\n<p>Aerosol 145g\/250cm3<\/p>\n<p>Ventajas y beneficios<\/p>\n<p>Es altamente penetrante lo que permite una r\u00e1pida y efectiva limpieza de cualquier superficie. No ataca metal, pl\u00e1stico, melamina, madera, m\u00e1rmol, granito, etc. Se evapora r\u00e1pidamente sin dejar manchas ni residuos. Es muy f\u00e1cil de aplicar.<\/p>\n<p>Usos:<\/p>\n<div class=\"util\">Ideal para maquinarias, motores (apagados), engranajes, sistemas de distribuci\u00f3n, direcciones, etc. en f\u00e1bricas, industrias y talleres de todo tipo. Util\u00edcelo tambi\u00e9n para limpiar llaves, alicates, pinzas, candados y herramientas en general. Limpia cadenas de bicicletas, motos y ciclomotores. En el hogar, \u00faselo para remover la suciedad de puertas met\u00e1licas, bisagras, rieles de cortinas, herramientas de jard\u00edn y otros.<\/div>\n<div><\/div>\n<div class=\"util\">Modos de uso:<\/div>\n<div class=\"util\">AGITE BIEN ANTES DE USAR. Rocie las superficies a limpiar durante unos segundos desde una distancia de 10cm. Use la c\u00e1nula aplicadora en lugares de dif\u00edcil acceso. Deje actuar unos segundos. Pase un trapo limpio para remover la suciedad. En caso de ser necesario, repita la operaci\u00f3n.<\/div>\n<div class=\"util\">Precauciones:<\/div>\n<p>&nbsp;<\/p>\n<p>MANTENER LEJOS DEL ALCANCE DE LOS NI\u00d1OS. Desconecte los enseres y herramientas el\u00e9ctricas antes de aplicar. No perforar el envase, No pulverizar cerca de llama. No arrojar al incinerador. Prohibido su rellenado. No exponer a temperatura mayor a 50\u00ba C. Peligro!! Inflamable. Contiene hidrocarburos. Mantener lejos del fuego y de superficies calientes. No comer, beber ni fumar mientras manipula estos productos. Usar en ambientes ventilados. No inhalar. Luego de su uso asegure el buen cierre del envase. En contacto con los ojos lavar con abundante agua. En caso de ingesti\u00f3n accidental beber agua. Consultar a un Centro Asistencial o Toxicol\u00f3gico llevando el envase o r\u00f3tulo. Centro Nacional de Intoxicaciones: 0800-333-0160.<\/p>\n","protected":false},"excerpt":{"rendered":"<p class=\"bold\">Limpia en\u00e9rgicamente y se evapora con rapidez.<\/p>\n<p class=\"bold\">Producto de acci\u00f3n profunda con alt\u00edsimo poder limpiador y desengrasante. Remueve aceites, grasas y la suciedad m\u00e1s rebelde. Ideal para todo tipo de piezas y superficies.<\/p>\n","protected":false},"featured_media":5512,"template":"","meta":{"_joinchat":[]},"product_cat":[1042],"product_tag":[1050],"class_list":{"0":"post-5510","1":"product","2":"type-product","3":"status-publish","4":"has-post-thumbnail","6":"product_cat-experto","7":"product_tag-desengrasante","9":"first","10":"instock","11":"product-type-simple"},"_links":{"self":[{"href":"https:\/\/lidertecsa.com.ar\/catalogo\/wp-json\/wp\/v2\/product\/5510"}],"collection":[{"href":"https:\/\/lidertecsa.com.ar\/catalogo\/wp-json\/wp\/v2\/product"}],"about":[{"href":"https:\/\/lidertecsa.com.ar\/catalogo\/wp-json\/wp\/v2\/types\/product"}],"wp:featuredmedia":[{"embeddable":true,"href":"https:\/\/lidertecsa.com.ar\/catalogo\/wp-json\/wp\/v2\/media\/5512"}],"wp:attachment":[{"href":"https:\/\/lidertecsa.com.ar\/catalogo\/wp-json\/wp\/v2\/media?parent=5510"}],"wp:term":[{"taxonomy":"product_cat","embeddable":true,"href":"https:\/\/lidertecsa.com.ar\/catalogo\/wp-json\/wp\/v2\/product_cat?post=5510"},{"taxonomy":"product_tag","embeddable":true,"href":"https:\/\/lidertecsa.com.ar\/catalogo\/wp-json\/wp\/v2\/product_tag?post=5510"}],"curies":[{"name":"wp","href":"https:\/\/api.w.org\/{rel}","templated":true}]}}