{"id":5508,"date":"2023-12-19T10:07:42","date_gmt":"2023-12-19T13:07:42","guid":{"rendered":"https:\/\/lidertecsa.com.ar\/catalogo\/?post_type=product&#038;p=5508"},"modified":"2024-12-13T16:37:23","modified_gmt":"2024-12-13T19:37:23","slug":"gel-limpiador-integral-5-kg","status":"publish","type":"product","link":"https:\/\/lidertecsa.com.ar\/catalogo\/producto\/gel-limpiador-integral-5-kg\/","title":{"rendered":"GEL LIMPIADOR INTEGRAL 5 Kg"},"content":{"rendered":"<p class=\"bold\">Gran poder limpiador. Ideal para tenerlo siempre a mano.<\/p>\n<p class=\"bold\">Gel limpiador integral de base acuosa, con exclusiva f\u00f3rmula de gran poder desengrasante y enorme capacidad para remover la suciedad.<\/p>\n<p class=\"bold\">Presentaci\u00f3n:<\/p>\n<p>Pote 5 Kg<\/p>\n<p>Ventajas y beneficios<\/p>\n<p>Puede ser usado con agua o sin ella. Es muy f\u00e1cil de remover. Limpia tinta gr\u00e1fica, asfalto, combustible, grasas y todo tipo de suciedad.<\/p>\n<p>Usos:<\/p>\n<div class=\"util\">\u00daselo luego de la reparaci\u00f3n o mantenimiento de veh\u00edculos; en el hogar, en el jard\u00edn y en todos los quehaceres dom\u00e9sticos. Ideal para talleres mec\u00e1nicos, industrias, f\u00e1bricas, gomer\u00edas, imprentas, etc.<\/div>\n<div><\/div>\n<div class=\"util\">Modos de uso:<\/div>\n<div class=\"util\">\u00daselo con o sin agua. Apl\u00edquelo sobre la superficie a limpiar, refriegue y elimine el exceso de suciedad con una toalla de papel o un trapo limpio y enjuague.<\/div>\n<div><\/div>\n<div class=\"util\">Precauciones:<\/div>\n<p>MANTENER LEJOS DEL ALCANCE DE LOS NI\u00d1OS Y LOS ANIMALES DOM\u00c9STICOS. En caso de contacto con los ojos, lave inmediatamente con abundante agua. Puede causar irritaci\u00f3n en pieles sensibles y en mucosas. En caso, lave inmediatamente con abundante agua. De persistir la irritaci\u00f3n, consulte a su m\u00e9dico. No ingerir, puede ser nocivo. En caso de ingesti\u00f3n no provoque el v\u00f3mito y consulte inmediatamente al Centro Nacional de Intoxicaciones 0800-333-0160 o al M\u00e9dico llevando el envase o r\u00f3tulo del producto. Conservar el envase tapado en lugar fresco y ventilado.<\/p>\n","protected":false},"excerpt":{"rendered":"<p class=\"bold\">Gran poder limpiador. Ideal para tenerlo siempre a mano.<\/p>\n<p class=\"bold\">Gel limpiador integral de base acuosa, con exclusiva f\u00f3rmula de gran poder desengrasante y enorme capacidad para remover la suciedad.<\/p>\n","protected":false},"featured_media":5509,"template":"","meta":{"_joinchat":[]},"product_cat":[1042],"product_tag":[154],"class_list":{"0":"post-5508","1":"product","2":"type-product","3":"status-publish","4":"has-post-thumbnail","6":"product_cat-experto","7":"product_tag-limpiadores","9":"first","10":"instock","11":"product-type-simple"},"_links":{"self":[{"href":"https:\/\/lidertecsa.com.ar\/catalogo\/wp-json\/wp\/v2\/product\/5508"}],"collection":[{"href":"https:\/\/lidertecsa.com.ar\/catalogo\/wp-json\/wp\/v2\/product"}],"about":[{"href":"https:\/\/lidertecsa.com.ar\/catalogo\/wp-json\/wp\/v2\/types\/product"}],"wp:featuredmedia":[{"embeddable":true,"href":"https:\/\/lidertecsa.com.ar\/catalogo\/wp-json\/wp\/v2\/media\/5509"}],"wp:attachment":[{"href":"https:\/\/lidertecsa.com.ar\/catalogo\/wp-json\/wp\/v2\/media?parent=5508"}],"wp:term":[{"taxonomy":"product_cat","embeddable":true,"href":"https:\/\/lidertecsa.com.ar\/catalogo\/wp-json\/wp\/v2\/product_cat?post=5508"},{"taxonomy":"product_tag","embeddable":true,"href":"https:\/\/lidertecsa.com.ar\/catalogo\/wp-json\/wp\/v2\/product_tag?post=5508"}],"curies":[{"name":"wp","href":"https:\/\/api.w.org\/{rel}","templated":true}]}}