{"id":5502,"date":"2023-12-19T09:55:05","date_gmt":"2023-12-19T12:55:05","guid":{"rendered":"https:\/\/lidertecsa.com.ar\/catalogo\/?post_type=product&#038;p=5502"},"modified":"2024-12-13T16:37:23","modified_gmt":"2024-12-13T19:37:23","slug":"desoxidante-anticorrosivo-tradicional-1-l","status":"publish","type":"product","link":"https:\/\/lidertecsa.com.ar\/catalogo\/producto\/desoxidante-anticorrosivo-tradicional-1-l\/","title":{"rendered":"DESOXIDANTE ANTICORROSIVO TRADICIONAL 1 l"},"content":{"rendered":"<p class=\"bold\">Afloja y destraba como ninguno. Forma una pel\u00edcula de efecto prolongado. Mayor poder residual de lubricaci\u00f3n.<\/p>\n<p class=\"bold\">Lubricante de acci\u00f3n en\u00e9rgica, \u00fanico en el mercado: formulado con aceite mineral de baja viscosidad, aditivos anticorrosivos y antioxidantes y un exclusivo grafito coloidal. Ideal para oxidaciones graves.<\/p>\n<p class=\"bold\">Presentaci\u00f3n:<\/p>\n<p>Botella de 1 l<\/p>\n<p>Ventajas y beneficios<\/p>\n<p>Alto poder penetrante: su baja viscosidad permite ingresar r\u00e1pidamente a los lugares tratados. Disgrega el \u00f3xido alojado en tuercas, tornillos, bulones, bornes, etc. Sus aditivos exclusivos de \u00faltima generaci\u00f3n evitan la corrosi\u00f3n, la oxidaci\u00f3n, el desgaste prematuro y la fatiga de los mecanismos. Gracias a su mayor poder residual de lubricaci\u00f3n, forma una pel\u00edcula protectora que sigue actuando por mucho m\u00e1s tiempo, solucionando el problema y evitando que el mismo se vuelva a producir. Contribuye potencialmente a una mayor perdurabilidad de los bienes tratados.<\/p>\n<p>Usos:<\/p>\n<div class=\"util\">M\u00e1quinas, engranajes, bujes, etc. Herramientas trabadas u oxidadas. Bulones, tornillos y tuercas. Toda pieza donde existan movimientos. Imprescindible en mec\u00e1nica de automotores.<\/div>\n<div class=\"util\">Modos de uso:<\/div>\n<div class=\"util\">AGITE BIEN ANTES DE USAR. Aplique y deje actuar; repita la operaci\u00f3n en caso de ser necesario.<\/div>\n<div><\/div>\n<div class=\"util\">Precauciones:<\/div>\n<p>Mantener lejos del alcance de los ni\u00f1os y de los animales dom\u00e9sticos. Evite el contacto prolongado de la piel con el producto y con ropas contaminadas. Puede causar irritaci\u00f3n en mucosas y pieles sensibles. En caso de ingesti\u00f3n, no induzca el v\u00f3mito. Suministre agua o leche y procure ayuda m\u00e9dica. Evite el contacto con los ojos. En tal caso lave con agua copiosamente. Si la irritaci\u00f3n contin\u00faa consulte al oculista inmediatamente. Producto inflamable, no lo exponga al fuego<\/p>\n","protected":false},"excerpt":{"rendered":"<p class=\"bold\">Afloja y destraba como ninguno. Forma una pel\u00edcula de efecto prolongado. Mayor poder residual de lubricaci\u00f3n.<\/p>\n<p class=\"bold\">Lubricante de acci\u00f3n en\u00e9rgica, \u00fanico en el mercado: formulado con aceite mineral de baja viscosidad, aditivos anticorrosivos y antioxidantes y un exclusivo grafito coloidal. Ideal para oxidaciones graves.<\/p>\n","protected":false},"featured_media":5503,"template":"","meta":{"_joinchat":[]},"product_cat":[1042],"product_tag":[950],"class_list":{"0":"post-5502","1":"product","2":"type-product","3":"status-publish","4":"has-post-thumbnail","6":"product_cat-experto","7":"product_tag-desoxidante","9":"first","10":"instock","11":"product-type-simple"},"_links":{"self":[{"href":"https:\/\/lidertecsa.com.ar\/catalogo\/wp-json\/wp\/v2\/product\/5502"}],"collection":[{"href":"https:\/\/lidertecsa.com.ar\/catalogo\/wp-json\/wp\/v2\/product"}],"about":[{"href":"https:\/\/lidertecsa.com.ar\/catalogo\/wp-json\/wp\/v2\/types\/product"}],"wp:featuredmedia":[{"embeddable":true,"href":"https:\/\/lidertecsa.com.ar\/catalogo\/wp-json\/wp\/v2\/media\/5503"}],"wp:attachment":[{"href":"https:\/\/lidertecsa.com.ar\/catalogo\/wp-json\/wp\/v2\/media?parent=5502"}],"wp:term":[{"taxonomy":"product_cat","embeddable":true,"href":"https:\/\/lidertecsa.com.ar\/catalogo\/wp-json\/wp\/v2\/product_cat?post=5502"},{"taxonomy":"product_tag","embeddable":true,"href":"https:\/\/lidertecsa.com.ar\/catalogo\/wp-json\/wp\/v2\/product_tag?post=5502"}],"curies":[{"name":"wp","href":"https:\/\/api.w.org\/{rel}","templated":true}]}}