{"id":550,"date":"2023-06-17T19:26:35","date_gmt":"2023-06-17T22:26:35","guid":{"rendered":"https:\/\/lidertecsa.com.ar\/catalogo\/?post_type=product&#038;p=550"},"modified":"2024-12-13T16:30:38","modified_gmt":"2024-12-13T19:30:38","slug":"taladro-percutor-tc-id-720-1-e-720-w","status":"publish","type":"product","link":"https:\/\/lidertecsa.com.ar\/catalogo\/producto\/taladro-percutor-tc-id-720-1-e-720-w\/","title":{"rendered":"Taladro Percutor TC-ID 720\/1 E &#8211; 720 W"},"content":{"rendered":"<p>Cualquier ambicioso aficionado al bricolaje encontrar\u00e1 en el taladro percutor TC-ID 720\/1 E una potente herramienta con dos funciones: Perforaci\u00f3n y taladrado de percusi\u00f3n para trabajar correctamente en funci\u00f3n del material. La m\u00e1quina es lo suficientemente potente como para realizar perforaciones en cualquier material. El sistema de velocidad electr\u00f3nico garantiza un trabajo adecuado seg\u00fan el material y la aplicaci\u00f3n, as\u00ed como las funciones seleccionables de perforaci\u00f3n y perforaci\u00f3n por percusi\u00f3n, con las cuales el usuario se podr\u00e1 adaptar a la perfecci\u00f3n al trabajo correspondiente. La rotaci\u00f3n hacia la derecha y la izquierda es ideal para taladrar y atornillar en materiales duros. El bloqueo de funcionamiento continuo permite trabajar de forma c\u00f3moda y sencilla. Las amplias y ergon\u00f3micas superficies Softgrip hacen que el trabajo resulte agradable. El taladro percutor se puede sujetar con seguridad gracias a las nervaduras de su empu\u00f1adura adicional. El robusto portabrocas de liberaci\u00f3n r\u00e1pida de 13 mil\u00edmetros contiene los accesorios deseados (portabrocas de 1,5 a 13 mil\u00edmetros). Adem\u00e1s, el taladro percutor TC-ID 720\/1 E tambi\u00e9n es adecuado para la fijaci\u00f3n en un soporte de perforaci\u00f3n con cuello de sujeci\u00f3n de 43\u00a0mm. El tope de profundidad de perforaci\u00f3n, hecho de metal s\u00f3lido, se puede ajustar sin l\u00edmite. La capacidad de perforaci\u00f3n es de 30 mil\u00edmetros en madera, 10 mil\u00edmetros en metal y 13 mil\u00edmetros en hormig\u00f3n.<\/p>\n","protected":false},"excerpt":{"rendered":"<ul>\n<li class=\" meta\">2\u00a0funciones: Perforado\/perforado por percusi\u00f3n para trabajos en funci\u00f3n del material<\/li>\n<li class=\" meta\">Portabrocas de liberaci\u00f3n r\u00e1pida de 13 mm para cambiar la herramienta con facilidad<\/li>\n<li class=\" meta\">Sistema de velocidad electr\u00f3nico para trabajos adaptados a los materiales y las aplicaciones<\/li>\n<li class=\" meta\">Superficies de agarre suave, grandes y ergon\u00f3micas, que hacen m\u00e1s agradable el trabajo<\/li>\n<li class=\" meta\">Mango adicional fijado de manera segura mediante nervadura<\/li>\n<li class=\"meta\">Rotaci\u00f3n hacia la derecha y la izquierda para taladrado y atornillado<\/li>\n<li class=\"meta\">Bloqueo de funcionamiento continuo para un trabajo c\u00f3modo y sencillo<\/li>\n<li class=\"meta\">Apropiado para la fijaci\u00f3n en un soporte de perforaci\u00f3n con cuello de sujeci\u00f3n de 43\u00a0mm<\/li>\n<li class=\"meta\">Tope de profundidad de perforaci\u00f3n con ajuste continuo en metal s\u00f3lido<\/li>\n<\/ul>\n","protected":false},"featured_media":551,"template":"","meta":{"_joinchat":[]},"product_cat":[181],"product_tag":[185],"class_list":{"0":"post-550","1":"product","2":"type-product","3":"status-publish","4":"has-post-thumbnail","6":"product_cat-herramientas-electricas","7":"product_tag-taladro-electrico","9":"first","10":"instock","11":"product-type-simple"},"_links":{"self":[{"href":"https:\/\/lidertecsa.com.ar\/catalogo\/wp-json\/wp\/v2\/product\/550"}],"collection":[{"href":"https:\/\/lidertecsa.com.ar\/catalogo\/wp-json\/wp\/v2\/product"}],"about":[{"href":"https:\/\/lidertecsa.com.ar\/catalogo\/wp-json\/wp\/v2\/types\/product"}],"wp:featuredmedia":[{"embeddable":true,"href":"https:\/\/lidertecsa.com.ar\/catalogo\/wp-json\/wp\/v2\/media\/551"}],"wp:attachment":[{"href":"https:\/\/lidertecsa.com.ar\/catalogo\/wp-json\/wp\/v2\/media?parent=550"}],"wp:term":[{"taxonomy":"product_cat","embeddable":true,"href":"https:\/\/lidertecsa.com.ar\/catalogo\/wp-json\/wp\/v2\/product_cat?post=550"},{"taxonomy":"product_tag","embeddable":true,"href":"https:\/\/lidertecsa.com.ar\/catalogo\/wp-json\/wp\/v2\/product_tag?post=550"}],"curies":[{"name":"wp","href":"https:\/\/api.w.org\/{rel}","templated":true}]}}