{"id":55,"date":"2023-06-01T13:53:19","date_gmt":"2023-06-01T16:53:19","guid":{"rendered":"https:\/\/lidertecsa.com.ar\/catalogo\/producto\/pegamil-pega-vinilicos-25cc-est-c60\/"},"modified":"2026-02-04T11:07:34","modified_gmt":"2026-02-04T14:07:34","slug":"pegamil-pega-vinilicos-25cc-est-c60","status":"publish","type":"product","link":"https:\/\/lidertecsa.com.ar\/catalogo\/producto\/pegamil-pega-vinilicos-25cc-est-c60\/","title":{"rendered":"Pegamil Pega Vin\u00edlicos x 25cc Estuche"},"content":{"rendered":"<h2>Pega Vin\u00edlicos<\/h2>\n<p>Kit de adhesivo para pl\u00e1sticos flexibles, que incluye parches para efectuar las reparaciones. \u00a0Para pegar y reparar juguetes inflables, piletas (piscinas) de PVC, manteles y cortinas pl\u00e1sticas, toldos, lonas de cami\u00f3n y en general toda pieza hecha con telas vin\u00edlicas. Al secar queda una pel\u00edcula transparente. La adherencia mejora con el tiempo. Resistente al agua.<\/p>\n","protected":false},"excerpt":{"rendered":"<h2>Pega Vin\u00edlicos<\/h2>\n","protected":false},"featured_media":67,"template":"","meta":{"_joinchat":[]},"product_cat":[29],"product_tag":[66],"class_list":{"0":"post-55","1":"product","2":"type-product","3":"status-publish","4":"has-post-thumbnail","6":"product_cat-pegamil","7":"product_tag-pega-vinilico","9":"first","10":"instock","11":"taxable","12":"shipping-taxable","13":"product-type-simple"},"_links":{"self":[{"href":"https:\/\/lidertecsa.com.ar\/catalogo\/wp-json\/wp\/v2\/product\/55"}],"collection":[{"href":"https:\/\/lidertecsa.com.ar\/catalogo\/wp-json\/wp\/v2\/product"}],"about":[{"href":"https:\/\/lidertecsa.com.ar\/catalogo\/wp-json\/wp\/v2\/types\/product"}],"wp:featuredmedia":[{"embeddable":true,"href":"https:\/\/lidertecsa.com.ar\/catalogo\/wp-json\/wp\/v2\/media\/67"}],"wp:attachment":[{"href":"https:\/\/lidertecsa.com.ar\/catalogo\/wp-json\/wp\/v2\/media?parent=55"}],"wp:term":[{"taxonomy":"product_cat","embeddable":true,"href":"https:\/\/lidertecsa.com.ar\/catalogo\/wp-json\/wp\/v2\/product_cat?post=55"},{"taxonomy":"product_tag","embeddable":true,"href":"https:\/\/lidertecsa.com.ar\/catalogo\/wp-json\/wp\/v2\/product_tag?post=55"}],"curies":[{"name":"wp","href":"https:\/\/api.w.org\/{rel}","templated":true}]}}