{"id":549,"date":"2023-06-17T19:12:00","date_gmt":"2023-06-17T22:12:00","guid":{"rendered":"https:\/\/lidertecsa.com.ar\/catalogo\/?post_type=product&#038;p=549"},"modified":"2024-12-13T16:30:38","modified_gmt":"2024-12-13T19:30:38","slug":"amoladora-angular-te-ag-230-dp-2300-w","status":"publish","type":"product","link":"https:\/\/lidertecsa.com.ar\/catalogo\/producto\/amoladora-angular-te-ag-230-dp-2300-w\/","title":{"rendered":"Amoladora angular TE-AG 230 DP &#8211; 2300 W"},"content":{"rendered":"<p>La amoladora angular TE-AG 230 DP es una herramienta robusta y potente para verdaderos expertos con altas exigencias, que ofrece un rendimiento excepcional en trabajos exigentes de corte, rectificado y desbaste en la casa, el taller y el garaje. El mango principal giratorio garantiza la m\u00e1xima flexibilidad al trabajar. Adem\u00e1s, el mango principal antivibraci\u00f3n amortigua las vibraciones, lo que permite un trabajo m\u00e1s prolongado sin fatiga. Su protector de disco se puede adaptar a cualquier tarea en muy poco tiempo gracias al ajuste r\u00e1pido, y el bloqueo del husillo permite cambios de herramienta f\u00e1ciles y r\u00e1pidos. Gracias a la funci\u00f3n de arranque suave, el dispositivo se inicia de forma suave y segura. El TE-AG 230 DP est\u00e1 equipado con un cabezal de engranaje met\u00e1lico plano y robusto, que garantiza una transmisi\u00f3n de potencia \u00f3ptima y un funcionamiento de baja vibraci\u00f3n, lo que facilita el trabajo en lugares dif\u00edciles de alcanzar. El agarre suave, as\u00ed como el mango principal antivibraci\u00f3n en combinaci\u00f3n con el mango giratorio, permite un manejo c\u00f3modo de la amoladora angular con su inmensa potencia. El mango adicional, que se puede fijar en tres posiciones, se puede ajustar con precisi\u00f3n a la pieza de trabajo respectiva, de modo que se garantiza un agarre perfecto para un trabajo seguro y r\u00e1pido. Gracias al clip para fijar el cable enrollado, la TE-AG 230 DP se puede guardar de forma ordenada y segura en muy poco tiempo. El TE-AG 230 DP se entrega con una llave facial pero sin disco de corte.<\/p>\n","protected":false},"excerpt":{"rendered":"<ul>\n<li class=\" meta\">Arranque suave<\/li>\n<li class=\" meta\">Mango giratorio<\/li>\n<li class=\" meta\">Mango principal antivibraci\u00f3n<\/li>\n<li class=\" meta\">Protecci\u00f3n del parabrisas con ajuste r\u00e1pido<\/li>\n<li class=\" meta\">Bloqueo del husillo<\/li>\n<li class=\"meta\">Bloqueo del husillo<\/li>\n<li class=\"meta\">El mango adicional se puede montar en 3 posiciones<\/li>\n<li class=\"meta\">Mango adicional y mango principal con agarre suave<\/li>\n<li class=\"meta\">Larga duraci\u00f3n<\/li>\n<li class=\"meta\">Clip de cable<\/li>\n<li class=\"meta\">Llave de orificio final<\/li>\n<li class=\"meta\">Entrega sin disco de corte<\/li>\n<\/ul>\n","protected":false},"featured_media":548,"template":"","meta":{"_joinchat":[]},"product_cat":[181],"product_tag":[183],"class_list":{"0":"post-549","1":"product","2":"type-product","3":"status-publish","4":"has-post-thumbnail","6":"product_cat-herramientas-electricas","7":"product_tag-amoladora-angular","9":"first","10":"instock","11":"product-type-simple"},"_links":{"self":[{"href":"https:\/\/lidertecsa.com.ar\/catalogo\/wp-json\/wp\/v2\/product\/549"}],"collection":[{"href":"https:\/\/lidertecsa.com.ar\/catalogo\/wp-json\/wp\/v2\/product"}],"about":[{"href":"https:\/\/lidertecsa.com.ar\/catalogo\/wp-json\/wp\/v2\/types\/product"}],"wp:featuredmedia":[{"embeddable":true,"href":"https:\/\/lidertecsa.com.ar\/catalogo\/wp-json\/wp\/v2\/media\/548"}],"wp:attachment":[{"href":"https:\/\/lidertecsa.com.ar\/catalogo\/wp-json\/wp\/v2\/media?parent=549"}],"wp:term":[{"taxonomy":"product_cat","embeddable":true,"href":"https:\/\/lidertecsa.com.ar\/catalogo\/wp-json\/wp\/v2\/product_cat?post=549"},{"taxonomy":"product_tag","embeddable":true,"href":"https:\/\/lidertecsa.com.ar\/catalogo\/wp-json\/wp\/v2\/product_tag?post=549"}],"curies":[{"name":"wp","href":"https:\/\/api.w.org\/{rel}","templated":true}]}}