{"id":5484,"date":"2023-12-19T09:26:12","date_gmt":"2023-12-19T12:26:12","guid":{"rendered":"https:\/\/lidertecsa.com.ar\/catalogo\/?post_type=product&#038;p=5484"},"modified":"2024-12-13T16:37:20","modified_gmt":"2024-12-13T19:37:20","slug":"10-funciones","status":"publish","type":"product","link":"https:\/\/lidertecsa.com.ar\/catalogo\/producto\/10-funciones\/","title":{"rendered":"10 FUNCIONES"},"content":{"rendered":"<p class=\"bold\">10 Funciones, infinitos usos.<\/p>\n<p class=\"bold\">Lubricante altamente aditivado con componentes antioxidantes, anticorrosivos y antiespumantes de calidad internacional, desarrollado para cumplir 10 funciones espec\u00edficas: lubricar, desoxidar, eliminar ruidos, aflojar tornillos, proteger contra la corrosi\u00f3n, desplazar la humedad, limpiar armas, destrabar mecanismos, proteger circuitos el\u00e9ctricos y remover grasas.<\/p>\n<p class=\"bold\">Presentaci\u00f3n:<\/p>\n<p class=\"bold\">Aerosol 163g\/250cm3<\/p>\n<p class=\"bold\">Ventajas y beneficios<\/p>\n<p>Protege y facilita el funcionamiento de m\u00e1quinas, herramientas, instrumentos y componentes articulados. Establece una barrera aislante contra la humedad optimizando el funcionamiento de circuitos el\u00e9ctricos. Elimina ruidos molestos y libera mecanismos trabados. Desplaza la humedad, previniendo la corrosi\u00f3n y la formaci\u00f3n de \u00f3xido. Limpia y remueve adhesivos. Posee infinidad de usos.<\/p>\n<p>Usos:<\/p>\n<div class=\"util\">Bisagras, candados, bicicletas, herram. jard\u00edn, electrodom\u00e9sticos, m\u00e1q. coser, etc. Bater\u00edas, distribuidores, correderas, tuercas y tornillos, cables y contactos, sist. arranque e ignici\u00f3n, etc. Maquinarias, instrumentos, tableros, equipos el\u00e9ctricos, bobinas. Art\u00edculos de caza y pesca, skates, rollers y rodamientos.<\/div>\n<div class=\"util\">Modos de uso:<\/div>\n<div class=\"util\">AGITE BIEN ANTES DE USAR. Aplique y deje actuar; repita la operaci\u00f3n en caso de ser necesario.<\/div>\n<div><\/div>\n<div class=\"util\">Precauciones:<\/div>\n<p>Usar en \u00e1rea ventilada. Mantener lejos del alcance de los ni\u00f1os y de los animales dom\u00e9sticos, contenido bajo presi\u00f3n. No exponer a temperatura superior a 50 \u00b0C ni al sol. No arrojar al incinerador ni al fuego. Inflamable. Desconecte los enseres y herramientas el\u00e9ctricas antes de aplicar. No perforar. Prohibido su rellenado. No pulverizar cerca de la llama. Producto levemente t\u00f3xico, puede causar irritaci\u00f3n en mucosas y pieles sensibles. Si es ingerido puede ser nocivo o mortal. En ese caso no induzca el v\u00f3mito y procure ayuda m\u00e9dica urgente. Evite el contacto con los ojos. En tal caso lave con agua copiosamente. Si la irritaci\u00f3n contin\u00faa, consulte al oculista inmediatamente.<\/p>\n","protected":false},"excerpt":{"rendered":"<p class=\"bold\">10 Funciones, infinitos usos.<\/p>\n<p class=\"bold\">Lubricante altamente aditivado con componentes antioxidantes, anticorrosivos y antiespumantes de calidad internacional, desarrollado para cumplir 10 funciones espec\u00edficas: lubricar, desoxidar, eliminar ruidos, aflojar tornillos, proteger contra la corrosi\u00f3n, desplazar la humedad, limpiar armas, destrabar mecanismos, proteger circuitos el\u00e9ctricos y remover grasas.<\/p>\n","protected":false},"featured_media":5485,"template":"","meta":{"_joinchat":[]},"product_cat":[1042],"product_tag":[140],"class_list":{"0":"post-5484","1":"product","2":"type-product","3":"status-publish","4":"has-post-thumbnail","6":"product_cat-experto","7":"product_tag-lubricante-multiuso","9":"first","10":"instock","11":"product-type-simple"},"_links":{"self":[{"href":"https:\/\/lidertecsa.com.ar\/catalogo\/wp-json\/wp\/v2\/product\/5484"}],"collection":[{"href":"https:\/\/lidertecsa.com.ar\/catalogo\/wp-json\/wp\/v2\/product"}],"about":[{"href":"https:\/\/lidertecsa.com.ar\/catalogo\/wp-json\/wp\/v2\/types\/product"}],"wp:featuredmedia":[{"embeddable":true,"href":"https:\/\/lidertecsa.com.ar\/catalogo\/wp-json\/wp\/v2\/media\/5485"}],"wp:attachment":[{"href":"https:\/\/lidertecsa.com.ar\/catalogo\/wp-json\/wp\/v2\/media?parent=5484"}],"wp:term":[{"taxonomy":"product_cat","embeddable":true,"href":"https:\/\/lidertecsa.com.ar\/catalogo\/wp-json\/wp\/v2\/product_cat?post=5484"},{"taxonomy":"product_tag","embeddable":true,"href":"https:\/\/lidertecsa.com.ar\/catalogo\/wp-json\/wp\/v2\/product_tag?post=5484"}],"curies":[{"name":"wp","href":"https:\/\/api.w.org\/{rel}","templated":true}]}}