{"id":5469,"date":"2023-10-11T16:33:49","date_gmt":"2023-10-11T19:33:49","guid":{"rendered":"https:\/\/lidertecsa.com.ar\/catalogo\/?post_type=product&#038;p=5469"},"modified":"2024-12-13T16:37:19","modified_gmt":"2024-12-13T19:37:19","slug":"carro-para-movimiento-de-tambores-de-200-lts","status":"publish","type":"product","link":"https:\/\/lidertecsa.com.ar\/catalogo\/producto\/carro-para-movimiento-de-tambores-de-200-lts\/","title":{"rendered":"Carro para Movimiento de Tambores de 200 Lts"},"content":{"rendered":"<p>Robusto carro fabricado \u00edntegramente en acero, ideal para manipulaci\u00f3n de tambores de aceite y solventes en lubricentros.<\/p>\n<p>Su sistema de sujeci\u00f3n de u\u00f1a superior, permite cargar y descargar el tambor sin necesidad de cadenas ni u\u00f1as inferiores y mantenerlo a una inclinaci\u00f3n de 45\u00ba, soportado por sus ruedas de f\u00e1cil deslizamiento.<\/p>\n<p>Con un solo operario simplemente trabe, pise y el tambor se encuentra listo para transportarse con absoluta suavidad, permitiendo el paso por lugares m\u00e1s estrechos o de dif\u00edcil acceso.<\/p>\n<p><strong>CARACTER\u00cdSTICAS<\/strong><\/p>\n<p>Sistema de sujeci\u00f3n desde el borde superior del tambor y apto para la manipulaci\u00f3n con un solo operario.<\/p>\n","protected":false},"excerpt":{"rendered":"<p>Robusto carro fabricado \u00edntegramente en acero, ideal para manipulaci\u00f3n de tambores de aceite y solventes en lubricentros.<\/p>\n","protected":false},"featured_media":5468,"template":"","meta":{"_joinchat":[]},"product_cat":[1038],"product_tag":[1040],"class_list":{"0":"post-5469","1":"product","2":"type-product","3":"status-publish","4":"has-post-thumbnail","6":"product_cat-equipamiento-para-taller","7":"product_tag-carro-para-tambores","9":"first","10":"instock","11":"taxable","12":"shipping-taxable","13":"product-type-simple"},"_links":{"self":[{"href":"https:\/\/lidertecsa.com.ar\/catalogo\/wp-json\/wp\/v2\/product\/5469"}],"collection":[{"href":"https:\/\/lidertecsa.com.ar\/catalogo\/wp-json\/wp\/v2\/product"}],"about":[{"href":"https:\/\/lidertecsa.com.ar\/catalogo\/wp-json\/wp\/v2\/types\/product"}],"wp:featuredmedia":[{"embeddable":true,"href":"https:\/\/lidertecsa.com.ar\/catalogo\/wp-json\/wp\/v2\/media\/5468"}],"wp:attachment":[{"href":"https:\/\/lidertecsa.com.ar\/catalogo\/wp-json\/wp\/v2\/media?parent=5469"}],"wp:term":[{"taxonomy":"product_cat","embeddable":true,"href":"https:\/\/lidertecsa.com.ar\/catalogo\/wp-json\/wp\/v2\/product_cat?post=5469"},{"taxonomy":"product_tag","embeddable":true,"href":"https:\/\/lidertecsa.com.ar\/catalogo\/wp-json\/wp\/v2\/product_tag?post=5469"}],"curies":[{"name":"wp","href":"https:\/\/api.w.org\/{rel}","templated":true}]}}