{"id":5444,"date":"2023-10-11T15:28:43","date_gmt":"2023-10-11T18:28:43","guid":{"rendered":"https:\/\/lidertecsa.com.ar\/catalogo\/?post_type=product&#038;p=5444"},"modified":"2024-12-13T16:45:23","modified_gmt":"2024-12-13T19:45:23","slug":"bomba-neumatica-de-aceite","status":"publish","type":"product","link":"https:\/\/lidertecsa.com.ar\/catalogo\/producto\/bomba-neumatica-de-aceite\/","title":{"rendered":"Bomba Neum\u00e1tica de Aceite"},"content":{"rendered":"<h5>BOMBA NEUM\u00c1TICA DE ACEITE<\/h5>\n<p>Nuestra bomba neum\u00e1tica con tecnolog\u00eda italiana permite la distribuci\u00f3n de aceite de viscosidad baja y mediana (SAE 15\/130), fluidos similares y anticongelantes a distancias cortas y medianas.<\/p>\n<p>La combinaci\u00f3n del carro para movimiento de cubetas de 20 litros con la bomba neum\u00e1tica permite la utilizaci\u00f3n del aceite sin realizar ning\u00fan tipo de trasvase conservando la higiene de la misma.<\/p>\n<p><strong>CARACTER\u00cdSTICAS<\/strong><\/p>\n<ul>\n<li>Relaci\u00f3n de Presi\u00f3n (aceite): 3:1<\/li>\n<li>Presi\u00f3n de Trabajo (aire): 3 a 8 kg\/cm2 (45 a 110 psi)<\/li>\n<li>Caudal de Aceite: 25 litros por minuto<\/li>\n<li>Conexi\u00f3n de Entrada de Aire: 1\/4 BSPT (gas)<\/li>\n<li>Conexi\u00f3n De Salida de Aceite: 1\/2 BSPT (gas)<\/li>\n<\/ul>\n<p><strong>ACCESORIOS<\/strong><\/p>\n<ul>\n<li>Manguera con de alta presi\u00f3n de 1\/2\u00bby 2 metros de longitud<\/li>\n<\/ul>\n<p><strong>PISTOLAS<\/strong><\/p>\n<ul>\n<li>Con caudal\u00edmetro digital, v\u00e1lvula antigoteo y extensi\u00f3n r\u00edgida de 90\u00ba<\/li>\n<li>Con v\u00e1lvula antigoteo y extensi\u00f3n r\u00edgida de 90\u00ba<\/li>\n<\/ul>\n<p>&nbsp;<\/p>\n<p>Nota: El caudal efectivo de una bomba var\u00eda en funci\u00f3n a la combinaci\u00f3n de distintos factores (Presi\u00f3n de alimentaci\u00f3n, viscosidad, temperatura del fluido, longitud de manguera, pistola)<\/p>\n","protected":false},"excerpt":{"rendered":"<p>La bomba neum\u00e1tica con tecnolog\u00eda italiana permite la distribuci\u00f3n de aceite de viscosidad baja y mediana (SAE 15\/130), fluidos similares y anticongelantes a distancias cortas y medianas. Para cubetas de 18\/25 litros.<br \/>\nCod: 01-0410 sin base para cubetas y con ruedas<br \/>\nCod: 01-0411 con base para cubetas y con ruedas<\/p>\n","protected":false},"featured_media":5445,"template":"","meta":{"_joinchat":[]},"product_cat":[1029],"product_tag":[1033],"class_list":{"0":"post-5444","1":"product","2":"type-product","3":"status-publish","4":"has-post-thumbnail","6":"product_cat-bombas-y-dispenser-para-aaceite","7":"product_tag-bomba-neumatica-para-aceite","9":"first","10":"instock","11":"taxable","12":"shipping-taxable","13":"product-type-variable"},"_links":{"self":[{"href":"https:\/\/lidertecsa.com.ar\/catalogo\/wp-json\/wp\/v2\/product\/5444"}],"collection":[{"href":"https:\/\/lidertecsa.com.ar\/catalogo\/wp-json\/wp\/v2\/product"}],"about":[{"href":"https:\/\/lidertecsa.com.ar\/catalogo\/wp-json\/wp\/v2\/types\/product"}],"wp:featuredmedia":[{"embeddable":true,"href":"https:\/\/lidertecsa.com.ar\/catalogo\/wp-json\/wp\/v2\/media\/5445"}],"wp:attachment":[{"href":"https:\/\/lidertecsa.com.ar\/catalogo\/wp-json\/wp\/v2\/media?parent=5444"}],"wp:term":[{"taxonomy":"product_cat","embeddable":true,"href":"https:\/\/lidertecsa.com.ar\/catalogo\/wp-json\/wp\/v2\/product_cat?post=5444"},{"taxonomy":"product_tag","embeddable":true,"href":"https:\/\/lidertecsa.com.ar\/catalogo\/wp-json\/wp\/v2\/product_tag?post=5444"}],"curies":[{"name":"wp","href":"https:\/\/api.w.org\/{rel}","templated":true}]}}