{"id":5434,"date":"2023-10-11T15:07:05","date_gmt":"2023-10-11T18:07:05","guid":{"rendered":"https:\/\/lidertecsa.com.ar\/catalogo\/?post_type=product&#038;p=5434"},"modified":"2024-12-13T16:37:15","modified_gmt":"2024-12-13T19:37:15","slug":"kit-para-aceite-de-20lts-bomba-de-trasvase","status":"publish","type":"product","link":"https:\/\/lidertecsa.com.ar\/catalogo\/producto\/kit-para-aceite-de-20lts-bomba-de-trasvase\/","title":{"rendered":"Kit Para Aceite De 20lts &#8211; Bomba De Trasvase"},"content":{"rendered":"<p>Incluye:<br \/>\n-Bomba de trasvase con ca\u00f1o telesc\u00f3pico<br \/>\n-Soporte para cubeta<br \/>\n-Mango<br \/>\n-Carro para cubetas<\/p>\n<p>Fabricada en acero, con cabezales de aluminio, pintada \u00edntegramente en color gris,\u00a0con un o`ring N\u00ba 2-223 en su pist\u00f3n, se proveen con el tubo de succi\u00f3n para tambores de 200 litros.<\/p>\n<p>Su pico curvo redise\u00f1ado minimiza el goteo luego de su uso y su mango pl\u00e1stico ergon\u00f3mico, sin filos cortantes, aislante del fr\u00edo y calor.<\/p>\n<p>La altura de su cuerpo met\u00e1lico permite el c\u00f3modo llenado de botellas pl\u00e1sticas de 1 litro y bidones de 4 litros, para el fraccionamiento de aceites en lubricentros.<\/p>\n<p>De funcionamiento suave y silencioso, permite un control sobre el flujo de lubricante o combustible, de forma efectiva.<\/p>\n<p>Soporta trabajo con thinner, debiendo tener la precauci\u00f3n de lubricar el v\u00e1stago y otras partes expuestas de metal con aceite.<\/p>\n<p><b>CARACTER\u00cdSTICAS<\/b><\/p>\n<ul>\n<li>Caudal de aceite:\u00a0200 CC por cada accionamiento de palanca<\/li>\n<\/ul>\n","protected":false},"excerpt":{"rendered":"<p>KIT para cubetas de 20 litros<br \/>\nPermite la utilizaci\u00f3n de una cubeta de Aceite con una Bomba Manual<\/p>\n","protected":false},"featured_media":5435,"template":"","meta":{"_joinchat":[]},"product_cat":[1029],"product_tag":[1030],"class_list":{"0":"post-5434","1":"product","2":"type-product","3":"status-publish","4":"has-post-thumbnail","6":"product_cat-bombas-y-dispenser-para-aaceite","7":"product_tag-bomba-de-trasvase","9":"first","10":"instock","11":"taxable","12":"shipping-taxable","13":"product-type-simple"},"_links":{"self":[{"href":"https:\/\/lidertecsa.com.ar\/catalogo\/wp-json\/wp\/v2\/product\/5434"}],"collection":[{"href":"https:\/\/lidertecsa.com.ar\/catalogo\/wp-json\/wp\/v2\/product"}],"about":[{"href":"https:\/\/lidertecsa.com.ar\/catalogo\/wp-json\/wp\/v2\/types\/product"}],"wp:featuredmedia":[{"embeddable":true,"href":"https:\/\/lidertecsa.com.ar\/catalogo\/wp-json\/wp\/v2\/media\/5435"}],"wp:attachment":[{"href":"https:\/\/lidertecsa.com.ar\/catalogo\/wp-json\/wp\/v2\/media?parent=5434"}],"wp:term":[{"taxonomy":"product_cat","embeddable":true,"href":"https:\/\/lidertecsa.com.ar\/catalogo\/wp-json\/wp\/v2\/product_cat?post=5434"},{"taxonomy":"product_tag","embeddable":true,"href":"https:\/\/lidertecsa.com.ar\/catalogo\/wp-json\/wp\/v2\/product_tag?post=5434"}],"curies":[{"name":"wp","href":"https:\/\/api.w.org\/{rel}","templated":true}]}}