{"id":5432,"date":"2023-10-11T15:06:02","date_gmt":"2023-10-11T18:06:02","guid":{"rendered":"https:\/\/lidertecsa.com.ar\/catalogo\/?post_type=product&#038;p=5432"},"modified":"2024-12-13T16:45:22","modified_gmt":"2024-12-13T19:45:22","slug":"bomba-de-trasvase","status":"publish","type":"product","link":"https:\/\/lidertecsa.com.ar\/catalogo\/producto\/bomba-de-trasvase\/","title":{"rendered":"Bomba de Trasvase"},"content":{"rendered":"<p>Fabricada en acero, con cabezales de aluminio, pintada \u00edntegramente en color gris,\u00a0con un o`ring N\u00ba 2-223 en su pist\u00f3n, se proveen con el tubo de succi\u00f3n para tambores de 200 litros.<\/p>\n<p>Su pico curvo redise\u00f1ado minimiza el goteo luego de su uso y su mango pl\u00e1stico ergon\u00f3mico, sin filos cortantes, aislante del fr\u00edo y calor.<\/p>\n<p>La altura de su cuerpo met\u00e1lico permite el c\u00f3modo llenado de botellas pl\u00e1sticas de 1 litro y bidones de 4 litros, para el fraccionamiento de aceites en lubricentros.<\/p>\n<p>De funcionamiento suave y silencioso, permite un control sobre el flujo de lubricante o combustible, de forma efectiva.<\/p>\n<p>Soporta trabajo con thinner, debiendo tener la precauci\u00f3n de lubricar el v\u00e1stago y otras partes expuestas de metal con aceite.<\/p>\n<p><b>CARACTER\u00cdSTICAS<\/b><\/p>\n<ul>\n<li>Caudal de aceite:\u00a0200 CC por cada accionamiento de palanca<\/li>\n<\/ul>\n","protected":false},"excerpt":{"rendered":"<p>Fabricada en acero, con cabezales de aluminio, pintada \u00edntegramente en color gris, con un o`ring N\u00ba 2-223 en su pist\u00f3n, para tambores de 200 litros.<br \/>\nCod: 01-0080 se provee con tubo de succi\u00f3n fijo de 84 cm<br \/>\nCod: 01-0082 se provee con tubo de succi\u00f3n telesc\u00f3pica de 49-89 cm<\/p>\n","protected":false},"featured_media":5433,"template":"","meta":{"_joinchat":[]},"product_cat":[1029],"product_tag":[1030],"class_list":{"0":"post-5432","1":"product","2":"type-product","3":"status-publish","4":"has-post-thumbnail","6":"product_cat-bombas-y-dispenser-para-aaceite","7":"product_tag-bomba-de-trasvase","9":"first","10":"instock","11":"taxable","12":"shipping-taxable","13":"product-type-variable"},"_links":{"self":[{"href":"https:\/\/lidertecsa.com.ar\/catalogo\/wp-json\/wp\/v2\/product\/5432"}],"collection":[{"href":"https:\/\/lidertecsa.com.ar\/catalogo\/wp-json\/wp\/v2\/product"}],"about":[{"href":"https:\/\/lidertecsa.com.ar\/catalogo\/wp-json\/wp\/v2\/types\/product"}],"wp:featuredmedia":[{"embeddable":true,"href":"https:\/\/lidertecsa.com.ar\/catalogo\/wp-json\/wp\/v2\/media\/5433"}],"wp:attachment":[{"href":"https:\/\/lidertecsa.com.ar\/catalogo\/wp-json\/wp\/v2\/media?parent=5432"}],"wp:term":[{"taxonomy":"product_cat","embeddable":true,"href":"https:\/\/lidertecsa.com.ar\/catalogo\/wp-json\/wp\/v2\/product_cat?post=5432"},{"taxonomy":"product_tag","embeddable":true,"href":"https:\/\/lidertecsa.com.ar\/catalogo\/wp-json\/wp\/v2\/product_tag?post=5432"}],"curies":[{"name":"wp","href":"https:\/\/api.w.org\/{rel}","templated":true}]}}