{"id":5426,"date":"2023-10-11T14:41:46","date_gmt":"2023-10-11T17:41:46","guid":{"rendered":"https:\/\/lidertecsa.com.ar\/catalogo\/?post_type=product&#038;p=5426"},"modified":"2024-12-13T16:37:14","modified_gmt":"2024-12-13T19:37:14","slug":"engrasador-neumatico-de-caudal-continuo-diseno-italiano-20-kg","status":"publish","type":"product","link":"https:\/\/lidertecsa.com.ar\/catalogo\/producto\/engrasador-neumatico-de-caudal-continuo-diseno-italiano-20-kg\/","title":{"rendered":"Engrasador Neum\u00e1tico de Caudal Continuo Dise\u00f1o Italiano &#8211; 20 Kg"},"content":{"rendered":"<h5>ENGRASADOR NEUM\u00c1TICO CONTINUO<\/h5>\n<h5>60:1 \u2013 1600 g\/min<\/h5>\n<p>Nuestro engrasador neum\u00e1tico de dise\u00f1o italiano permite la manipulaci\u00f3n de grasas minerales\u00a0<strong>m\u00e1s pesadas<\/strong>\u00a0debido a su\u00a0<strong>mayor relaci\u00f3n de presi\u00f3n (60:1).<\/strong><\/p>\n<p>Mecanizado en barra de aluminio, su sistema permite el aprovisionamiento de\u00a0<strong>mayor cantidad de grasa por minuto (1600 g\/min)<\/strong>.<\/p>\n<p>Especialmente dise\u00f1ado para sistemas de distribuci\u00f3n centralizados, donde se requiere una mayor cantidad de grasa y mayor presi\u00f3n en la distancia corta y larga.<\/p>\n<p>Adem\u00e1s sus caracter\u00edsticas le permiten trabajar en los ambientes m\u00e1s hostiles, realizando el engrase a\u00a0<strong>temperaturas inferiores a la media.<\/strong><\/p>\n<p><strong>CARACTER\u00cdSTICAS<\/strong><\/p>\n<ul>\n<li>Relaci\u00f3n de Presi\u00f3n (grasa): 60:1<\/li>\n<li>Presi\u00f3n de Trabajo (aire): 3 a 8 bar (45 a 110 psi)<\/li>\n<li>Caudal de Grasa: 1600 gramos por minuto<\/li>\n<li>Conexi\u00f3n de Entrada De Aire: 1\/4 BSPT (gas)<\/li>\n<li>Conexi\u00f3n De Salida De Grasa: 1\/8 BSPT (gas)<\/li>\n<\/ul>\n<p>&nbsp;<\/p>\n<p><strong>ACCESORIOS<\/strong><\/p>\n<ul>\n<li>Manguera con malla de Acero SAE R2 (Alta Presi\u00f3n) de 2 metros<\/li>\n<li>Pistola de engrase con conexi\u00f3n giratoria tipo \u201cZ\u201d y prensa grasa con buje y bordes de caucho sint\u00e9tico.<\/li>\n<\/ul>\n","protected":false},"excerpt":{"rendered":"<p>El engrasador neum\u00e1tico de dise\u00f1o italiano permite la manipulaci\u00f3n de grasas minerales <strong>m\u00e1s pesadas<\/strong>\u00a0debido a su\u00a0<strong>mayor relaci\u00f3n de presi\u00f3n (60:1).<\/strong><\/p>\n","protected":false},"featured_media":5427,"template":"","meta":{"_joinchat":[]},"product_cat":[1026],"product_tag":[1028],"class_list":{"0":"post-5426","1":"product","2":"type-product","3":"status-publish","4":"has-post-thumbnail","6":"product_cat-engrasadores","7":"product_tag-engrasador-neumatico","9":"first","10":"instock","11":"taxable","12":"shipping-taxable","13":"product-type-simple"},"_links":{"self":[{"href":"https:\/\/lidertecsa.com.ar\/catalogo\/wp-json\/wp\/v2\/product\/5426"}],"collection":[{"href":"https:\/\/lidertecsa.com.ar\/catalogo\/wp-json\/wp\/v2\/product"}],"about":[{"href":"https:\/\/lidertecsa.com.ar\/catalogo\/wp-json\/wp\/v2\/types\/product"}],"wp:featuredmedia":[{"embeddable":true,"href":"https:\/\/lidertecsa.com.ar\/catalogo\/wp-json\/wp\/v2\/media\/5427"}],"wp:attachment":[{"href":"https:\/\/lidertecsa.com.ar\/catalogo\/wp-json\/wp\/v2\/media?parent=5426"}],"wp:term":[{"taxonomy":"product_cat","embeddable":true,"href":"https:\/\/lidertecsa.com.ar\/catalogo\/wp-json\/wp\/v2\/product_cat?post=5426"},{"taxonomy":"product_tag","embeddable":true,"href":"https:\/\/lidertecsa.com.ar\/catalogo\/wp-json\/wp\/v2\/product_tag?post=5426"}],"curies":[{"name":"wp","href":"https:\/\/api.w.org\/{rel}","templated":true}]}}