{"id":5405,"date":"2023-10-11T13:59:39","date_gmt":"2023-10-11T16:59:39","guid":{"rendered":"https:\/\/lidertecsa.com.ar\/catalogo\/?post_type=product&#038;p=5405"},"modified":"2024-12-13T16:37:12","modified_gmt":"2024-12-13T19:37:12","slug":"engrasador-neumatico-por-pulso-10-kg","status":"publish","type":"product","link":"https:\/\/lidertecsa.com.ar\/catalogo\/producto\/engrasador-neumatico-por-pulso-10-kg\/","title":{"rendered":"Engrasador Neum\u00e1tico por Pulso &#8211; 10 Kg"},"content":{"rendered":"<h5>ENGRASADOR NEUM\u00c1TICO POR PULSO<\/h5>\n<h5>4 g por pulso<\/h5>\n<p>Port\u00e1til y Vers\u00e1til Lubricador para aplicaci\u00f3n de grasa de novedoso dise\u00f1o ergon\u00f3mico patentado. Fabricado en acero, con cabezal de aluminio, v\u00e1lvulas en bronce. Balde acabado en pintura al horno con prensa grasa en toda la l\u00ednea, asegurando un \u00f3ptimo aprovechamiento de la grasa en cualquier condici\u00f3n de uso, incluso con las grasas m\u00e1s viscosas, obteniendo considerable ventaja en tiempo y esfuerzo respecto a la l\u00ednea manual.Incluye manguera para Alta Presi\u00f3n de 1,5 m y pico aplicador de grasa con mordazas de agarre.<\/p>\n<p>Ideal para lubricaci\u00f3n de componentes de m\u00e1quinas agr\u00edcolas e industriales, autom\u00f3viles, camiones en ruta, talleres de reparaci\u00f3n y mantenimiento. Su exclusivo sistema patentado permite dosificar la grasa pudiendo regular exactamente la cantidad de lubricante aplicada sobre rodamientos y articulaciones, evitando derroche de grasa.<\/p>\n<p><strong>\u00daNICO<\/strong>\u00a0por su alto rendimiento. Un pulso (disparo de aire) equivale a 4g de grasa aplicada.<\/p>\n<p><strong>\u00daNICO<\/strong>\u00a0por ser aplicable a los circuitos de aire de camiones, cosechadoras y pulverizadoras, lo cual favorece el ahorro de energ\u00eda y permite un mejor aprovechamiento de la grasa evitando desperdicios.De esta manera, las tareas de lubricaci\u00f3n se pueden realizar en el propio lugar de trabajo.<\/p>\n<p><strong>\u00daNICO<\/strong>\u00a0por su dise\u00f1o ergon\u00f3mico patentado.<\/p>\n<p><b>CARACTER\u00cdSTICAS<\/b><\/p>\n<ul>\n<li>Relaci\u00f3n de Presi\u00f3n (grasa): 45:1<\/li>\n<li>Presi\u00f3n de Trabajo (aire): 3 a 8 bar (45 a 110 psi).<\/li>\n<li>Caudal de Grasa: 4 gramos por pulso<\/li>\n<li>Conexi\u00f3n de Entrada De Aire: 1\/4 bspt (gas)<\/li>\n<li>Conexi\u00f3n De Salida De Grasa: 1\/8 bspt (gas)<\/li>\n<\/ul>\n","protected":false},"excerpt":{"rendered":"<p><strong>\u00daNICO<\/strong>\u00a0por ser aplicable a los circuitos de aire de camiones, cosechadoras y pulverizadoras, lo cual favorece el ahorro de energ\u00eda y permite un mejor aprovechamiento de la grasa evitando desperdicios.De esta manera, las tareas de lubricaci\u00f3n se pueden realizar en el propio lugar de trabajo<\/p>\n","protected":false},"featured_media":5406,"template":"","meta":{"_joinchat":[]},"product_cat":[1026],"product_tag":[1028],"class_list":{"0":"post-5405","1":"product","2":"type-product","3":"status-publish","4":"has-post-thumbnail","6":"product_cat-engrasadores","7":"product_tag-engrasador-neumatico","9":"first","10":"instock","11":"taxable","12":"shipping-taxable","13":"product-type-simple"},"_links":{"self":[{"href":"https:\/\/lidertecsa.com.ar\/catalogo\/wp-json\/wp\/v2\/product\/5405"}],"collection":[{"href":"https:\/\/lidertecsa.com.ar\/catalogo\/wp-json\/wp\/v2\/product"}],"about":[{"href":"https:\/\/lidertecsa.com.ar\/catalogo\/wp-json\/wp\/v2\/types\/product"}],"wp:featuredmedia":[{"embeddable":true,"href":"https:\/\/lidertecsa.com.ar\/catalogo\/wp-json\/wp\/v2\/media\/5406"}],"wp:attachment":[{"href":"https:\/\/lidertecsa.com.ar\/catalogo\/wp-json\/wp\/v2\/media?parent=5405"}],"wp:term":[{"taxonomy":"product_cat","embeddable":true,"href":"https:\/\/lidertecsa.com.ar\/catalogo\/wp-json\/wp\/v2\/product_cat?post=5405"},{"taxonomy":"product_tag","embeddable":true,"href":"https:\/\/lidertecsa.com.ar\/catalogo\/wp-json\/wp\/v2\/product_tag?post=5405"}],"curies":[{"name":"wp","href":"https:\/\/api.w.org\/{rel}","templated":true}]}}