{"id":5399,"date":"2023-10-11T13:42:32","date_gmt":"2023-10-11T16:42:32","guid":{"rendered":"https:\/\/lidertecsa.com.ar\/catalogo\/?post_type=product&#038;p=5399"},"modified":"2024-12-13T16:37:10","modified_gmt":"2024-12-13T19:37:10","slug":"engrasador-portatil-de-1-kg","status":"publish","type":"product","link":"https:\/\/lidertecsa.com.ar\/catalogo\/producto\/engrasador-portatil-de-1-kg\/","title":{"rendered":"Engrasador Portatil de 1 Kg"},"content":{"rendered":"<p>\u00c9sta es nuestra l\u00ednea de engrasadores m\u00e1s port\u00e1tiles, con capacidades de 1 kg y cuerpo met\u00e1lico con moreteado antideslizante. Su fondo soldado al cuerpo del engrasador permite evitar derrames de lubricante, logrando de esta manera un trabajo en mejores condiciones de limpieza y ahorro.Se proveen con tubo aplicador de 150 mm de longitud y pico de aplique con mordazas (hidr\u00e1ulico) o de apoyo (zerk).<\/p>\n<p><strong>CARACTER\u00cdSTICAS<\/strong><\/p>\n<ul>\n<li>Presi\u00f3n de Grasa = 150 bar<\/li>\n<li>Presi\u00f3n de Grasa a la obturaci\u00f3n ejerciendo fuerza media \u2013 150 bar<\/li>\n<li>Caudal de Grasa = 2.5 gr. accionamiento de palanca. Permite dosificar contando n\u00famero de palancas ejercidas<\/li>\n<\/ul>\n","protected":false},"excerpt":{"rendered":"<p>Engrasador portatil de 1 kg<\/p>\n","protected":false},"featured_media":5400,"template":"","meta":{"_joinchat":[]},"product_cat":[1026],"product_tag":[1027],"class_list":{"0":"post-5399","1":"product","2":"type-product","3":"status-publish","4":"has-post-thumbnail","6":"product_cat-engrasadores","7":"product_tag-engrasador-manual","9":"first","10":"instock","11":"taxable","12":"shipping-taxable","13":"product-type-simple"},"_links":{"self":[{"href":"https:\/\/lidertecsa.com.ar\/catalogo\/wp-json\/wp\/v2\/product\/5399"}],"collection":[{"href":"https:\/\/lidertecsa.com.ar\/catalogo\/wp-json\/wp\/v2\/product"}],"about":[{"href":"https:\/\/lidertecsa.com.ar\/catalogo\/wp-json\/wp\/v2\/types\/product"}],"wp:featuredmedia":[{"embeddable":true,"href":"https:\/\/lidertecsa.com.ar\/catalogo\/wp-json\/wp\/v2\/media\/5400"}],"wp:attachment":[{"href":"https:\/\/lidertecsa.com.ar\/catalogo\/wp-json\/wp\/v2\/media?parent=5399"}],"wp:term":[{"taxonomy":"product_cat","embeddable":true,"href":"https:\/\/lidertecsa.com.ar\/catalogo\/wp-json\/wp\/v2\/product_cat?post=5399"},{"taxonomy":"product_tag","embeddable":true,"href":"https:\/\/lidertecsa.com.ar\/catalogo\/wp-json\/wp\/v2\/product_tag?post=5399"}],"curies":[{"name":"wp","href":"https:\/\/api.w.org\/{rel}","templated":true}]}}