{"id":5395,"date":"2023-10-11T13:33:55","date_gmt":"2023-10-11T16:33:55","guid":{"rendered":"https:\/\/lidertecsa.com.ar\/catalogo\/?post_type=product&#038;p=5395"},"modified":"2024-12-13T16:45:24","modified_gmt":"2024-12-13T19:45:24","slug":"engrasador-manual-de-20-kg-de-capacidad","status":"publish","type":"product","link":"https:\/\/lidertecsa.com.ar\/catalogo\/producto\/engrasador-manual-de-20-kg-de-capacidad\/","title":{"rendered":"Engrasador Manual de 20 Kg de Capacidad"},"content":{"rendered":"<p>Port\u00e1til y vers\u00e1til lubricador para aplicaci\u00f3n de grasa de f\u00e1cil manipulaci\u00f3n, transporte y almacenaje.Herramientas dise\u00f1adas pensadas en el usuario, sin bordes cortantes, de bajo impacto sobre las articulaciones y m\u00fasculos en el uso cotidiano.<\/p>\n<p>Fabricado en acero, con cabezal acero trefilado, y balde acabado en pintura al horno, color naranja para su f\u00e1cil identificaci\u00f3n en el \u00e1mbito de trabajo.<\/p>\n<p>Prensa-grasa en toda la l\u00ednea, asegurando un \u00f3ptimo aprovechamiento de la grasa en cualquier condici\u00f3n de uso.Ideal para lubricaci\u00f3n de componentes de m\u00e1quinas agr\u00edcolas e industriales, autom\u00f3viles, camiones en ruta, talleres de reparaci\u00f3n y mantenimiento.<\/p>\n<p><strong>CARACTER\u00cdSTICAS<\/strong><\/p>\n<ul>\n<li>Presi\u00f3n de Grasa = 200 bar<\/li>\n<li>Presi\u00f3n de Grasa a la obturaci\u00f3n ejerciendo fuerza media.<\/li>\n<li>Caudal de Grasa = 4 gr. accionamiento de palanca. Permite dosificar contando n\u00famero de palancas ejercidas.<\/li>\n<\/ul>\n","protected":false},"excerpt":{"rendered":"<p>Fabricado en acero, con cabezal acero trefilado, y balde acabado en pintura al horno, color naranja para su f\u00e1cil identificaci\u00f3n en el \u00e1mbito de trabajo.<br \/>\nCod: 01-0027 se provee con manguera de 1,2m de alta presi\u00f3n.<br \/>\nCod: 01-0028 se provee con maguera de ray\u00f3n de 1,2m.<\/p>\n","protected":false},"featured_media":5396,"template":"","meta":{"_joinchat":[]},"product_cat":[1026],"product_tag":[1027],"class_list":{"0":"post-5395","1":"product","2":"type-product","3":"status-publish","4":"has-post-thumbnail","6":"product_cat-engrasadores","7":"product_tag-engrasador-manual","9":"first","10":"instock","11":"taxable","12":"shipping-taxable","13":"product-type-variable"},"_links":{"self":[{"href":"https:\/\/lidertecsa.com.ar\/catalogo\/wp-json\/wp\/v2\/product\/5395"}],"collection":[{"href":"https:\/\/lidertecsa.com.ar\/catalogo\/wp-json\/wp\/v2\/product"}],"about":[{"href":"https:\/\/lidertecsa.com.ar\/catalogo\/wp-json\/wp\/v2\/types\/product"}],"wp:featuredmedia":[{"embeddable":true,"href":"https:\/\/lidertecsa.com.ar\/catalogo\/wp-json\/wp\/v2\/media\/5396"}],"wp:attachment":[{"href":"https:\/\/lidertecsa.com.ar\/catalogo\/wp-json\/wp\/v2\/media?parent=5395"}],"wp:term":[{"taxonomy":"product_cat","embeddable":true,"href":"https:\/\/lidertecsa.com.ar\/catalogo\/wp-json\/wp\/v2\/product_cat?post=5395"},{"taxonomy":"product_tag","embeddable":true,"href":"https:\/\/lidertecsa.com.ar\/catalogo\/wp-json\/wp\/v2\/product_tag?post=5395"}],"curies":[{"name":"wp","href":"https:\/\/api.w.org\/{rel}","templated":true}]}}