{"id":536,"date":"2023-06-17T18:14:04","date_gmt":"2023-06-17T21:14:04","guid":{"rendered":"https:\/\/lidertecsa.com.ar\/catalogo\/?post_type=product&#038;p=536"},"modified":"2024-12-13T16:30:37","modified_gmt":"2024-12-13T19:30:37","slug":"amoladora-angular-te-ag-115-720-w","status":"publish","type":"product","link":"https:\/\/lidertecsa.com.ar\/catalogo\/producto\/amoladora-angular-te-ag-115-720-w\/","title":{"rendered":"Amoladora angular TE-AG 115 DP &#8211; 750 W"},"content":{"rendered":"<p>Ya sea rectificando, alisando o eliminando \u00f3xido, la amoladora angular Einhell TC-AG 115\/750 es un popular todoterreno en el sitio de construcci\u00f3n de viviendas, tanto para ambiciosos aficionados al bricolaje como para artesanos aficionados. Los potentes 750 vatios de potencia aceleran el disco de corte, hasta 12.000 revoluciones por minuto. Se hizo gran hincapi\u00e9 en un alto nivel de seguridad del usuario gracias a la protecci\u00f3n del parabrisas especialmente dise\u00f1ada. La protecci\u00f3n de reinicio tambi\u00e9n es un aspecto importante para un trabajo seguro. El bloqueo del husillo permite cambios de herramientas f\u00e1ciles y convenientes. El mango adicional se puede montar en dos posiciones diferentes, ampliando as\u00ed la gama de aplicaciones y haciendo que el trabajo sea ergon\u00f3mico. El di\u00e1metro del disco es de 115 mil\u00edmetros. El disco de corte deseado est\u00e1 disponible por separado.<\/p>\n","protected":false},"excerpt":{"rendered":"<ul>\n<li class=\" meta\">Protecci\u00f3n del parabrisas para mayor seguridad del usuario<\/li>\n<li class=\" meta\">Bloqueo del husillo para un cambio de herramienta f\u00e1cil y conveniente<\/li>\n<li class=\" meta\">Cabezal de engranaje met\u00e1lico para un trabajo flexible<\/li>\n<li class=\" meta\">Protecci\u00f3n de reinicio para un trabajo seguro<\/li>\n<li class=\" meta\">El mango adicional se puede montar en 2 posiciones<\/li>\n<li class=\"meta\">Entrega sin disco de corte<\/li>\n<\/ul>\n","protected":false},"featured_media":542,"template":"","meta":{"_joinchat":[]},"product_cat":[181],"product_tag":[183],"class_list":{"0":"post-536","1":"product","2":"type-product","3":"status-publish","4":"has-post-thumbnail","6":"product_cat-herramientas-electricas","7":"product_tag-amoladora-angular","9":"first","10":"instock","11":"product-type-simple"},"_links":{"self":[{"href":"https:\/\/lidertecsa.com.ar\/catalogo\/wp-json\/wp\/v2\/product\/536"}],"collection":[{"href":"https:\/\/lidertecsa.com.ar\/catalogo\/wp-json\/wp\/v2\/product"}],"about":[{"href":"https:\/\/lidertecsa.com.ar\/catalogo\/wp-json\/wp\/v2\/types\/product"}],"wp:featuredmedia":[{"embeddable":true,"href":"https:\/\/lidertecsa.com.ar\/catalogo\/wp-json\/wp\/v2\/media\/542"}],"wp:attachment":[{"href":"https:\/\/lidertecsa.com.ar\/catalogo\/wp-json\/wp\/v2\/media?parent=536"}],"wp:term":[{"taxonomy":"product_cat","embeddable":true,"href":"https:\/\/lidertecsa.com.ar\/catalogo\/wp-json\/wp\/v2\/product_cat?post=536"},{"taxonomy":"product_tag","embeddable":true,"href":"https:\/\/lidertecsa.com.ar\/catalogo\/wp-json\/wp\/v2\/product_tag?post=536"}],"curies":[{"name":"wp","href":"https:\/\/api.w.org\/{rel}","templated":true}]}}