{"id":5316,"date":"2023-09-19T16:37:14","date_gmt":"2023-09-19T19:37:14","guid":{"rendered":"https:\/\/lidertecsa.com.ar\/catalogo\/?post_type=product&#038;p=5316"},"modified":"2024-12-13T16:37:07","modified_gmt":"2024-12-13T19:37:07","slug":"standocryl-voc-hs-clear-k9520","status":"publish","type":"product","link":"https:\/\/lidertecsa.com.ar\/catalogo\/producto\/standocryl-voc-hs-clear-k9520\/","title":{"rendered":"STANDOCRYL VOC HS CLEAR K9520"},"content":{"rendered":"<p><a href=\"https:\/\/lidertecsa.com.ar\/catalogo\/wp-content\/uploads\/2023\/09\/Hoja-Tecnica-BARNIZ-2K-HS-K9520.pdf\">Hoja T\u00e9cnica BARNIZ 2K HS K9520<\/a><\/p>\n","protected":false},"excerpt":{"rendered":"<p>Standocryl VOC HS Clear K9520 es el barniz con mayor contenido de s\u00f3lidos y significativamente reducido contenido de disolventes. Nuestro barniz cl\u00e1sico se caracteriza por su alta cubrici\u00f3n, excelente acabado y dureza de la superficie. Standocryl VOC HS Clear K9520 es muy adecuado para trabajos de repintado y acabados brillantes, y cumple la legislaci\u00f3n medioambiental.<\/p>\n","protected":false},"featured_media":5318,"template":"","meta":{"_joinchat":[]},"product_cat":[15],"product_tag":[1005],"class_list":{"0":"post-5316","1":"product","2":"type-product","3":"status-publish","4":"has-post-thumbnail","6":"product_cat-sin-par","7":"product_tag-barniz","9":"first","10":"instock","11":"taxable","12":"shipping-taxable","13":"product-type-simple"},"_links":{"self":[{"href":"https:\/\/lidertecsa.com.ar\/catalogo\/wp-json\/wp\/v2\/product\/5316"}],"collection":[{"href":"https:\/\/lidertecsa.com.ar\/catalogo\/wp-json\/wp\/v2\/product"}],"about":[{"href":"https:\/\/lidertecsa.com.ar\/catalogo\/wp-json\/wp\/v2\/types\/product"}],"wp:featuredmedia":[{"embeddable":true,"href":"https:\/\/lidertecsa.com.ar\/catalogo\/wp-json\/wp\/v2\/media\/5318"}],"wp:attachment":[{"href":"https:\/\/lidertecsa.com.ar\/catalogo\/wp-json\/wp\/v2\/media?parent=5316"}],"wp:term":[{"taxonomy":"product_cat","embeddable":true,"href":"https:\/\/lidertecsa.com.ar\/catalogo\/wp-json\/wp\/v2\/product_cat?post=5316"},{"taxonomy":"product_tag","embeddable":true,"href":"https:\/\/lidertecsa.com.ar\/catalogo\/wp-json\/wp\/v2\/product_tag?post=5316"}],"curies":[{"name":"wp","href":"https:\/\/api.w.org\/{rel}","templated":true}]}}