{"id":5313,"date":"2023-09-19T16:34:38","date_gmt":"2023-09-19T19:34:38","guid":{"rendered":"https:\/\/lidertecsa.com.ar\/catalogo\/?post_type=product&#038;p=5313"},"modified":"2024-12-13T16:37:06","modified_gmt":"2024-12-13T19:37:06","slug":"standocryl-voc-premium-clear-k9540","status":"publish","type":"product","link":"https:\/\/lidertecsa.com.ar\/catalogo\/producto\/standocryl-voc-premium-clear-k9540\/","title":{"rendered":"STANDOCRYL VOC PREMIUM CLEAR K9540"},"content":{"rendered":"<p><a href=\"https:\/\/lidertecsa.com.ar\/catalogo\/wp-content\/uploads\/2023\/09\/Hoja-Tecnica-BARNIZ-EXPRESS-PREMIUM-K9540.pdf\">Hoja T\u00e9cnica BARNIZ EXPRESS PREMIUM K9540<\/a><\/p>\n","protected":false},"excerpt":{"rendered":"<p>Standocryl VOC Premium Clear K9540 es un barniz de altos s\u00f3lidos, de aplicaci\u00f3n f\u00e1cil y segura y de secado r\u00e1pido. Esto le otorga una peque\u00f1a ventaja con respecto a los anteriores barnices de altos s\u00f3lidos. Es compatible con los endurecedores HS de Standox, as\u00ed como con los endurecedores VOC, y est\u00e1 listo para aplicar inmediatamente. Este vers\u00e1til barniz cumple la legislaci\u00f3n VOC y es respetuoso con el medio ambiente, rentable y f\u00e1cil de usar. Proporciona el toque final al veh\u00edculo con un brillo intenso, protegiendo la superficie.<\/p>\n","protected":false},"featured_media":5315,"template":"","meta":{"_joinchat":[]},"product_cat":[15],"product_tag":[1005],"class_list":{"0":"post-5313","1":"product","2":"type-product","3":"status-publish","4":"has-post-thumbnail","6":"product_cat-sin-par","7":"product_tag-barniz","9":"first","10":"instock","11":"taxable","12":"shipping-taxable","13":"product-type-simple"},"_links":{"self":[{"href":"https:\/\/lidertecsa.com.ar\/catalogo\/wp-json\/wp\/v2\/product\/5313"}],"collection":[{"href":"https:\/\/lidertecsa.com.ar\/catalogo\/wp-json\/wp\/v2\/product"}],"about":[{"href":"https:\/\/lidertecsa.com.ar\/catalogo\/wp-json\/wp\/v2\/types\/product"}],"wp:featuredmedia":[{"embeddable":true,"href":"https:\/\/lidertecsa.com.ar\/catalogo\/wp-json\/wp\/v2\/media\/5315"}],"wp:attachment":[{"href":"https:\/\/lidertecsa.com.ar\/catalogo\/wp-json\/wp\/v2\/media?parent=5313"}],"wp:term":[{"taxonomy":"product_cat","embeddable":true,"href":"https:\/\/lidertecsa.com.ar\/catalogo\/wp-json\/wp\/v2\/product_cat?post=5313"},{"taxonomy":"product_tag","embeddable":true,"href":"https:\/\/lidertecsa.com.ar\/catalogo\/wp-json\/wp\/v2\/product_tag?post=5313"}],"curies":[{"name":"wp","href":"https:\/\/api.w.org\/{rel}","templated":true}]}}