{"id":5306,"date":"2023-09-19T16:29:11","date_gmt":"2023-09-19T19:29:11","guid":{"rendered":"https:\/\/lidertecsa.com.ar\/catalogo\/?post_type=product&#038;p=5306"},"modified":"2024-12-13T16:37:06","modified_gmt":"2024-12-13T19:37:06","slug":"standocryl-voc-platinum-clear-k9570","status":"publish","type":"product","link":"https:\/\/lidertecsa.com.ar\/catalogo\/producto\/standocryl-voc-platinum-clear-k9570\/","title":{"rendered":"STANDOCRYL VOC PLATINUM CLEAR K9570"},"content":{"rendered":"<p><a href=\"https:\/\/lidertecsa.com.ar\/catalogo\/wp-content\/uploads\/2023\/09\/Hoja-Tecnica-STANDOCRYL-VOC-PLATINUM-K9570.pdf\">Hoja T\u00e9cnica STANDOCRYL VOC PLATINUM K9570<\/a><\/p>\n","protected":false},"excerpt":{"rendered":"<p>Standox EP Primer Surfacer U7200 es un aparejo imprimaci\u00f3n universal de base epoxi, libre de cromatos, que proporciona protecci\u00f3n anticorrosiva a los substratos de acero y acero galvanizado. Se puede almacenar durante mucho tiempo. Ofrece un buen aislamiento de los substratos termopl\u00e1sticos y tambi\u00e9n est\u00e1 disponible en spray para aplicar en peque\u00f1os descubiertos del lijado o para reparar peque\u00f1os da\u00f1os. El acabado es comparable al conseguido con una pistola HVLP.<\/p>\n","protected":false},"featured_media":5308,"template":"","meta":{"_joinchat":[]},"product_cat":[15],"product_tag":[1005],"class_list":{"0":"post-5306","1":"product","2":"type-product","3":"status-publish","4":"has-post-thumbnail","6":"product_cat-sin-par","7":"product_tag-barniz","9":"first","10":"instock","11":"taxable","12":"shipping-taxable","13":"product-type-simple"},"_links":{"self":[{"href":"https:\/\/lidertecsa.com.ar\/catalogo\/wp-json\/wp\/v2\/product\/5306"}],"collection":[{"href":"https:\/\/lidertecsa.com.ar\/catalogo\/wp-json\/wp\/v2\/product"}],"about":[{"href":"https:\/\/lidertecsa.com.ar\/catalogo\/wp-json\/wp\/v2\/types\/product"}],"wp:featuredmedia":[{"embeddable":true,"href":"https:\/\/lidertecsa.com.ar\/catalogo\/wp-json\/wp\/v2\/media\/5308"}],"wp:attachment":[{"href":"https:\/\/lidertecsa.com.ar\/catalogo\/wp-json\/wp\/v2\/media?parent=5306"}],"wp:term":[{"taxonomy":"product_cat","embeddable":true,"href":"https:\/\/lidertecsa.com.ar\/catalogo\/wp-json\/wp\/v2\/product_cat?post=5306"},{"taxonomy":"product_tag","embeddable":true,"href":"https:\/\/lidertecsa.com.ar\/catalogo\/wp-json\/wp\/v2\/product_tag?post=5306"}],"curies":[{"name":"wp","href":"https:\/\/api.w.org\/{rel}","templated":true}]}}