{"id":5291,"date":"2023-09-19T16:04:15","date_gmt":"2023-09-19T19:04:15","guid":{"rendered":"https:\/\/lidertecsa.com.ar\/catalogo\/?post_type=product&#038;p=5291"},"modified":"2024-12-13T16:37:06","modified_gmt":"2024-12-13T19:37:06","slug":"standox-voc-nonstop-primer-surfacer-gris-u7580","status":"publish","type":"product","link":"https:\/\/lidertecsa.com.ar\/catalogo\/producto\/standox-voc-nonstop-primer-surfacer-gris-u7580\/","title":{"rendered":"STANDOX VOC NONSTOP PRIMER SURFACER (gris) U7580"},"content":{"rendered":"<p><a href=\"https:\/\/lidertecsa.com.ar\/catalogo\/wp-content\/uploads\/2023\/09\/Hoja-Tecnica-PRIMARIO-VOC-NON-STOP-NEGRO-U7580.pdf\">Hoja T\u00e9cnica PRIMARIO VOC NON STOP GRIS U7580<\/a><\/p>\n","protected":false},"excerpt":{"rendered":"<p>La imprimaci\u00f3n aparejo Standox VOC Nonstop Primer Surfacer U7580 (Gris claro) se caracteriza por una muy buena adherencia y propiedades anticorrosivas. Se basa en el \u00e9xito de la imprimaci\u00f3n aparejo VOC Nonstop Primer Filler U7550, de eficacia demostrada, y como \u00e9l se puede aplicar directamente sobre substratos de acero y aluminio en el repintado de turismos. En combinaci\u00f3n con el aditivo para pl\u00e1sticos Standox VOC Plastic Additive U7590, se puede usar para repintar los substratos pl\u00e1sticos utilizados m\u00e1s habitualmente en los veh\u00edculos. Con un solo producto es posible imprimar y recubrir diferentes tipos de substratos de manera econ\u00f3mica usando un proceso de aplicaci\u00f3n h\u00famedo sobre h\u00famedo.<\/p>\n","protected":false},"featured_media":5292,"template":"","meta":{"_joinchat":[]},"product_cat":[15],"product_tag":[1019],"class_list":{"0":"post-5291","1":"product","2":"type-product","3":"status-publish","4":"has-post-thumbnail","6":"product_cat-sin-par","7":"product_tag-primer","9":"first","10":"instock","11":"taxable","12":"shipping-taxable","13":"product-type-simple"},"_links":{"self":[{"href":"https:\/\/lidertecsa.com.ar\/catalogo\/wp-json\/wp\/v2\/product\/5291"}],"collection":[{"href":"https:\/\/lidertecsa.com.ar\/catalogo\/wp-json\/wp\/v2\/product"}],"about":[{"href":"https:\/\/lidertecsa.com.ar\/catalogo\/wp-json\/wp\/v2\/types\/product"}],"wp:featuredmedia":[{"embeddable":true,"href":"https:\/\/lidertecsa.com.ar\/catalogo\/wp-json\/wp\/v2\/media\/5292"}],"wp:attachment":[{"href":"https:\/\/lidertecsa.com.ar\/catalogo\/wp-json\/wp\/v2\/media?parent=5291"}],"wp:term":[{"taxonomy":"product_cat","embeddable":true,"href":"https:\/\/lidertecsa.com.ar\/catalogo\/wp-json\/wp\/v2\/product_cat?post=5291"},{"taxonomy":"product_tag","embeddable":true,"href":"https:\/\/lidertecsa.com.ar\/catalogo\/wp-json\/wp\/v2\/product_tag?post=5291"}],"curies":[{"name":"wp","href":"https:\/\/api.w.org\/{rel}","templated":true}]}}