{"id":529,"date":"2023-06-17T17:48:06","date_gmt":"2023-06-17T20:48:06","guid":{"rendered":"https:\/\/lidertecsa.com.ar\/catalogo\/?post_type=product&#038;p=529"},"modified":"2026-02-04T13:21:10","modified_gmt":"2026-02-04T16:21:10","slug":"siloc-epoxi-en-pasta-para-bachas","status":"publish","type":"product","link":"https:\/\/lidertecsa.com.ar\/catalogo\/producto\/siloc-epoxi-en-pasta-para-bachas\/","title":{"rendered":"SILOC &#8211; Epoxi en Pasta para Bachas x 150g"},"content":{"rendered":"<h2>Epoxi en Pasta para Bachas y Sanitarios- Adhesivo Epoxi 2 componentes.<\/h2>\n<p>Adhesivo epoxi de dos componentes. Adhiere, rellena, repara y reconstruye pr\u00e1cticamente todos los materiales: m\u00e1rmoles, metales, cer\u00e1micas, granito, vidrio y pl\u00e1sticos. S\u00faper fuerte. M\u00e1xima resistencia a ambientes agresivos y productos qu\u00edmicos (aguas, solventes, \u00e1cidos, etc.) Una vez curado se puede limar, lijar, taladrar y pintar. Indicado para el pegado de bachas, vanitoris, accesorios (toalleros, jaboneras, etc.) relleno y reconstrucci\u00f3n de partes de artefactos, pegado de molduras.<\/p>\n<ul class=\"ficha\">\n<li>Usos:\u00a0Pegado de bachas, vanitoris, accesorios (toalleros, jaboneras, etc.) relleno y reconstrucci\u00f3n de partes de artefactos. Pegado de molduras.<\/li>\n<\/ul>\n","protected":false},"excerpt":{"rendered":"<h2>Epoxi en Pasta para Bachas y Sanitarios- Adhesivo Epoxi 2 componentes.<\/h2>\n<p>&nbsp;<\/p>\n","protected":false},"featured_media":530,"template":"","meta":{"_joinchat":[]},"product_cat":[158],"product_tag":[64],"class_list":{"0":"post-529","1":"product","2":"type-product","3":"status-publish","4":"has-post-thumbnail","6":"product_cat-siloc","7":"product_tag-epoxi-2-componentes","9":"first","10":"instock","11":"taxable","12":"shipping-taxable","13":"product-type-simple"},"_links":{"self":[{"href":"https:\/\/lidertecsa.com.ar\/catalogo\/wp-json\/wp\/v2\/product\/529"}],"collection":[{"href":"https:\/\/lidertecsa.com.ar\/catalogo\/wp-json\/wp\/v2\/product"}],"about":[{"href":"https:\/\/lidertecsa.com.ar\/catalogo\/wp-json\/wp\/v2\/types\/product"}],"wp:featuredmedia":[{"embeddable":true,"href":"https:\/\/lidertecsa.com.ar\/catalogo\/wp-json\/wp\/v2\/media\/530"}],"wp:attachment":[{"href":"https:\/\/lidertecsa.com.ar\/catalogo\/wp-json\/wp\/v2\/media?parent=529"}],"wp:term":[{"taxonomy":"product_cat","embeddable":true,"href":"https:\/\/lidertecsa.com.ar\/catalogo\/wp-json\/wp\/v2\/product_cat?post=529"},{"taxonomy":"product_tag","embeddable":true,"href":"https:\/\/lidertecsa.com.ar\/catalogo\/wp-json\/wp\/v2\/product_tag?post=529"}],"curies":[{"name":"wp","href":"https:\/\/api.w.org\/{rel}","templated":true}]}}