{"id":5278,"date":"2023-09-18T16:45:05","date_gmt":"2023-09-18T19:45:05","guid":{"rendered":"https:\/\/lidertecsa.com.ar\/catalogo\/?post_type=product&#038;p=5278"},"modified":"2024-12-13T16:37:05","modified_gmt":"2024-12-13T19:37:05","slug":"standoflex-palastic-primer-u3060","status":"publish","type":"product","link":"https:\/\/lidertecsa.com.ar\/catalogo\/producto\/standoflex-palastic-primer-u3060\/","title":{"rendered":"STANDOFLEX PALASTIC PRIMER U3060"},"content":{"rendered":"<p><a href=\"https:\/\/lidertecsa.com.ar\/catalogo\/wp-content\/uploads\/2023\/09\/Hoja-Tecnica-IMPRIMACION-PARA-PLASTICOS-U3060.pdf\">Hoja T\u00e9cnica IMPRIMACI\u00d3N PARA PL\u00c1STICOS U3060<\/a><\/p>\n","protected":false},"excerpt":{"rendered":"<p>Standoflex Plastic Primer U3060 es una imprimaci\u00f3n 1K para aplicaciones de tres pasos en piezas pl\u00e1sticas. Es f\u00e1cil de usar y ofrece buena adherencia sobre las piezas pl\u00e1sticas m\u00e1s habituales del exterior del autom\u00f3vil.<\/p>\n<p>&nbsp;<\/p>\n","protected":false},"featured_media":5280,"template":"","meta":{"_joinchat":[]},"product_cat":[15],"product_tag":[1011,1012],"class_list":{"0":"post-5278","1":"product","2":"type-product","3":"status-publish","4":"has-post-thumbnail","6":"product_cat-sin-par","7":"product_tag-diluyente","8":"product_tag-imprimacion-para-plasticos","10":"first","11":"instock","12":"taxable","13":"shipping-taxable","14":"product-type-simple"},"_links":{"self":[{"href":"https:\/\/lidertecsa.com.ar\/catalogo\/wp-json\/wp\/v2\/product\/5278"}],"collection":[{"href":"https:\/\/lidertecsa.com.ar\/catalogo\/wp-json\/wp\/v2\/product"}],"about":[{"href":"https:\/\/lidertecsa.com.ar\/catalogo\/wp-json\/wp\/v2\/types\/product"}],"wp:featuredmedia":[{"embeddable":true,"href":"https:\/\/lidertecsa.com.ar\/catalogo\/wp-json\/wp\/v2\/media\/5280"}],"wp:attachment":[{"href":"https:\/\/lidertecsa.com.ar\/catalogo\/wp-json\/wp\/v2\/media?parent=5278"}],"wp:term":[{"taxonomy":"product_cat","embeddable":true,"href":"https:\/\/lidertecsa.com.ar\/catalogo\/wp-json\/wp\/v2\/product_cat?post=5278"},{"taxonomy":"product_tag","embeddable":true,"href":"https:\/\/lidertecsa.com.ar\/catalogo\/wp-json\/wp\/v2\/product_tag?post=5278"}],"curies":[{"name":"wp","href":"https:\/\/api.w.org\/{rel}","templated":true}]}}