{"id":527,"date":"2023-06-17T17:46:34","date_gmt":"2023-06-17T20:46:34","guid":{"rendered":"https:\/\/lidertecsa.com.ar\/catalogo\/?post_type=product&#038;p=527"},"modified":"2026-02-04T13:21:40","modified_gmt":"2026-02-04T16:21:40","slug":"siloc-epoxi-acero-en-pasta","status":"publish","type":"product","link":"https:\/\/lidertecsa.com.ar\/catalogo\/producto\/siloc-epoxi-acero-en-pasta\/","title":{"rendered":"SILOC &#8211; Epoxi Acero en Pasta x 200g"},"content":{"rendered":"<h2>Epoxi Acero en Pasta- Adhesivo Epoxi 2 componentes<\/h2>\n<p>Adhesivo epoxi de 2 componentes. Su f\u00f3rmula con acero en polvo y minerales lo hacen s\u00faper fuerte y proporciona m\u00e1xima adhesi\u00f3n en aplicaciones exigidas. Adhiere, rellena y reconstruye casi todos los materiales: metales, aleaciones, m\u00e1rmoles, granito, vidrio, loza, fibrocemento, maderas, muchos pl\u00e1sticos, etc. Indicado para fijaci\u00f3n de metales en mamposter\u00eda, barrales de escaleras, cercos perimetrales, rejas. Colocaci\u00f3n de puntas de flechas, apliques y adornos en rejas. Fijaci\u00f3n de escaleras en piscinas.<\/p>\n","protected":false},"excerpt":{"rendered":"<h2>Epoxi Acero en Pasta- Adhesivo Epoxi 2 componentes<\/h2>\n<p>&nbsp;<\/p>\n","protected":false},"featured_media":528,"template":"","meta":{"_joinchat":[]},"product_cat":[158],"product_tag":[180],"class_list":{"0":"post-527","1":"product","2":"type-product","3":"status-publish","4":"has-post-thumbnail","6":"product_cat-siloc","7":"product_tag-epoxi-acero","9":"first","10":"instock","11":"taxable","12":"shipping-taxable","13":"product-type-simple"},"_links":{"self":[{"href":"https:\/\/lidertecsa.com.ar\/catalogo\/wp-json\/wp\/v2\/product\/527"}],"collection":[{"href":"https:\/\/lidertecsa.com.ar\/catalogo\/wp-json\/wp\/v2\/product"}],"about":[{"href":"https:\/\/lidertecsa.com.ar\/catalogo\/wp-json\/wp\/v2\/types\/product"}],"wp:featuredmedia":[{"embeddable":true,"href":"https:\/\/lidertecsa.com.ar\/catalogo\/wp-json\/wp\/v2\/media\/528"}],"wp:attachment":[{"href":"https:\/\/lidertecsa.com.ar\/catalogo\/wp-json\/wp\/v2\/media?parent=527"}],"wp:term":[{"taxonomy":"product_cat","embeddable":true,"href":"https:\/\/lidertecsa.com.ar\/catalogo\/wp-json\/wp\/v2\/product_cat?post=527"},{"taxonomy":"product_tag","embeddable":true,"href":"https:\/\/lidertecsa.com.ar\/catalogo\/wp-json\/wp\/v2\/product_tag?post=527"}],"curies":[{"name":"wp","href":"https:\/\/api.w.org\/{rel}","templated":true}]}}