{"id":5267,"date":"2023-09-18T16:04:44","date_gmt":"2023-09-18T19:04:44","guid":{"rendered":"https:\/\/lidertecsa.com.ar\/catalogo\/?post_type=product&#038;p=5267"},"modified":"2024-12-13T16:37:05","modified_gmt":"2024-12-13T19:37:05","slug":"tinte-para-capa-intermedia-chromasystem-wx1740","status":"publish","type":"product","link":"https:\/\/lidertecsa.com.ar\/catalogo\/producto\/tinte-para-capa-intermedia-chromasystem-wx1740\/","title":{"rendered":"TINTE PARA CAPA INTERMEDIA CHROMASYSTEM\u00ae WX1740"},"content":{"rendered":"<p><a href=\"https:\/\/lidertecsa.com.ar\/catalogo\/wp-content\/uploads\/2023\/09\/HojaTecnicaTinteCromax-1.pdf\">HojaT\u00e9cnicaTinteCromax<\/a><\/p>\n","protected":false},"excerpt":{"rendered":"<p>Las capas medias ChromaSystem\u00ae se necesitan para reproducir algunos de los<br \/>\ncolores de fabricantes de equipos originales (OEM, por sus siglas en ingl\u00e9s) en los veh\u00edculos de pasajeros. Se aplican en combinaci\u00f3n con los colores de base<br \/>\ncolor ChromaSystem\u00ae y luego se les aplica transparente para conseguir un<br \/>\nacabado duradero.<\/p>\n","protected":false},"featured_media":5269,"template":"","meta":{"_joinchat":[]},"product_cat":[15],"product_tag":[1008],"class_list":{"0":"post-5267","1":"product","2":"type-product","3":"status-publish","4":"has-post-thumbnail","6":"product_cat-sin-par","7":"product_tag-tinte","9":"first","10":"instock","11":"taxable","12":"shipping-taxable","13":"product-type-simple"},"_links":{"self":[{"href":"https:\/\/lidertecsa.com.ar\/catalogo\/wp-json\/wp\/v2\/product\/5267"}],"collection":[{"href":"https:\/\/lidertecsa.com.ar\/catalogo\/wp-json\/wp\/v2\/product"}],"about":[{"href":"https:\/\/lidertecsa.com.ar\/catalogo\/wp-json\/wp\/v2\/types\/product"}],"wp:featuredmedia":[{"embeddable":true,"href":"https:\/\/lidertecsa.com.ar\/catalogo\/wp-json\/wp\/v2\/media\/5269"}],"wp:attachment":[{"href":"https:\/\/lidertecsa.com.ar\/catalogo\/wp-json\/wp\/v2\/media?parent=5267"}],"wp:term":[{"taxonomy":"product_cat","embeddable":true,"href":"https:\/\/lidertecsa.com.ar\/catalogo\/wp-json\/wp\/v2\/product_cat?post=5267"},{"taxonomy":"product_tag","embeddable":true,"href":"https:\/\/lidertecsa.com.ar\/catalogo\/wp-json\/wp\/v2\/product_tag?post=5267"}],"curies":[{"name":"wp","href":"https:\/\/api.w.org\/{rel}","templated":true}]}}