{"id":5261,"date":"2023-09-18T15:56:30","date_gmt":"2023-09-18T18:56:30","guid":{"rendered":"https:\/\/lidertecsa.com.ar\/catalogo\/?post_type=product&#038;p=5261"},"modified":"2024-12-13T16:37:04","modified_gmt":"2024-12-13T19:37:04","slug":"base-color-chromapremier","status":"publish","type":"product","link":"https:\/\/lidertecsa.com.ar\/catalogo\/producto\/base-color-chromapremier\/","title":{"rendered":"Base Color ChromaPremier\u00ae"},"content":{"rendered":"<p><a href=\"https:\/\/lidertecsa.com.ar\/catalogo\/wp-content\/uploads\/2023\/09\/HT-Base-Color-Chromapremier.pdf\">HT Base Color Chromapremier<\/a><\/p>\n","protected":false},"excerpt":{"rendered":"<p>La base color ChromaPremier\u00ae es una base color de alto de desempe\u00f1o, de secado r\u00e1pido catalizada, que brinda un nuevo nivel de productividad a las reparaciones de \u00e1reas peque\u00f1as, paneles completos o repintados generales con calidad Premium. La base color ChromaPremier\u00ae es de alto cubriente, deja apariencia tersa, con aplicaci\u00f3n libre de problemas y con excelente acomodo de los pigmentos met\u00e1licos. Permite obtener acabados con apariencia superior en cualquier tipo de color: s\u00f3lidos, met\u00e1licos y perlados.<\/p>\n","protected":false},"featured_media":5263,"template":"","meta":{"_joinchat":[]},"product_cat":[15],"product_tag":[1007],"class_list":{"0":"post-5261","1":"product","2":"type-product","3":"status-publish","4":"has-post-thumbnail","6":"product_cat-sin-par","7":"product_tag-base-color","9":"first","10":"instock","11":"taxable","12":"shipping-taxable","13":"product-type-simple"},"_links":{"self":[{"href":"https:\/\/lidertecsa.com.ar\/catalogo\/wp-json\/wp\/v2\/product\/5261"}],"collection":[{"href":"https:\/\/lidertecsa.com.ar\/catalogo\/wp-json\/wp\/v2\/product"}],"about":[{"href":"https:\/\/lidertecsa.com.ar\/catalogo\/wp-json\/wp\/v2\/types\/product"}],"wp:featuredmedia":[{"embeddable":true,"href":"https:\/\/lidertecsa.com.ar\/catalogo\/wp-json\/wp\/v2\/media\/5263"}],"wp:attachment":[{"href":"https:\/\/lidertecsa.com.ar\/catalogo\/wp-json\/wp\/v2\/media?parent=5261"}],"wp:term":[{"taxonomy":"product_cat","embeddable":true,"href":"https:\/\/lidertecsa.com.ar\/catalogo\/wp-json\/wp\/v2\/product_cat?post=5261"},{"taxonomy":"product_tag","embeddable":true,"href":"https:\/\/lidertecsa.com.ar\/catalogo\/wp-json\/wp\/v2\/product_tag?post=5261"}],"curies":[{"name":"wp","href":"https:\/\/api.w.org\/{rel}","templated":true}]}}