{"id":5258,"date":"2023-09-18T15:54:04","date_gmt":"2023-09-18T18:54:04","guid":{"rendered":"https:\/\/lidertecsa.com.ar\/catalogo\/?post_type=product&#038;p=5258"},"modified":"2024-12-13T16:37:04","modified_gmt":"2024-12-13T19:37:04","slug":"base-color-chromabase","status":"publish","type":"product","link":"https:\/\/lidertecsa.com.ar\/catalogo\/producto\/base-color-chromabase\/","title":{"rendered":"Base Color ChromaBase"},"content":{"rendered":"<p><a href=\"https:\/\/lidertecsa.com.ar\/catalogo\/wp-content\/uploads\/2023\/09\/HT-Base-Color-ChromaBase.pdf\">HT Base Color ChromaBase<\/a><\/p>\n","protected":false},"excerpt":{"rendered":"<p>La base color ChromaBase es una base color de gran facilidad de uso, provee alta calidad combinada con alta productividad. Ideal para recuperaciones peque\u00f1as, paneles completos y pinturas generales. Disponible en la gama m\u00e1s amplia de colores s\u00f3lidos, met\u00e1licos, aperlados y con efectos especiales. Se utilice con dos veh\u00edculos y los tintes de la l\u00ednea Mastertint.<\/p>\n","protected":false},"featured_media":5260,"template":"","meta":{"_joinchat":[]},"product_cat":[15],"product_tag":[1007],"class_list":{"0":"post-5258","1":"product","2":"type-product","3":"status-publish","4":"has-post-thumbnail","6":"product_cat-sin-par","7":"product_tag-base-color","9":"first","10":"instock","11":"taxable","12":"shipping-taxable","13":"product-type-simple"},"_links":{"self":[{"href":"https:\/\/lidertecsa.com.ar\/catalogo\/wp-json\/wp\/v2\/product\/5258"}],"collection":[{"href":"https:\/\/lidertecsa.com.ar\/catalogo\/wp-json\/wp\/v2\/product"}],"about":[{"href":"https:\/\/lidertecsa.com.ar\/catalogo\/wp-json\/wp\/v2\/types\/product"}],"wp:featuredmedia":[{"embeddable":true,"href":"https:\/\/lidertecsa.com.ar\/catalogo\/wp-json\/wp\/v2\/media\/5260"}],"wp:attachment":[{"href":"https:\/\/lidertecsa.com.ar\/catalogo\/wp-json\/wp\/v2\/media?parent=5258"}],"wp:term":[{"taxonomy":"product_cat","embeddable":true,"href":"https:\/\/lidertecsa.com.ar\/catalogo\/wp-json\/wp\/v2\/product_cat?post=5258"},{"taxonomy":"product_tag","embeddable":true,"href":"https:\/\/lidertecsa.com.ar\/catalogo\/wp-json\/wp\/v2\/product_tag?post=5258"}],"curies":[{"name":"wp","href":"https:\/\/api.w.org\/{rel}","templated":true}]}}