{"id":5246,"date":"2023-09-18T15:37:32","date_gmt":"2023-09-18T18:37:32","guid":{"rendered":"https:\/\/lidertecsa.com.ar\/catalogo\/?post_type=product&#038;p=5246"},"modified":"2024-12-13T16:37:04","modified_gmt":"2024-12-13T19:37:04","slug":"transparente-chromapremier-pro-express","status":"publish","type":"product","link":"https:\/\/lidertecsa.com.ar\/catalogo\/producto\/transparente-chromapremier-pro-express\/","title":{"rendered":"TRANSPARENTE CHROMAPREMIER\u00ae  PRO EXPRESS"},"content":{"rendered":"<p><a href=\"https:\/\/lidertecsa.com.ar\/catalogo\/wp-content\/uploads\/2023\/09\/HojaTecnicaTransparente74700S.pdf\">HojaT\u00e9cnicaTransparente74700S<\/a><\/p>\n","protected":false},"excerpt":{"rendered":"<p>Es una transparente premium productiva express de poliuretano de tres<br \/>\ncomponentes, para uso en peque\u00f1as reparaciones, paneles completos y<br \/>\nreparaciones generales de acabados OEM. Est\u00e1 dise\u00f1ada para aumentar la<br \/>\nproductividad, maximizando el rendimiento y permitiendo la entrega inmediata del veh\u00edculo. El ahorro de energ\u00eda puede realizarse por el horneo r\u00e1pido de la transparente o el r\u00e1pido secado al aire.<\/p>\n","protected":false},"featured_media":5248,"template":"","meta":{"_joinchat":[]},"product_cat":[15],"product_tag":[1019],"class_list":{"0":"post-5246","1":"product","2":"type-product","3":"status-publish","4":"has-post-thumbnail","6":"product_cat-sin-par","7":"product_tag-primer","9":"first","10":"instock","11":"taxable","12":"shipping-taxable","13":"product-type-simple"},"_links":{"self":[{"href":"https:\/\/lidertecsa.com.ar\/catalogo\/wp-json\/wp\/v2\/product\/5246"}],"collection":[{"href":"https:\/\/lidertecsa.com.ar\/catalogo\/wp-json\/wp\/v2\/product"}],"about":[{"href":"https:\/\/lidertecsa.com.ar\/catalogo\/wp-json\/wp\/v2\/types\/product"}],"wp:featuredmedia":[{"embeddable":true,"href":"https:\/\/lidertecsa.com.ar\/catalogo\/wp-json\/wp\/v2\/media\/5248"}],"wp:attachment":[{"href":"https:\/\/lidertecsa.com.ar\/catalogo\/wp-json\/wp\/v2\/media?parent=5246"}],"wp:term":[{"taxonomy":"product_cat","embeddable":true,"href":"https:\/\/lidertecsa.com.ar\/catalogo\/wp-json\/wp\/v2\/product_cat?post=5246"},{"taxonomy":"product_tag","embeddable":true,"href":"https:\/\/lidertecsa.com.ar\/catalogo\/wp-json\/wp\/v2\/product_tag?post=5246"}],"curies":[{"name":"wp","href":"https:\/\/api.w.org\/{rel}","templated":true}]}}