{"id":523,"date":"2023-06-17T17:36:15","date_gmt":"2023-06-17T20:36:15","guid":{"rendered":"https:\/\/lidertecsa.com.ar\/catalogo\/?post_type=product&#038;p=523"},"modified":"2026-02-04T13:45:20","modified_gmt":"2026-02-04T16:45:20","slug":"permatex-kit-reparador-para-espejos-retrovisores","status":"publish","type":"product","link":"https:\/\/lidertecsa.com.ar\/catalogo\/producto\/permatex-kit-reparador-para-espejos-retrovisores\/","title":{"rendered":"PERMATEX &#8211; Kit Reparador para espejos Retrovisores."},"content":{"rendered":"<div class=\"content\">\n<div class=\"ttl-cat-producto\">REPARACI\u00d3N Y MANTENIMIENTO ESPECIALIZADO<\/div>\n<\/div>\n<h2>Kit Adhesivo para Espejos Retrovisores<\/h2>\n<p>Kit compuesto por activador y adhesivo para adherir el espejo retrovisor al parabrisas. Logra un pegado fuerte y r\u00e1pido. F\u00e1cil de aplicar. No apto para espejos con base pl\u00e1stica.<\/p>\n<ul class=\"ficha\">\n<li>Usos:\u00a0Pegado de espejos retrovisores a parabrisas<\/li>\n<\/ul>\n","protected":false},"excerpt":{"rendered":"<div class=\"content\">\n<div class=\"ttl-cat-producto\">REPARACI\u00d3N Y MANTENIMIENTO ESPECIALIZADO<\/div>\n<\/div>\n<h2>Kit Adhesivo para Espejos Retrovisores<\/h2>\n<p>Kit compuesto por activador y adhesivo para adherir el espejo retrovisor al parabrisas. Logra un pegado fuerte y r\u00e1pido. F\u00e1cil de aplicar. No apto para espejos con base pl\u00e1stica.<\/p>\n<ul class=\"ficha\">\n<li>Usos:\u00a0Pegado de espejos retrovisores a parabrisas<\/li>\n<\/ul>\n","protected":false},"featured_media":9199,"template":"","meta":{"_joinchat":[]},"product_cat":[48],"product_tag":[178],"class_list":{"0":"post-523","1":"product","2":"type-product","3":"status-publish","4":"has-post-thumbnail","6":"product_cat-permatex","7":"product_tag-kit-espejo-retrovisor","9":"first","10":"instock","11":"taxable","12":"shipping-taxable","13":"product-type-simple"},"_links":{"self":[{"href":"https:\/\/lidertecsa.com.ar\/catalogo\/wp-json\/wp\/v2\/product\/523"}],"collection":[{"href":"https:\/\/lidertecsa.com.ar\/catalogo\/wp-json\/wp\/v2\/product"}],"about":[{"href":"https:\/\/lidertecsa.com.ar\/catalogo\/wp-json\/wp\/v2\/types\/product"}],"wp:featuredmedia":[{"embeddable":true,"href":"https:\/\/lidertecsa.com.ar\/catalogo\/wp-json\/wp\/v2\/media\/9199"}],"wp:attachment":[{"href":"https:\/\/lidertecsa.com.ar\/catalogo\/wp-json\/wp\/v2\/media?parent=523"}],"wp:term":[{"taxonomy":"product_cat","embeddable":true,"href":"https:\/\/lidertecsa.com.ar\/catalogo\/wp-json\/wp\/v2\/product_cat?post=523"},{"taxonomy":"product_tag","embeddable":true,"href":"https:\/\/lidertecsa.com.ar\/catalogo\/wp-json\/wp\/v2\/product_tag?post=523"}],"curies":[{"name":"wp","href":"https:\/\/api.w.org\/{rel}","templated":true}]}}