{"id":521,"date":"2023-06-17T17:27:24","date_gmt":"2023-06-17T20:27:24","guid":{"rendered":"https:\/\/lidertecsa.com.ar\/catalogo\/?post_type=product&#038;p=521"},"modified":"2025-06-27T11:39:51","modified_gmt":"2025-06-27T14:39:51","slug":"permatex-reparador-de-canos-de-escapes","status":"publish","type":"product","link":"https:\/\/lidertecsa.com.ar\/catalogo\/producto\/permatex-reparador-de-canos-de-escapes\/","title":{"rendered":"PERMATEX &#8211; Reparador de ca\u00f1os de Escapes"},"content":{"rendered":"<p>Sella agujeros y p\u00e9rdidas en silenciadores, convertidores catal\u00edticos, ca\u00f1os de escape y alrededor de las juntas. Hace m\u00e1s seguras las nuevas instalaciones. Resiste temperaturas hasta 1000\u00b0C. Apto para el sellado de salamandras.<\/p>\n<ul class=\"ficha\">\n<li>Usos:\u00a0Ca\u00f1os de escape, silenciadores y m\u00faltiples de escape.<\/li>\n<\/ul>\n","protected":false},"excerpt":{"rendered":"<div class=\"content\">\n<div class=\"ttl-cat-producto\">\n<p>Sella agujeros y p\u00e9rdidas en silenciadores, convertidores catal\u00edticos, ca\u00f1os de escape y alrededor de las juntas. Hace m\u00e1s seguras las nuevas instalaciones. Resiste temperaturas hasta 1000\u00b0C. Apto para el sellado de salamandras.<\/p>\n<ul class=\"ficha\">\n<li>Usos:\u00a0Ca\u00f1os de escape, silenciadores y m\u00faltiples de escape.<\/li>\n<\/ul>\n<\/div>\n<\/div>\n<h2><\/h2>\n","protected":false},"featured_media":9200,"template":"","meta":{"_joinchat":[]},"product_cat":[48],"product_tag":[177],"class_list":{"0":"post-521","1":"product","2":"type-product","3":"status-publish","4":"has-post-thumbnail","6":"product_cat-permatex","7":"product_tag-reparador-canos-de-escapes","9":"first","10":"instock","11":"taxable","12":"shipping-taxable","13":"product-type-simple"},"_links":{"self":[{"href":"https:\/\/lidertecsa.com.ar\/catalogo\/wp-json\/wp\/v2\/product\/521"}],"collection":[{"href":"https:\/\/lidertecsa.com.ar\/catalogo\/wp-json\/wp\/v2\/product"}],"about":[{"href":"https:\/\/lidertecsa.com.ar\/catalogo\/wp-json\/wp\/v2\/types\/product"}],"wp:featuredmedia":[{"embeddable":true,"href":"https:\/\/lidertecsa.com.ar\/catalogo\/wp-json\/wp\/v2\/media\/9200"}],"wp:attachment":[{"href":"https:\/\/lidertecsa.com.ar\/catalogo\/wp-json\/wp\/v2\/media?parent=521"}],"wp:term":[{"taxonomy":"product_cat","embeddable":true,"href":"https:\/\/lidertecsa.com.ar\/catalogo\/wp-json\/wp\/v2\/product_cat?post=521"},{"taxonomy":"product_tag","embeddable":true,"href":"https:\/\/lidertecsa.com.ar\/catalogo\/wp-json\/wp\/v2\/product_tag?post=521"}],"curies":[{"name":"wp","href":"https:\/\/api.w.org\/{rel}","templated":true}]}}