{"id":52,"date":"2023-06-01T13:53:18","date_gmt":"2023-06-01T16:53:18","guid":{"rendered":"https:\/\/lidertecsa.com.ar\/catalogo\/producto\/pegamil-epoxi-gris-14ml-est-c90\/"},"modified":"2026-02-04T11:06:09","modified_gmt":"2026-02-04T14:06:09","slug":"pegamil-epoxi-gris-14ml-est-c90","status":"publish","type":"product","link":"https:\/\/lidertecsa.com.ar\/catalogo\/producto\/pegamil-epoxi-gris-14ml-est-c90\/","title":{"rendered":"Pegamil Epoxi Gris 10 min x 14ml Estuche"},"content":{"rendered":"<h2>Adhesivo Epoxi 10 Min &#8211; Gris Acero<\/h2>\n<p>Adhiere, suelda, rellena y sella pr\u00e1cticamente todos los materiales. Metales: acero, fundici\u00f3n, bronce, lat\u00f3n, aluminio y otras aleaciones. Vidrio, cer\u00e1mica, madera, loza, muchos pl\u00e1sticos y m\u00e1s. Para reparaciones en la casa, el auto, embarcaciones, talleres mec\u00e1nicos; para hobbies y artesan\u00edas. Fuerte, mecanizable. Se puede lijar, limar, taladrar, tornear. Resiste bajo el agua. Resiste \u00e1cidos, solventes y la mayor\u00eda de los productos qu\u00edmicos. Soporta temperaturas entre -10\u00b0C y +180\u00b0C. No apto para polietileno, polipropileno ni PTFE.<\/p>\n","protected":false},"excerpt":{"rendered":"<h2>Adhesivo Epoxi 10 Min &#8211; Gris Acero x 14 ml<\/h2>\n","protected":false},"featured_media":71,"template":"","meta":{"_joinchat":[]},"product_cat":[29],"product_tag":[64],"class_list":{"0":"post-52","1":"product","2":"type-product","3":"status-publish","4":"has-post-thumbnail","6":"product_cat-pegamil","7":"product_tag-epoxi-2-componentes","9":"first","10":"instock","11":"taxable","12":"shipping-taxable","13":"product-type-simple"},"_links":{"self":[{"href":"https:\/\/lidertecsa.com.ar\/catalogo\/wp-json\/wp\/v2\/product\/52"}],"collection":[{"href":"https:\/\/lidertecsa.com.ar\/catalogo\/wp-json\/wp\/v2\/product"}],"about":[{"href":"https:\/\/lidertecsa.com.ar\/catalogo\/wp-json\/wp\/v2\/types\/product"}],"wp:featuredmedia":[{"embeddable":true,"href":"https:\/\/lidertecsa.com.ar\/catalogo\/wp-json\/wp\/v2\/media\/71"}],"wp:attachment":[{"href":"https:\/\/lidertecsa.com.ar\/catalogo\/wp-json\/wp\/v2\/media?parent=52"}],"wp:term":[{"taxonomy":"product_cat","embeddable":true,"href":"https:\/\/lidertecsa.com.ar\/catalogo\/wp-json\/wp\/v2\/product_cat?post=52"},{"taxonomy":"product_tag","embeddable":true,"href":"https:\/\/lidertecsa.com.ar\/catalogo\/wp-json\/wp\/v2\/product_tag?post=52"}],"curies":[{"name":"wp","href":"https:\/\/api.w.org\/{rel}","templated":true}]}}