{"id":518,"date":"2023-06-17T17:18:49","date_gmt":"2023-06-17T20:18:49","guid":{"rendered":"https:\/\/lidertecsa.com.ar\/catalogo\/?post_type=product&#038;p=518"},"modified":"2026-02-05T17:20:53","modified_gmt":"2026-02-05T20:20:53","slug":"siloc-ultra-grey-silicona-oximica","status":"publish","type":"product","link":"https:\/\/lidertecsa.com.ar\/catalogo\/producto\/siloc-ultra-grey-silicona-oximica\/","title":{"rendered":"PERMATEX Ultra Grey &#8211; Silicona Oximica x 99g"},"content":{"rendered":"<div>Forma juntas de silicona para aplicaciones de alto torque. No afecta sensores, no corroe los metales, tiene bajo olor. M\u00e1xima resistencia a la vibraci\u00f3n y excelente resistencia a los aceites, l\u00edquido refrigerante y fluidos en general. Especificado por terminales automotrices.<\/div>\n<div>\n<ul class=\"ficha\">\n<li>Tiempo cura total (Horas):\u00a024 hs.<\/li>\n<li>Resistencia temperatura (\u00b0C):\u00a0-65\u00baC a + 250\u00baC (en forma intermitente hasta +260\u00baC)<\/li>\n<li>Usos:\u00a0Para formar juntas en tapa de v\u00e1lvulas, carter, cajas de transmisi\u00f3n, juntas en terminales de colectores de admisi\u00f3n, tapa de distribuci\u00f3n, bomba de agua.<\/li>\n<\/ul>\n<\/div>\n","protected":false},"excerpt":{"rendered":"<div class=\"content\">\n<div class=\"ttl-cat-producto\">FORMACI\u00d3N DE JUNTAS<\/div>\n<\/div>\n<h2>Ultra Grey &#8211; Silicona Ox\u00edmica.<\/h2>\n","protected":false},"featured_media":9202,"template":"","meta":{"_joinchat":[]},"product_cat":[48],"product_tag":[160],"class_list":{"0":"post-518","1":"product","2":"type-product","3":"status-publish","4":"has-post-thumbnail","6":"product_cat-permatex","7":"product_tag-silicona-oximica","9":"first","10":"instock","11":"taxable","12":"shipping-taxable","13":"product-type-simple"},"_links":{"self":[{"href":"https:\/\/lidertecsa.com.ar\/catalogo\/wp-json\/wp\/v2\/product\/518"}],"collection":[{"href":"https:\/\/lidertecsa.com.ar\/catalogo\/wp-json\/wp\/v2\/product"}],"about":[{"href":"https:\/\/lidertecsa.com.ar\/catalogo\/wp-json\/wp\/v2\/types\/product"}],"wp:featuredmedia":[{"embeddable":true,"href":"https:\/\/lidertecsa.com.ar\/catalogo\/wp-json\/wp\/v2\/media\/9202"}],"wp:attachment":[{"href":"https:\/\/lidertecsa.com.ar\/catalogo\/wp-json\/wp\/v2\/media?parent=518"}],"wp:term":[{"taxonomy":"product_cat","embeddable":true,"href":"https:\/\/lidertecsa.com.ar\/catalogo\/wp-json\/wp\/v2\/product_cat?post=518"},{"taxonomy":"product_tag","embeddable":true,"href":"https:\/\/lidertecsa.com.ar\/catalogo\/wp-json\/wp\/v2\/product_tag?post=518"}],"curies":[{"name":"wp","href":"https:\/\/api.w.org\/{rel}","templated":true}]}}