{"id":5160,"date":"2023-08-23T16:40:38","date_gmt":"2023-08-23T19:40:38","guid":{"rendered":"https:\/\/lidertecsa.com.ar\/catalogo\/?post_type=product&#038;p=5160"},"modified":"2024-12-13T16:37:00","modified_gmt":"2024-12-13T19:37:00","slug":"bomba-de-pozo-profundo-gc-dw-1300-n","status":"publish","type":"product","link":"https:\/\/lidertecsa.com.ar\/catalogo\/producto\/bomba-de-pozo-profundo-gc-dw-1300-n\/","title":{"rendered":"Bomba de Pozo Profundo GC-DW 1300 N"},"content":{"rendered":"<div id=\"description\" class=\"section-row -padded-wide--mod-top-only -in-viewport\" data-anchornav=\"Artikelbeschreibung\">\n<div class=\"col-wrapper -max-width-limited\">\n<div class=\"content-item module-description\">\n<div class=\"description-wrapper\">\n<div class=\"col-two\">\n<div class=\"description__content\">\n<div id=\"description\" class=\"section-row -padded-wide--mod-top-only -in-viewport\" data-anchornav=\"Artikelbeschreibung\">\n<div class=\"col-wrapper -max-width-limited\">\n<div class=\"content-item module-description\">\n<div class=\"description-wrapper\">\n<div class=\"col-two\">\n<div class=\"description__content\">\n<div id=\"description\" class=\"section-row -padded-wide--mod-top-only -in-viewport\" data-anchornav=\"Artikelbeschreibung\">\n<div class=\"col-wrapper -max-width-limited\">\n<div class=\"content-item module-description\">\n<div class=\"description-wrapper\">\n<div class=\"col-two\">\n<div class=\"description__content\">\n<div id=\"description\" class=\"section-row -padded-wide--mod-top-only -in-viewport\" data-anchornav=\"Artikelbeschreibung\">\n<div class=\"col-wrapper -max-width-limited\">\n<div class=\"content-item module-description\">\n<div class=\"description-wrapper\">\n<div class=\"col-two\">\n<div class=\"description__content\">\n<div id=\"description\" class=\"section-row -padded-wide--mod-top-only -in-viewport\" data-anchornav=\"Artikelbeschreibung\">\n<div class=\"col-wrapper -max-width-limited\">\n<div class=\"content-item module-description\">\n<div class=\"description-wrapper\">\n<div class=\"col-two\">\n<div class=\"description__content\">\n<p><span>La bomba para pozos profundos GC-DW 1300 N es un dispositivo extremadamente potente y confiable que est\u00e1 especialmente dise\u00f1ado para bombear agua limpia de dep\u00f3sitos, pozos y pozos.\u00a0Su potente motor de 1.300 vatios bombea 5.000 litros de agua por hora desde una profundidad de hasta 65 metros.\u00a0La bomba est\u00e1 equipada con una caja de distribuci\u00f3n externa, dos argollas de suspensi\u00f3n y una cuerda de descenso de 22 m de largo para que pueda descender al foso de forma f\u00e1cil y segura.\u00a0La estable carcasa de la bomba del GC-DW 1300 N est\u00e1 fabricada en acero inoxidable resistente a la corrosi\u00f3n y, por lo tanto, es extremadamente duradera.\u00a0Su robusta conexi\u00f3n de presi\u00f3n est\u00e1 equipada con un inserto de lat\u00f3n y, gracias a una v\u00e1lvula antirretorno integrada, garantiza una comodidad de uso \u00f3ptima.\u00a0Un interruptor de sobrecarga y un filtro, tambi\u00e9n de acero inoxidable, protegen la bomba contra da\u00f1os.<\/span><\/p>\n<\/div>\n<\/div>\n<\/div>\n<\/div>\n<\/div>\n<\/div>\n<div id=\"technical-details\" class=\"section-row -padded-wide--mod-top-only -in-viewport\" data-anchornav=\"Technische Daten\">\n<div class=\"col-wrapper -max-width-limited -decrease-width\">\n<div class=\"col\">\n<div class=\"content-item module-table -styling-beta\">\n<table class=\"table__table\">\n<tbody>\n<tr class=\"-show tr-odd\">\n<td><span class=\"bold\"><span>Actuaci\u00f3n<\/span><\/span><\/td>\n<td><span>1300W<\/span><\/td>\n<\/tr>\n<tr class=\"-show tr-even\">\n<td><span class=\"bold\"><span>Longitud del cable de alimentaci\u00f3n<\/span><\/span><\/td>\n<td><span>2m<\/span><\/td>\n<\/tr>\n<tr class=\"-show tr-odd\">\n<td><span class=\"bold\"><span>Profundidad m\u00e1xima de inmersi\u00f3n<\/span><\/span><\/td>\n<td><span>20 metros<\/span><\/td>\n<\/tr>\n<tr class=\"-show tr-even\">\n<td><span class=\"bold\"><span>Presi\u00f3n m\u00e1xima de entrega<\/span><\/span><\/td>\n<td><span>6,5 barras<\/span><\/td>\n<\/tr>\n<tr class=\"-show tr-odd\">\n<td><span class=\"bold\"><span>Cabeza m\u00e1x.<\/span><\/span><\/td>\n<td><span>65 metros<\/span><\/td>\n<\/tr>\n<tr class=\"-show tr-even\">\n<td><span class=\"bold\"><span>Caudal m\u00e1ximo<\/span><\/span><\/td>\n<td><span>5000 litros por hora<\/span><\/td>\n<\/tr>\n<tr class=\"-show tr-odd\">\n<td><span class=\"bold\"><span>Temperatura m\u00e1xima del agua<\/span><\/span><\/td>\n<td><span>35\u00b0C<\/span><\/td>\n<\/tr>\n<tr class=\"-show tr-even\">\n<td><span class=\"bold\"><span>Peso del Producto<\/span><\/span><\/td>\n<td><span>15,5 kilos<\/span><\/td>\n<\/tr>\n<tr class=\"-show tr-odd\">\n<td><span class=\"bold\"><span>Tipo conexi\u00f3n de presi\u00f3n<\/span><\/span><\/td>\n<td><span>47,8 mm (G11\/2 ESO)<\/span><\/td>\n<\/tr>\n<\/tbody>\n<\/table>\n<\/div>\n<\/div>\n<\/div>\n<\/div>\n<\/div>\n<\/div>\n<\/div>\n<\/div>\n<\/div>\n<\/div>\n<div id=\"technical-details\" class=\"section-row -padded-wide--mod-top-only -in-viewport\" data-anchornav=\"Technische Daten\">\n<div class=\"col-wrapper -max-width-limited -decrease-width\">\n<div class=\"col\"><\/div>\n<\/div>\n<\/div>\n<\/div>\n<\/div>\n<\/div>\n<\/div>\n<\/div>\n<\/div>\n<\/div>\n<\/div>\n<\/div>\n<\/div>\n<\/div>\n<\/div>\n<\/div>\n<\/div>\n<\/div>\n<\/div>\n<\/div>\n<\/div>\n","protected":false},"excerpt":{"rendered":"<ul>\n<li class=\" meta\"><span><span>Conexi\u00f3n de presi\u00f3n robusta con inserto de lat\u00f3n + v\u00e1lvula antirretorno<\/span><\/span><\/li>\n<li class=\" meta\"><span><span>Carcasa de bomba de acero inoxidable<\/span><\/span><\/li>\n<li class=\" meta\"><span><span>colador de acero inoxidable<\/span><\/span><\/li>\n<li class=\" meta\"><span><span>Caja de interruptores externa<\/span><\/span><\/li>\n<li class=\" meta\"><span><span>cortacircuitos<\/span><\/span><\/li>\n<li class=\"meta\"><span><span>2 bucles para colgar<\/span><\/span><\/li>\n<li class=\"meta\"><span><span>Cuerda de descenso de 22 m.<\/span><\/span><\/li>\n<li class=\" meta\"><\/li>\n<\/ul>\n","protected":false},"featured_media":5162,"template":"","meta":{"_joinchat":[]},"product_cat":[181],"product_tag":[241],"class_list":{"0":"post-5160","1":"product","2":"type-product","3":"status-publish","4":"has-post-thumbnail","6":"product_cat-herramientas-electricas","7":"product_tag-bomba-de-agua","9":"first","10":"instock","11":"product-type-simple"},"_links":{"self":[{"href":"https:\/\/lidertecsa.com.ar\/catalogo\/wp-json\/wp\/v2\/product\/5160"}],"collection":[{"href":"https:\/\/lidertecsa.com.ar\/catalogo\/wp-json\/wp\/v2\/product"}],"about":[{"href":"https:\/\/lidertecsa.com.ar\/catalogo\/wp-json\/wp\/v2\/types\/product"}],"wp:featuredmedia":[{"embeddable":true,"href":"https:\/\/lidertecsa.com.ar\/catalogo\/wp-json\/wp\/v2\/media\/5162"}],"wp:attachment":[{"href":"https:\/\/lidertecsa.com.ar\/catalogo\/wp-json\/wp\/v2\/media?parent=5160"}],"wp:term":[{"taxonomy":"product_cat","embeddable":true,"href":"https:\/\/lidertecsa.com.ar\/catalogo\/wp-json\/wp\/v2\/product_cat?post=5160"},{"taxonomy":"product_tag","embeddable":true,"href":"https:\/\/lidertecsa.com.ar\/catalogo\/wp-json\/wp\/v2\/product_tag?post=5160"}],"curies":[{"name":"wp","href":"https:\/\/api.w.org\/{rel}","templated":true}]}}