{"id":5158,"date":"2023-08-23T16:35:24","date_gmt":"2023-08-23T19:35:24","guid":{"rendered":"https:\/\/lidertecsa.com.ar\/catalogo\/?post_type=product&#038;p=5158"},"modified":"2024-12-13T16:36:59","modified_gmt":"2024-12-13T19:36:59","slug":"bomba-para-agua-limpia-ge-sp-4390-ll-eco-copia","status":"publish","type":"product","link":"https:\/\/lidertecsa.com.ar\/catalogo\/producto\/bomba-para-agua-limpia-ge-sp-4390-ll-eco-copia\/","title":{"rendered":"Martillo de De Demolici\u00f3n TE-DH 52"},"content":{"rendered":"<div id=\"description\" class=\"section-row -padded-wide--mod-top-only -in-viewport\" data-anchornav=\"Artikelbeschreibung\">\n<div class=\"col-wrapper -max-width-limited\">\n<div class=\"content-item module-description\">\n<div class=\"description-wrapper\">\n<div class=\"col-two\">\n<div class=\"description__content\">\n<div id=\"description\" class=\"section-row -padded-wide--mod-top-only -in-viewport\" data-anchornav=\"Artikelbeschreibung\">\n<div class=\"col-wrapper -max-width-limited\">\n<div class=\"content-item module-description\">\n<div class=\"description-wrapper\">\n<div class=\"col-two\">\n<div class=\"description__content\">\n<div id=\"description\" class=\"section-row -padded-wide--mod-top-only -in-viewport\" data-anchornav=\"Artikelbeschreibung\">\n<div class=\"col-wrapper -max-width-limited\">\n<div class=\"content-item module-description\">\n<div class=\"description-wrapper\">\n<div class=\"col-two\">\n<div class=\"description__content\">\n<div id=\"description\" class=\"section-row -padded-wide--mod-top-only -in-viewport\" data-anchornav=\"Artikelbeschreibung\">\n<div class=\"col-wrapper -max-width-limited\">\n<div class=\"content-item module-description\">\n<div class=\"description-wrapper\">\n<div class=\"col-two\">\n<div class=\"description__content\">\n<p><span class=\"heading gamma\">Descripci\u00f3n del Art\u00edculo<\/span>El martillo demoledor Einhell TE-DH 5 con 750 vatios y 5 julios es un martillo demoledor compacto y potente para tareas de demolici\u00f3n ligeras durante trabajos de renovaci\u00f3n y remodelaci\u00f3n.\u00a0El martillo demoledor tiene un portaherramientas SDS-plus para cambios r\u00e1pidos de herramientas que es compatible con accesorios SDS-plus.\u00a0El mango con amortiguaci\u00f3n de vibraciones permite trabajar con pocas vibraciones con el martillo demoledor, que alcanza un m\u00e1ximo de 4.300 golpes por minuto.\u00a0El mango adicional de ajuste flexible garantiza adem\u00e1s un agarre firme y seguro.\u00a0Un cable de goma robusto y de 4 metros de largo garantiza la m\u00e1xima movilidad.\u00a0El martillo demoledor est\u00e1 inmediatamente listo para su uso gracias a los cinceles puntiagudos y planos incluidos en el volumen de suministro en el malet\u00edn de transporte y almacenamiento E-Box.<\/p>\n<\/div>\n<\/div>\n<\/div>\n<\/div>\n<\/div>\n<\/div>\n<div id=\"technical-details\" class=\"section-row -padded-wide--mod-top-only -in-viewport\" data-anchornav=\"Technische Daten\">\n<div class=\"col-wrapper -max-width-limited -decrease-width\">\n<div class=\"col\">\n<div class=\"content-item module-table -styling-beta\">\n<table class=\"table__table\">\n<tbody>\n<tr class=\"-show tr-odd\">\n<td><span class=\"bold\">N\u00famero de cinceles planos incluidos<\/span><\/td>\n<td>PC 1<\/td>\n<\/tr>\n<tr class=\"-show tr-even\">\n<td><span class=\"bold\">N\u00famero de cinceles puntiagudos incluidos<\/span><\/td>\n<td>PC 1<\/td>\n<\/tr>\n<tr class=\"-show tr-odd\">\n<td><span class=\"bold\">Actuaci\u00f3n<\/span><\/td>\n<td>750W<\/td>\n<\/tr>\n<tr class=\"-show tr-even\">\n<td><span class=\"bold\">Longitud del cable de alimentaci\u00f3n<\/span><\/td>\n<td>4m<\/td>\n<\/tr>\n<tr class=\"-show tr-odd\">\n<td><span class=\"bold\">Peso del Producto<\/span><\/td>\n<td>3,87 kg<\/td>\n<\/tr>\n<\/tbody>\n<\/table>\n<\/div>\n<\/div>\n<\/div>\n<\/div>\n<\/div>\n<\/div>\n<\/div>\n<\/div>\n<\/div>\n<\/div>\n<\/div>\n<\/div>\n<\/div>\n<\/div>\n<\/div>\n<\/div>\n<\/div>\n<\/div>\n<\/div>\n<\/div>\n<\/div>\n<\/div>\n","protected":false},"excerpt":{"rendered":"<ul>\n<li class=\" meta\">Martillo demoledor compacto y potente para trabajos de demolici\u00f3n ligeros<\/li>\n<li class=\" meta\">Portaherramientas SDS-plus compatible con accesorios SDS-plus<\/li>\n<li class=\" meta\">Robusto portaherramientas SDS-plus para cambios r\u00e1pidos de herramientas<\/li>\n<li class=\" meta\">Trabajo sin vibraciones gracias al mango con amortiguaci\u00f3n de vibraciones<\/li>\n<li class=\" meta\">Mango adicional flexiblemente ajustable para un trabajo m\u00e1s c\u00f3modo<\/li>\n<li class=\"meta\">Cable de goma robusto y de 4 m de largo para m\u00e1xima movilidad<\/li>\n<li class=\"meta\">Inmediatamente listo para usar gracias a los cinceles planos y puntiagudos suministrados<\/li>\n<li class=\"meta\">Se suministra en el estuche de transporte y almacenamiento E-Box.<\/li>\n<li class=\" meta\"><\/li>\n<\/ul>\n","protected":false},"featured_media":5159,"template":"","meta":{"_joinchat":[]},"product_cat":[181],"product_tag":[187],"class_list":{"0":"post-5158","1":"product","2":"type-product","3":"status-publish","4":"has-post-thumbnail","6":"product_cat-herramientas-electricas","7":"product_tag-rotomartillo-sds-plus","9":"first","10":"instock","11":"product-type-simple"},"_links":{"self":[{"href":"https:\/\/lidertecsa.com.ar\/catalogo\/wp-json\/wp\/v2\/product\/5158"}],"collection":[{"href":"https:\/\/lidertecsa.com.ar\/catalogo\/wp-json\/wp\/v2\/product"}],"about":[{"href":"https:\/\/lidertecsa.com.ar\/catalogo\/wp-json\/wp\/v2\/types\/product"}],"wp:featuredmedia":[{"embeddable":true,"href":"https:\/\/lidertecsa.com.ar\/catalogo\/wp-json\/wp\/v2\/media\/5159"}],"wp:attachment":[{"href":"https:\/\/lidertecsa.com.ar\/catalogo\/wp-json\/wp\/v2\/media?parent=5158"}],"wp:term":[{"taxonomy":"product_cat","embeddable":true,"href":"https:\/\/lidertecsa.com.ar\/catalogo\/wp-json\/wp\/v2\/product_cat?post=5158"},{"taxonomy":"product_tag","embeddable":true,"href":"https:\/\/lidertecsa.com.ar\/catalogo\/wp-json\/wp\/v2\/product_tag?post=5158"}],"curies":[{"name":"wp","href":"https:\/\/api.w.org\/{rel}","templated":true}]}}