{"id":5156,"date":"2023-08-23T16:29:23","date_gmt":"2023-08-23T19:29:23","guid":{"rendered":"https:\/\/lidertecsa.com.ar\/catalogo\/?post_type=product&#038;p=5156"},"modified":"2024-12-13T16:36:59","modified_gmt":"2024-12-13T19:36:59","slug":"bomba-para-agua-limpia-ge-sp-4390-ll-eco","status":"publish","type":"product","link":"https:\/\/lidertecsa.com.ar\/catalogo\/producto\/bomba-para-agua-limpia-ge-sp-4390-ll-eco\/","title":{"rendered":"Bomba para Agua Limpia GE-SP 4390 LL ECO"},"content":{"rendered":"<div id=\"description\" class=\"section-row -padded-wide--mod-top-only -in-viewport\" data-anchornav=\"Artikelbeschreibung\">\n<div class=\"col-wrapper -max-width-limited\">\n<div class=\"content-item module-description\">\n<div class=\"description-wrapper\">\n<div class=\"col-two\">\n<div class=\"description__content\">\n<div id=\"description\" class=\"section-row -padded-wide--mod-top-only -in-viewport\" data-anchornav=\"Artikelbeschreibung\">\n<div class=\"col-wrapper -max-width-limited\">\n<div class=\"content-item module-description\">\n<div class=\"description-wrapper\">\n<div class=\"col-two\">\n<div class=\"description__content\">\n<div id=\"description\" class=\"section-row -padded-wide--mod-top-only -in-viewport\" data-anchornav=\"Artikelbeschreibung\">\n<div class=\"col-wrapper -max-width-limited\">\n<div class=\"content-item module-description\">\n<div class=\"description-wrapper\">\n<div class=\"col-two\">\n<div class=\"description__content\">\n<p><span>La bomba de agua limpia de Einhell GE-SP 4390 LL ECO destaca en t\u00e9rminos de respeto al medio ambiente y rendimiento.\u00a0Gracias a Eco-Power, ofrece m\u00e1s flujo con menos consumo de energ\u00eda.\u00a0Los datos t\u00e9cnicos convencen y subrayan su idoneidad para un uso vers\u00e1til en muchas situaciones.\u00a0Con una potente potencia de 430 vatios, puede bombear agua limpia hasta un m\u00e1ximo de ocho metros a una profundidad de inmersi\u00f3n de hasta siete metros y adem\u00e1s dispone de una v\u00e1lvula de retenci\u00f3n.\u00a0La temperatura m\u00e1xima del agua puede alcanzar los 35 grados cent\u00edgrados.\u00a0La bomba de agua limpia Einhell GE-SP 4390 LL ECO funciona con una aspiraci\u00f3n superficial hasta un nivel de agua residual de un mil\u00edmetro y, por lo tanto, ofrece un resultado de secado.\u00a0El interruptor de flotador se puede ajustar continuamente.\u00a0La carcasa de la bomba de pl\u00e1stico resistente a los golpes y el cierre mec\u00e1nico de alta calidad garantizan adem\u00e1s robustez y una larga vida \u00fatil.\u00a0La bomba de agua limpia est\u00e1 equipada con un asa ergon\u00f3mica, enrollador de cable, lazo para colgar integrado y conexi\u00f3n universal.\u00a0Se puede acceder f\u00e1cilmente a la conexi\u00f3n de manguera en la parte superior de la bomba.<\/span><\/p>\n<\/div>\n<\/div>\n<\/div>\n<\/div>\n<\/div>\n<\/div>\n<div id=\"technical-details\" class=\"section-row -padded-wide--mod-top-only -in-viewport\" data-anchornav=\"Technische Daten\">\n<div class=\"col-wrapper -max-width-limited -decrease-width\">\n<div class=\"col\">\n<div class=\"content-item module-table -styling-beta\">\n<table class=\"table__table\">\n<tbody>\n<tr class=\"-show tr-odd\">\n<td><span class=\"bold\"><span>Succi\u00f3n superficial<\/span><\/span><\/td>\n<td><span>1 mil\u00edmetro<\/span><\/td>\n<\/tr>\n<tr class=\"-show tr-even\">\n<td><span class=\"bold\"><span>Actuaci\u00f3n<\/span><\/span><\/td>\n<td><span>430W<\/span><\/td>\n<\/tr>\n<tr class=\"-show tr-odd\">\n<td><span class=\"bold\"><span>Longitud del cable de alimentaci\u00f3n<\/span><\/span><\/td>\n<td><span>10 metros<\/span><\/td>\n<\/tr>\n<tr class=\"-show tr-even\">\n<td><span class=\"bold\"><span>Profundidad m\u00e1xima de inmersi\u00f3n<\/span><\/span><\/td>\n<td><span>7 metros<\/span><\/td>\n<\/tr>\n<tr class=\"-show tr-odd\">\n<td><span class=\"bold\"><span>Tama\u00f1o m\u00e1ximo de cuerpo extra\u00f1o<\/span><\/span><\/td>\n<td><span>1 mil\u00edmetro<\/span><\/td>\n<\/tr>\n<tr class=\"-show tr-even\">\n<td><span class=\"bold\"><span>Presi\u00f3n m\u00e1xima de entrega<\/span><\/span><\/td>\n<td><span>0,8 bares<\/span><\/td>\n<\/tr>\n<tr class=\"-show tr-odd\">\n<td><span class=\"bold\"><span>Cabeza m\u00e1x.<\/span><\/span><\/td>\n<td><span>8 metros<\/span><\/td>\n<\/tr>\n<tr class=\"-show tr-even\">\n<td><span class=\"bold\"><span>Caudal m\u00e1ximo<\/span><\/span><\/td>\n<td><span>9000 litros por hora<\/span><\/td>\n<\/tr>\n<tr class=\"-show tr-odd\">\n<td><span class=\"bold\"><span>Temperatura m\u00e1xima del agua<\/span><\/span><\/td>\n<td><span>35\u00b0C<\/span><\/td>\n<\/tr>\n<tr class=\"-show tr-even\">\n<td><span class=\"bold\"><span>Arranque de la bomba de nivel m\u00ednimo de agua<\/span><\/span><\/td>\n<td><span>5 mm<\/span><\/td>\n<\/tr>\n<tr class=\"-show tr-odd\">\n<td><span class=\"bold\"><span>Peso del Producto<\/span><\/span><\/td>\n<td><span>4,55 kg<\/span><\/td>\n<\/tr>\n<tr class=\"-show tr-even\">\n<td><span class=\"bold\"><span>Tipo conexi\u00f3n de presi\u00f3n<\/span><\/span><\/td>\n<td><span>47,8 mm (G11\/2 AG)<\/span><\/td>\n<\/tr>\n<\/tbody>\n<\/table>\n<\/div>\n<\/div>\n<\/div>\n<\/div>\n<\/div>\n<\/div>\n<\/div>\n<\/div>\n<\/div>\n<\/div>\n<div id=\"technical-details\" class=\"section-row -padded-wide--mod-top-only -in-viewport\" data-anchornav=\"Technische Daten\">\n<div class=\"col-wrapper -max-width-limited -decrease-width\">\n<div class=\"col\"><\/div>\n<\/div>\n<\/div>\n<\/div>\n<\/div>\n<\/div>\n<\/div>\n<\/div>\n<\/div>\n","protected":false},"excerpt":{"rendered":"<ul>\n<li class=\" meta\"><span><span>Aspiraci\u00f3n plana hasta 1 mm de nivel de agua residual: secar con un pa\u00f1o<\/span><\/span><\/li>\n<li class=\" meta\"><span><span>Interruptor de flotador infinitamente ajustable<\/span><\/span><\/li>\n<li class=\" meta\"><span><span>la v\u00e1lvula de retenci\u00f3n<\/span><\/span><\/li>\n<li class=\" meta\"><span><span>Asa de transporte ergon\u00f3mica<\/span><\/span><\/li>\n<li class=\" meta\"><span><span>Sello mec\u00e1nico de alta calidad para una larga vida \u00fatil<\/span><\/span><\/li>\n<li class=\"meta\"><span><span>Conexi\u00f3n de manguera de f\u00e1cil acceso en la parte superior de la bomba<\/span><\/span><\/li>\n<li class=\"meta\"><span><span>Lazo para colgar integrado<\/span><\/span><\/li>\n<li class=\"meta\"><span><span>Carcasa de bomba de pl\u00e1stico resistente a impactos<\/span><\/span><\/li>\n<li class=\"meta\"><span><span>Incluye conexi\u00f3n universal<\/span><\/span><\/li>\n<li class=\"meta\"><span><span>Eco Power: m\u00e1s caudal, menos consumo de energ\u00eda<\/span><\/span><\/li>\n<li class=\" meta\"><\/li>\n<\/ul>\n","protected":false},"featured_media":5157,"template":"","meta":{"_joinchat":[]},"product_cat":[181],"product_tag":[241],"class_list":{"0":"post-5156","1":"product","2":"type-product","3":"status-publish","4":"has-post-thumbnail","6":"product_cat-herramientas-electricas","7":"product_tag-bomba-de-agua","9":"first","10":"instock","11":"product-type-simple"},"_links":{"self":[{"href":"https:\/\/lidertecsa.com.ar\/catalogo\/wp-json\/wp\/v2\/product\/5156"}],"collection":[{"href":"https:\/\/lidertecsa.com.ar\/catalogo\/wp-json\/wp\/v2\/product"}],"about":[{"href":"https:\/\/lidertecsa.com.ar\/catalogo\/wp-json\/wp\/v2\/types\/product"}],"wp:featuredmedia":[{"embeddable":true,"href":"https:\/\/lidertecsa.com.ar\/catalogo\/wp-json\/wp\/v2\/media\/5157"}],"wp:attachment":[{"href":"https:\/\/lidertecsa.com.ar\/catalogo\/wp-json\/wp\/v2\/media?parent=5156"}],"wp:term":[{"taxonomy":"product_cat","embeddable":true,"href":"https:\/\/lidertecsa.com.ar\/catalogo\/wp-json\/wp\/v2\/product_cat?post=5156"},{"taxonomy":"product_tag","embeddable":true,"href":"https:\/\/lidertecsa.com.ar\/catalogo\/wp-json\/wp\/v2\/product_tag?post=5156"}],"curies":[{"name":"wp","href":"https:\/\/api.w.org\/{rel}","templated":true}]}}