{"id":5153,"date":"2023-08-23T16:20:16","date_gmt":"2023-08-23T19:20:16","guid":{"rendered":"https:\/\/lidertecsa.com.ar\/catalogo\/?post_type=product&#038;p=5153"},"modified":"2024-12-13T16:36:59","modified_gmt":"2024-12-13T19:36:59","slug":"cargador-de-baterias-ce-bc-30m","status":"publish","type":"product","link":"https:\/\/lidertecsa.com.ar\/catalogo\/producto\/cargador-de-baterias-ce-bc-30m\/","title":{"rendered":"Cargador de Bater\u00edas CE-BC 30M"},"content":{"rendered":"<div id=\"description\" class=\"section-row -padded-wide--mod-top-only -in-viewport\" data-anchornav=\"Artikelbeschreibung\">\n<div class=\"col-wrapper -max-width-limited\">\n<div class=\"content-item module-description\">\n<div class=\"description-wrapper\">\n<div class=\"col-two\">\n<div class=\"description__content\">\n<p><span>El cargador de bater\u00edas Einhell CE-BC 30 M es un cargador de bater\u00edas inteligente, adaptado a las potentes y t\u00e9cnicamente desarrolladas bater\u00edas de los veh\u00edculos modernos.\u00a0El cargador de bater\u00edas inteligente con control por microprocesador es adecuado para una amplia variedad de tipos de bater\u00edas en veh\u00edculos y dispone de numerosos mecanismos t\u00e9cnicos de protecci\u00f3n y cuidado.\u00a0El objetivo principal del desarrollo fue la carga r\u00e1pida y cuidadosa de las bater\u00edas, para lograr la mayor vida \u00fatil posible a plena potencia.\u00a0El manejo del cargador es menos complicado que en los dispositivos convencionales gracias a una pantalla de carga detallada.\u00a0El todoterreno de Einhell es adecuado para bater\u00edas de gel, AGM, as\u00ed como para bater\u00edas de plomo-\u00e1cido que requieren poco mantenimiento y no requieren mantenimiento.\u00a0El CE-BC 30 M es adecuado para bater\u00edas de 12V y 24V.\u00a0El ciclo de carga de varias etapas del cargador de bater\u00edas Einhell se controla y ajusta autom\u00e1ticamente mediante el control por microprocesador.\u00a0La electr\u00f3nica de control inteligente analiza el tipo y el estado de la bater\u00eda conectada y activa el modo \u00f3ptimo seg\u00fan sea necesario.\u00a0La funci\u00f3n de carga lenta protege y protege la bater\u00eda para un estado de carga ideal y permanente.\u00a0Esto hace que el CE-BC 30 M sea adecuado para todo tipo de veh\u00edculos, en particular tambi\u00e9n para veh\u00edculos estacionales con tiempos de inactividad prolongados: en lugar de dejar que la bater\u00eda se vac\u00ede por completo gradualmente y, por tanto, correr el riesgo de una descarga profunda, la bater\u00eda se mantiene suavemente en su nivel \u00f3ptimo mediante de carga lenta.\u00a0La carga lenta descarga las celdas de la bater\u00eda y prolonga su vida \u00fatil, evitando as\u00ed un problema evitable.\u00a0Se evita la costosa sustituci\u00f3n de una bater\u00eda defectuosa del veh\u00edculo.\u00a0Los coches, motos o scooters est\u00e1n inmediatamente listos para su uso al comienzo de la temporada.\u00a0El cargador de bater\u00edas Einhell puede alimentar la bater\u00eda con una corriente de arranque de 100 A (m\u00e1x. 5 segundos) mediante la funci\u00f3n de arranque externo.\u00a0Despu\u00e9s de cargar brevemente un condensador, el dispositivo puede emitir un procedimiento de arranque auxiliar para arrancar el motor inmediatamente, similar a un arranque puente con un segundo veh\u00edculo.\u00a0El cargador de bater\u00edas de Einhell est\u00e1 equipado con protecci\u00f3n autom\u00e1tica contra sobrecarga, cortocircuito y polaridad inversa: estos mecanismos de protecci\u00f3n protegen tanto el cargador como la bater\u00eda.\u00a0La pantalla LED de voltaje de la bater\u00eda y progreso de carga muestra de un vistazo cu\u00e1l es el estado de carga de la bater\u00eda y en qu\u00e9 modo est\u00e1 configurado el cargador.<\/span><\/p>\n<\/div>\n<\/div>\n<\/div>\n<\/div>\n<\/div>\n<\/div>\n<div id=\"technical-details\" class=\"section-row -padded-wide--mod-top-only\" data-anchornav=\"Technische Daten\">\n<div class=\"col-wrapper -max-width-limited -decrease-width\">\n<div class=\"col\">\n<div class=\"content-item module-headline-paragraph headline paragraph -color-headline-black\"><\/div>\n<\/div>\n<\/div>\n<\/div>\n","protected":false},"excerpt":{"rendered":"<ul>\n<li class=\" meta\"><span><span>Cargador de bater\u00edas inteligente con control por microprocesador<\/span><\/span><\/li>\n<li class=\" meta\"><span><span>Ciclo de carga de varias etapas, controlado y monitoreado por microprocesador<\/span><\/span><\/li>\n<li class=\" meta\"><span><span>2 en 1: Carga y arranque externo con un solo dispositivo<\/span><\/span><\/li>\n<li class=\" meta\"><span><span>Tensi\u00f3n seleccionable 12V\/24V para adaptarse a la bater\u00eda del veh\u00edculo<\/span><\/span><\/li>\n<li class=\" meta\"><span><span>Funci\u00f3n de carga flotante para un estado de carga ideal y permanente<\/span><\/span><\/li>\n<li class=\"meta\"><span><span>Cargador de bater\u00edas vers\u00e1til para una amplia variedad de tipos de bater\u00edas<\/span><\/span><\/li>\n<li class=\"meta\"><span><span>Para bater\u00edas de gel, AGM, sin mantenimiento y de bajo mantenimiento de plomo-\u00e1cido<\/span><\/span><\/li>\n<li class=\"meta\"><span><span>Ideal para veh\u00edculos de temporada con largos tiempos de inactividad (descapotable\/moto)<\/span><\/span><\/li>\n<li class=\"meta\"><span><span>Su uso prolonga la duraci\u00f3n de la bater\u00eda.<\/span><\/span><\/li>\n<li class=\"meta\"><span><span>Indicador LED de voltaje de la bater\u00eda y progreso de carga<\/span><\/span><\/li>\n<li class=\"meta\"><span><span>Protecci\u00f3n electr\u00f3nica contra sobrecarga, cortocircuito y polaridad inversa.<\/span><\/span><\/li>\n<li class=\"meta\"><span><span>Terminales de bater\u00eda completamente aislados<\/span><\/span><\/li>\n<li class=\"meta\"><span><span>Asa ergon\u00f3mica para un transporte \u00f3ptimo<\/span><\/span><\/li>\n<li class=\" meta\"><\/li>\n<\/ul>\n","protected":false},"featured_media":5152,"template":"","meta":{"_joinchat":[]},"product_cat":[50],"product_tag":[275],"class_list":{"0":"post-5153","1":"product","2":"type-product","3":"status-publish","4":"has-post-thumbnail","6":"product_cat-herramientas-a-bateria","7":"product_tag-cargador-de-bateria","9":"first","10":"instock","11":"product-type-simple"},"_links":{"self":[{"href":"https:\/\/lidertecsa.com.ar\/catalogo\/wp-json\/wp\/v2\/product\/5153"}],"collection":[{"href":"https:\/\/lidertecsa.com.ar\/catalogo\/wp-json\/wp\/v2\/product"}],"about":[{"href":"https:\/\/lidertecsa.com.ar\/catalogo\/wp-json\/wp\/v2\/types\/product"}],"wp:featuredmedia":[{"embeddable":true,"href":"https:\/\/lidertecsa.com.ar\/catalogo\/wp-json\/wp\/v2\/media\/5152"}],"wp:attachment":[{"href":"https:\/\/lidertecsa.com.ar\/catalogo\/wp-json\/wp\/v2\/media?parent=5153"}],"wp:term":[{"taxonomy":"product_cat","embeddable":true,"href":"https:\/\/lidertecsa.com.ar\/catalogo\/wp-json\/wp\/v2\/product_cat?post=5153"},{"taxonomy":"product_tag","embeddable":true,"href":"https:\/\/lidertecsa.com.ar\/catalogo\/wp-json\/wp\/v2\/product_tag?post=5153"}],"curies":[{"name":"wp","href":"https:\/\/api.w.org\/{rel}","templated":true}]}}