{"id":5146,"date":"2023-08-23T15:53:23","date_gmt":"2023-08-23T18:53:23","guid":{"rendered":"https:\/\/lidertecsa.com.ar\/catalogo\/?post_type=product&#038;p=5146"},"modified":"2024-12-13T16:36:58","modified_gmt":"2024-12-13T19:36:58","slug":"aspirador-y-soplador-de-hojas-venturro-36-240","status":"publish","type":"product","link":"https:\/\/lidertecsa.com.ar\/catalogo\/producto\/aspirador-y-soplador-de-hojas-venturro-36-240\/","title":{"rendered":"Aspirador y Soplador de Hojas VENTURRO 36\/240"},"content":{"rendered":"<p><span>Con el aspirador de hojas con bater\u00eda VENTURRO 36\/240 de Einhell la tediosa recogida de hojas es cosa del pasado!\u00a0<\/span><\/p>\n<p><span>El potente aspirador de hojas inal\u00e1mbrico de 36 voltios funciona de forma totalmente inal\u00e1mbrica, adem\u00e1s es un soplador de hojas y adem\u00e1s tiene una trituradora integrada.\u00a0<\/span><span>El dispositivo inal\u00e1mbrico forma parte de la potente familia Einhell Power X-Change.<\/span><\/p>\n<p><span>Con una potencia de aspiraci\u00f3n m\u00e1xima de 740 m\u00b3 por hora, el aparato ligero de 4 kg elimina grandes cantidades de hojas en un abrir y cerrar de ojos.\u00a0<\/span><span>que, gracias a la funci\u00f3n de picado, se reduce a una d\u00e9cima parte de su volumen original y acaba en la bolsa recolectora de 45 litros.\u00a0<\/span><span>La bolsa colectora de calidad est\u00e1 equipada con dos ventanas para comprobar el nivel y se fija r\u00e1pida y f\u00e1cilmente a la tuber\u00eda mediante un clic.\u00a0<\/span><span>Mediante el interruptor se puede cambiar entre la funci\u00f3n de aspiraci\u00f3n y de soplado en cualquier momento y sin ning\u00fan esfuerzo.\u00a0<\/span><span>Si el aspirador de hojas con bater\u00eda se utiliza como soplador de hojas, con la funci\u00f3n Boost adicional las aparta a una velocidad de soplado de hasta 240 km\/h.\u00a0<\/span><span>Gracias a la electr\u00f3nica de velocidad con indicador LED se puede regular individualmente la potencia de aspiraci\u00f3n y de soplado y al mismo tiempo influir en el volumen.\u00a0<\/span><span>El aspirador de hojas con bater\u00eda se puede guiar de forma \u00f3ptima con el mango adicional cuando se maneja con las dos manos.\u00a0<\/span><span>una c\u00f3moda correa para el hombro tambi\u00e9n garantiza un alivio \u00f3ptimo del peso.<\/span><\/p>\n<table class=\"table__table\">\n<tbody>\n<tr class=\"-show tr-odd\">\n<td><span class=\"bold\"><span>tubo de aspiraci\u00f3n de di\u00e1metro<\/span><\/span><\/td>\n<td><span>115 mm<\/span><\/td>\n<\/tr>\n<tr class=\"-show tr-even\">\n<td><span class=\"bold\"><span>velocidad del aire<\/span><\/span><\/td>\n<td><span>240 kil\u00f3metros por hora<\/span><\/td>\n<\/tr>\n<tr class=\"-show tr-odd\">\n<td><span class=\"bold\"><span>voltaje del motor<\/span><\/span><\/td>\n<td><span>36v<\/span><\/td>\n<\/tr>\n<tr class=\"-show tr-even\">\n<td><span class=\"bold\"><span>tipo de motor<\/span><\/span><\/td>\n<td><span>Motor sin escobillas<\/span><\/td>\n<\/tr>\n<tr class=\"-show tr-odd\">\n<td><span class=\"bold\"><span>Peso del Producto<\/span><\/span><\/td>\n<td><span>3,55 kg<\/span><\/td>\n<\/tr>\n<tr class=\"-show tr-even\">\n<td><span class=\"bold\"><span>potencia de succi\u00f3n\/volumen<\/span><\/span><\/td>\n<td><span>740 m\u00b3\/h<\/span><\/td>\n<\/tr>\n<tr class=\"-show tr-odd\">\n<td><span class=\"bold\"><span>Nivel de potencia sonora (volumen)<\/span><\/span><\/td>\n<td><span>98dB(A)<\/span><\/td>\n<\/tr>\n<tr class=\"-show tr-even\">\n<td><span class=\"bold\"><span>Volumen de bolsa recolectora de material triturado<\/span><\/span><\/td>\n<td><span>45L<\/span><\/td>\n<\/tr>\n<\/tbody>\n<\/table>\n","protected":false},"excerpt":{"rendered":"<ul>\n<li class=\" meta\"><span><span>Miembro de la familia Power X-Change<\/span><\/span><\/li>\n<li class=\" meta\"><span><span>Tecnolog\u00eda TWIN-PACK: 2 bater\u00edas Power X-Change de 18 V: m\u00e1s potencia<\/span><\/span><\/li>\n<li class=\" meta\"><span><span>Motor sin escobillas: m\u00e1s potencia y mayor autonom\u00eda<\/span><\/span><\/li>\n<li class=\" meta\"><span><span>PurePOWER Brushless: 10 a\u00f1os de garant\u00eda del motor despu\u00e9s del registro<\/span><\/span><\/li>\n<li class=\" meta\"><span><span>Cambio de funci\u00f3n de soplado y aspiraci\u00f3n sin herramientas<\/span><\/span><\/li>\n<li class=\"meta\"><span><span>Control electr\u00f3nico de velocidad con pantalla LED y funci\u00f3n boost.<\/span><\/span><\/li>\n<li class=\"meta\"><span><span>Bolsa recolectora de gran calidad con ventana de visualizaci\u00f3n para control de nivel.<\/span><\/span><\/li>\n<li class=\"meta\"><span><span>Fijaci\u00f3n de la bolsa recolectora mediante un inteligente sistema de fijaci\u00f3n r\u00e1pida<\/span><\/span><\/li>\n<li class=\"meta\"><span><span>Funci\u00f3n de picado integrada con cuchilla met\u00e1lica adicional<\/span><\/span><\/li>\n<li class=\"meta\"><span><span>Tapa de limpieza con interruptor de seguridad para una limpieza sin esfuerzo<\/span><\/span><\/li>\n<li class=\"meta\"><span><span>Incluye asa adicional y c\u00f3moda correa de transporte<\/span><\/span><\/li>\n<li class=\"meta\"><span><span>Agarre suave para un trabajo c\u00f3modo y antideslizante<\/span><\/span><\/li>\n<li class=\"meta\"><span><span>Ruedas desmontables y ajustables en altura para aliviar el peso.<\/span><\/span><\/li>\n<li class=\"meta\"><span><span>Soporte de pared integrado para un f\u00e1cil almacenamiento<\/span><\/span><\/li>\n<li class=\"meta\"><span><span>Tubo de succi\u00f3n extra\u00edble para ahorrar espacio<\/span><\/span><\/li>\n<li class=\"meta\"><span><span>Alta potencia de soplado con velocidad de soplado de aire de hasta 240 km\/h como m\u00e1ximo<\/span><\/span><\/li>\n<li class=\"meta\"><span><span>Gran potencia de succi\u00f3n con un m\u00e1ximo de 740 m\u00b3\/h<\/span><\/span><\/li>\n<li class=\"meta\"><span><span>Recomendaci\u00f3n para obtener mejores resultados: bater\u00eda de 2,5 Ah y m\u00e1s grande<\/span><\/span><\/li>\n<li class=\"meta\"><span><span>Se entrega sin bater\u00eda ni cargador (se vende por separado)<\/span><\/span><\/li>\n<li class=\" meta\"><\/li>\n<\/ul>\n","protected":false},"featured_media":5147,"template":"","meta":{"_joinchat":[]},"product_cat":[50],"product_tag":[1000],"class_list":{"0":"post-5146","1":"product","2":"type-product","3":"status-publish","4":"has-post-thumbnail","6":"product_cat-herramientas-a-bateria","7":"product_tag-soplador-aspirador","9":"first","10":"instock","11":"product-type-simple"},"_links":{"self":[{"href":"https:\/\/lidertecsa.com.ar\/catalogo\/wp-json\/wp\/v2\/product\/5146"}],"collection":[{"href":"https:\/\/lidertecsa.com.ar\/catalogo\/wp-json\/wp\/v2\/product"}],"about":[{"href":"https:\/\/lidertecsa.com.ar\/catalogo\/wp-json\/wp\/v2\/types\/product"}],"wp:featuredmedia":[{"embeddable":true,"href":"https:\/\/lidertecsa.com.ar\/catalogo\/wp-json\/wp\/v2\/media\/5147"}],"wp:attachment":[{"href":"https:\/\/lidertecsa.com.ar\/catalogo\/wp-json\/wp\/v2\/media?parent=5146"}],"wp:term":[{"taxonomy":"product_cat","embeddable":true,"href":"https:\/\/lidertecsa.com.ar\/catalogo\/wp-json\/wp\/v2\/product_cat?post=5146"},{"taxonomy":"product_tag","embeddable":true,"href":"https:\/\/lidertecsa.com.ar\/catalogo\/wp-json\/wp\/v2\/product_tag?post=5146"}],"curies":[{"name":"wp","href":"https:\/\/api.w.org\/{rel}","templated":true}]}}