{"id":51,"date":"2023-06-01T13:53:18","date_gmt":"2023-06-01T16:53:18","guid":{"rendered":"https:\/\/lidertecsa.com.ar\/catalogo\/producto\/pegamil-epoxi-trp-14ml-est-c90\/"},"modified":"2026-02-04T11:05:23","modified_gmt":"2026-02-04T14:05:23","slug":"pegamil-epoxi-trp-14ml-est-c90","status":"publish","type":"product","link":"https:\/\/lidertecsa.com.ar\/catalogo\/producto\/pegamil-epoxi-trp-14ml-est-c90\/","title":{"rendered":"Pegamil Epoxi Transparente 10 min x 14ml Estuche"},"content":{"rendered":"<h2>Adhesivo Epoxi 10 Min &#8211; Transparente<\/h2>\n<p>Adhiere, suelda, rellena y sella pr\u00e1cticamente todos los materiales: metales, vidrio, cer\u00e1mica, madera, loza, muchos pl\u00e1sticos y m\u00e1s. Para reparaciones en la casa (utensilios, vajilla, muebles, juguetes), para mamposter\u00eda y sanitarios (azulejos, paredes, ca\u00f1os, piletas, artefactos). Para el auto, embarcaciones, talleres mec\u00e1nicos, hobbies y artesan\u00edas. Resiste bajo el agua, y\u00a0 a la acci\u00f3n de \u00e1cidos, solventes y la mayor\u00eda de los productos qu\u00edmicos. Soporta temperaturas entre -10\u00b0C y +180\u00b0C. No apto para polietileno, polipropileno ni PTFE.<\/p>\n","protected":false},"excerpt":{"rendered":"<h2>Adhesivo Epoxi 10 Minutis x 14 ml &#8211; Transparente<\/h2>\n","protected":false},"featured_media":70,"template":"","meta":{"_joinchat":[]},"product_cat":[29],"product_tag":[64],"class_list":{"0":"post-51","1":"product","2":"type-product","3":"status-publish","4":"has-post-thumbnail","6":"product_cat-pegamil","7":"product_tag-epoxi-2-componentes","9":"first","10":"instock","11":"taxable","12":"shipping-taxable","13":"product-type-simple"},"_links":{"self":[{"href":"https:\/\/lidertecsa.com.ar\/catalogo\/wp-json\/wp\/v2\/product\/51"}],"collection":[{"href":"https:\/\/lidertecsa.com.ar\/catalogo\/wp-json\/wp\/v2\/product"}],"about":[{"href":"https:\/\/lidertecsa.com.ar\/catalogo\/wp-json\/wp\/v2\/types\/product"}],"wp:featuredmedia":[{"embeddable":true,"href":"https:\/\/lidertecsa.com.ar\/catalogo\/wp-json\/wp\/v2\/media\/70"}],"wp:attachment":[{"href":"https:\/\/lidertecsa.com.ar\/catalogo\/wp-json\/wp\/v2\/media?parent=51"}],"wp:term":[{"taxonomy":"product_cat","embeddable":true,"href":"https:\/\/lidertecsa.com.ar\/catalogo\/wp-json\/wp\/v2\/product_cat?post=51"},{"taxonomy":"product_tag","embeddable":true,"href":"https:\/\/lidertecsa.com.ar\/catalogo\/wp-json\/wp\/v2\/product_tag?post=51"}],"curies":[{"name":"wp","href":"https:\/\/api.w.org\/{rel}","templated":true}]}}