{"id":50,"date":"2023-06-01T13:53:17","date_gmt":"2023-06-01T16:53:17","guid":{"rendered":"https:\/\/lidertecsa.com.ar\/catalogo\/producto\/pegamil-pega-tela-25cc-est-c60\/"},"modified":"2026-02-04T11:02:40","modified_gmt":"2026-02-04T14:02:40","slug":"pegamil-pega-tela-25cc-est-c60","status":"publish","type":"product","link":"https:\/\/lidertecsa.com.ar\/catalogo\/producto\/pegamil-pega-tela-25cc-est-c60\/","title":{"rendered":"Pegamil Pega Tela x 25cc Estuche"},"content":{"rendered":"<h2>Pega Tela<\/h2>\n<p>Para pegar jeans, dobladillos, cierres, escudos, cortinas pesadas, tapicer\u00eda, carpas, lonas y otros tipos de telas gruesas. Adhiere fuertemente y resiste lavados y planchados. Pega en aproximadamente 5 minutos y alcanza su total resistencia en 4 horas. En d\u00edas o ambientes h\u00famedos puede demorar m\u00e1s. No adhiere pl\u00e1sticos ni telas sint\u00e9ticas. No apto para telas finas o livianas.<\/p>\n","protected":false},"excerpt":{"rendered":"<h2>Pega Tela<\/h2>\n","protected":false},"featured_media":65,"template":"","meta":{"_joinchat":[]},"product_cat":[29],"product_tag":[67],"class_list":{"0":"post-50","1":"product","2":"type-product","3":"status-publish","4":"has-post-thumbnail","6":"product_cat-pegamil","7":"product_tag-pega-tela","9":"first","10":"instock","11":"taxable","12":"shipping-taxable","13":"product-type-simple"},"_links":{"self":[{"href":"https:\/\/lidertecsa.com.ar\/catalogo\/wp-json\/wp\/v2\/product\/50"}],"collection":[{"href":"https:\/\/lidertecsa.com.ar\/catalogo\/wp-json\/wp\/v2\/product"}],"about":[{"href":"https:\/\/lidertecsa.com.ar\/catalogo\/wp-json\/wp\/v2\/types\/product"}],"wp:featuredmedia":[{"embeddable":true,"href":"https:\/\/lidertecsa.com.ar\/catalogo\/wp-json\/wp\/v2\/media\/65"}],"wp:attachment":[{"href":"https:\/\/lidertecsa.com.ar\/catalogo\/wp-json\/wp\/v2\/media?parent=50"}],"wp:term":[{"taxonomy":"product_cat","embeddable":true,"href":"https:\/\/lidertecsa.com.ar\/catalogo\/wp-json\/wp\/v2\/product_cat?post=50"},{"taxonomy":"product_tag","embeddable":true,"href":"https:\/\/lidertecsa.com.ar\/catalogo\/wp-json\/wp\/v2\/product_tag?post=50"}],"curies":[{"name":"wp","href":"https:\/\/api.w.org\/{rel}","templated":true}]}}