{"id":4943,"date":"2023-08-17T14:34:07","date_gmt":"2023-08-17T17:34:07","guid":{"rendered":"https:\/\/lidertecsa.com.ar\/catalogo\/?post_type=product&#038;p=4943"},"modified":"2024-12-13T16:36:49","modified_gmt":"2024-12-13T19:36:49","slug":"hoja-de-sierra-sable-bi-metalica-para-metales-2","status":"publish","type":"product","link":"https:\/\/lidertecsa.com.ar\/catalogo\/producto\/hoja-de-sierra-sable-bi-metalica-para-metales-2\/","title":{"rendered":"Hoja de Sierra Sable Bi met\u00e1lica para Metales."},"content":{"rendered":"<p><span>La hoja de sierra de sable con soporte de m\u00e1quina en ambos lados y para el doble de vida \u00fatil.\u00a0<\/span><span>En la mayor\u00eda de las aplicaciones de aserrado, los dientes de la sierra solo se desgastan hasta la mitad.\u00a0<\/span><span>Despu\u00e9s de que se haya desgastado la mitad de la longitud de la hoja, la hoja de sierra de sable simplemente se gira y se inserta con el otro soporte.\u00a0<\/span><span>Gracias al aprovechamiento al 100 % de toda la longitud de la hoja, la vida \u00fatil de la hoja de sierra de sable se duplica y los costes por corte se reducen a la mitad.\u00a0<\/span><span>Con el dentado en M patentado de bimetal, la pieza de trabajo se aserra tanto en la carrera de avance como en la de retroceso.\u00a0<\/span><span>Esto logra una velocidad de corte que es hasta tres veces m\u00e1s r\u00e1pida que la de los dientes de hojas de sierra convencionales.\u00a0<\/span><span>Se puede utilizar para todos los materiales a partir de 2,5 mm de espesor de pared.\u00a0<\/span><span>Especialmente adecuado para acero y metales no ferrosos con un espesor de material de m\u00e1s de 10 mm, longitud de corte de 200 mm.<\/span><\/p>\n<p>Distancia entre dientes: 1,7mm<\/p>\n<p>Largo total \/ Largo \u00fatil: 240mm \/ 200 mm<\/p>\n","protected":false},"excerpt":{"rendered":"<p>Hoja de sierra sable para metales bimet\u00e1lica con dobre v\u00e1stago.<\/p>\n","protected":false},"featured_media":4945,"template":"","meta":{"_joinchat":[]},"product_cat":[15],"product_tag":[978],"class_list":{"0":"post-4943","1":"product","2":"type-product","3":"status-publish","4":"has-post-thumbnail","6":"product_cat-sin-par","7":"product_tag-hoja-de-sierra-para-sierra-sable","9":"first","10":"instock","11":"taxable","12":"shipping-taxable","13":"product-type-simple"},"_links":{"self":[{"href":"https:\/\/lidertecsa.com.ar\/catalogo\/wp-json\/wp\/v2\/product\/4943"}],"collection":[{"href":"https:\/\/lidertecsa.com.ar\/catalogo\/wp-json\/wp\/v2\/product"}],"about":[{"href":"https:\/\/lidertecsa.com.ar\/catalogo\/wp-json\/wp\/v2\/types\/product"}],"wp:featuredmedia":[{"embeddable":true,"href":"https:\/\/lidertecsa.com.ar\/catalogo\/wp-json\/wp\/v2\/media\/4945"}],"wp:attachment":[{"href":"https:\/\/lidertecsa.com.ar\/catalogo\/wp-json\/wp\/v2\/media?parent=4943"}],"wp:term":[{"taxonomy":"product_cat","embeddable":true,"href":"https:\/\/lidertecsa.com.ar\/catalogo\/wp-json\/wp\/v2\/product_cat?post=4943"},{"taxonomy":"product_tag","embeddable":true,"href":"https:\/\/lidertecsa.com.ar\/catalogo\/wp-json\/wp\/v2\/product_tag?post=4943"}],"curies":[{"name":"wp","href":"https:\/\/api.w.org\/{rel}","templated":true}]}}