{"id":4938,"date":"2023-08-17T14:22:51","date_gmt":"2023-08-17T17:22:51","guid":{"rendered":"https:\/\/lidertecsa.com.ar\/catalogo\/?post_type=product&#038;p=4938"},"modified":"2024-12-13T16:36:49","modified_gmt":"2024-12-13T19:36:49","slug":"hoja-de-sierra-para-madera-para-sierra-sable-2","status":"publish","type":"product","link":"https:\/\/lidertecsa.com.ar\/catalogo\/producto\/hoja-de-sierra-para-madera-para-sierra-sable-2\/","title":{"rendered":"Hoja de Sierra para Madera para Sierra Sable."},"content":{"rendered":"<div class=\"description\">\n<div class=\"description\">\n<div class=\"description\">\n<div class=\"description\">\n<p><span>Hojas de sierra de sable, carpinter\u00eda, acero al carbono HCS, templado, dientes rectificados y ajustados con precisi\u00f3n, para madera de construcci\u00f3n y paredes de madera de hasta 100 mm de espesor, tableros de aglomerado y MDF de hasta 60 mm de espesor, tableros de madera contrachapada y pl\u00e1stico de hasta 100 mm de espesor, V\u00e1stago de 1\/2&#8243; para todas las sierras de sable y foxtails el\u00e9ctricas disponibles en el mercado.<\/span><\/p>\n<\/div>\n<\/div>\n<\/div>\n<\/div>\n<p>Distancia de dientes: 4 mm<\/p>\n<p>Largo total \/ Largo Util: 305mm \/283mm<\/p>\n","protected":false},"excerpt":{"rendered":"<p>Hoja de sierra para sierra sable para madera<\/p>\n","protected":false},"featured_media":4937,"template":"","meta":{"_joinchat":[]},"product_cat":[15],"product_tag":[978],"class_list":{"0":"post-4938","1":"product","2":"type-product","3":"status-publish","4":"has-post-thumbnail","6":"product_cat-sin-par","7":"product_tag-hoja-de-sierra-para-sierra-sable","9":"first","10":"instock","11":"taxable","12":"shipping-taxable","13":"product-type-simple"},"_links":{"self":[{"href":"https:\/\/lidertecsa.com.ar\/catalogo\/wp-json\/wp\/v2\/product\/4938"}],"collection":[{"href":"https:\/\/lidertecsa.com.ar\/catalogo\/wp-json\/wp\/v2\/product"}],"about":[{"href":"https:\/\/lidertecsa.com.ar\/catalogo\/wp-json\/wp\/v2\/types\/product"}],"wp:featuredmedia":[{"embeddable":true,"href":"https:\/\/lidertecsa.com.ar\/catalogo\/wp-json\/wp\/v2\/media\/4937"}],"wp:attachment":[{"href":"https:\/\/lidertecsa.com.ar\/catalogo\/wp-json\/wp\/v2\/media?parent=4938"}],"wp:term":[{"taxonomy":"product_cat","embeddable":true,"href":"https:\/\/lidertecsa.com.ar\/catalogo\/wp-json\/wp\/v2\/product_cat?post=4938"},{"taxonomy":"product_tag","embeddable":true,"href":"https:\/\/lidertecsa.com.ar\/catalogo\/wp-json\/wp\/v2\/product_tag?post=4938"}],"curies":[{"name":"wp","href":"https:\/\/api.w.org\/{rel}","templated":true}]}}