{"id":4934,"date":"2023-08-17T14:13:31","date_gmt":"2023-08-17T17:13:31","guid":{"rendered":"https:\/\/lidertecsa.com.ar\/catalogo\/?post_type=product&#038;p=4934"},"modified":"2024-12-13T16:36:49","modified_gmt":"2024-12-13T19:36:49","slug":"hoja-de-sierra-para-metal-para-sierra-sable","status":"publish","type":"product","link":"https:\/\/lidertecsa.com.ar\/catalogo\/producto\/hoja-de-sierra-para-metal-para-sierra-sable\/","title":{"rendered":"Hoja de Sierra para Metal para Sierra Sable."},"content":{"rendered":"<div class=\"description\">\n<div class=\"description\">\n<p><span>Dientes variables, nuevos dientes de \u00abdos etapas\u00bb, baja fricci\u00f3n, mejor disipaci\u00f3n del calor, con ranuras de ventilaci\u00f3n, geometr\u00eda de hoja de sierra patentada recientemente desarrollada para una presi\u00f3n de corte significativamente mayor.<\/span><br \/>\n<span>Velocidad de corte hasta 2 veces mayor, para metal, metal no ferroso, madera con restos de metal, materiales mixtos, pl\u00e1stico.<\/span><\/p>\n<\/div>\n<\/div>\n<p>Distancia de dientes: 2.5 &#8211; 1.8mm<\/p>\n<p>Largo total \/ Largo Util: 150mm \/130mm<\/p>\n","protected":false},"excerpt":{"rendered":"<p>Hoja de sierra para sierra sable con dentado japon\u00e9s<\/p>\n","protected":false},"featured_media":4935,"template":"","meta":{"_joinchat":[]},"product_cat":[15],"product_tag":[978],"class_list":{"0":"post-4934","1":"product","2":"type-product","3":"status-publish","4":"has-post-thumbnail","6":"product_cat-sin-par","7":"product_tag-hoja-de-sierra-para-sierra-sable","9":"first","10":"instock","11":"taxable","12":"shipping-taxable","13":"product-type-simple"},"_links":{"self":[{"href":"https:\/\/lidertecsa.com.ar\/catalogo\/wp-json\/wp\/v2\/product\/4934"}],"collection":[{"href":"https:\/\/lidertecsa.com.ar\/catalogo\/wp-json\/wp\/v2\/product"}],"about":[{"href":"https:\/\/lidertecsa.com.ar\/catalogo\/wp-json\/wp\/v2\/types\/product"}],"wp:featuredmedia":[{"embeddable":true,"href":"https:\/\/lidertecsa.com.ar\/catalogo\/wp-json\/wp\/v2\/media\/4935"}],"wp:attachment":[{"href":"https:\/\/lidertecsa.com.ar\/catalogo\/wp-json\/wp\/v2\/media?parent=4934"}],"wp:term":[{"taxonomy":"product_cat","embeddable":true,"href":"https:\/\/lidertecsa.com.ar\/catalogo\/wp-json\/wp\/v2\/product_cat?post=4934"},{"taxonomy":"product_tag","embeddable":true,"href":"https:\/\/lidertecsa.com.ar\/catalogo\/wp-json\/wp\/v2\/product_tag?post=4934"}],"curies":[{"name":"wp","href":"https:\/\/api.w.org\/{rel}","templated":true}]}}