{"id":4932,"date":"2023-08-17T14:09:40","date_gmt":"2023-08-17T17:09:40","guid":{"rendered":"https:\/\/lidertecsa.com.ar\/catalogo\/?post_type=product&#038;p=4932"},"modified":"2024-12-13T16:36:48","modified_gmt":"2024-12-13T19:36:48","slug":"hoja-de-sierra-para-sierra-sable-2","status":"publish","type":"product","link":"https:\/\/lidertecsa.com.ar\/catalogo\/producto\/hoja-de-sierra-para-sierra-sable-2\/","title":{"rendered":"Hoja de Sierra para Sierra Sable."},"content":{"rendered":"<div class=\"description\">\n<p><span>Dentado japon\u00e9s, dientes afilados 3 veces en diagonal, templados por impulso, extremadamente afilados, geometr\u00eda de hoja de sierra patentada de nuevo desarrollo para una presi\u00f3n de corte significativamente mayor.\u00a0Velocidad de corte hasta 2 veces mayor para cortes particularmente limpios en madera dura, madera blanda, madera de construcci\u00f3n, madera recubierta de pl\u00e1stico, madera verde seca, pl\u00e1stico.<\/span><\/p>\n<\/div>\n<p>Distancia de dientes: 3mm<\/p>\n<p>Largo total \/ Largo Util: 230mm\/190mm<\/p>\n","protected":false},"excerpt":{"rendered":"<p>Hoja de sierra para sierra sable con dentado japon\u00e9s<\/p>\n","protected":false},"featured_media":4933,"template":"","meta":{"_joinchat":[]},"product_cat":[15],"product_tag":[978],"class_list":{"0":"post-4932","1":"product","2":"type-product","3":"status-publish","4":"has-post-thumbnail","6":"product_cat-sin-par","7":"product_tag-hoja-de-sierra-para-sierra-sable","9":"first","10":"instock","11":"taxable","12":"shipping-taxable","13":"product-type-simple"},"_links":{"self":[{"href":"https:\/\/lidertecsa.com.ar\/catalogo\/wp-json\/wp\/v2\/product\/4932"}],"collection":[{"href":"https:\/\/lidertecsa.com.ar\/catalogo\/wp-json\/wp\/v2\/product"}],"about":[{"href":"https:\/\/lidertecsa.com.ar\/catalogo\/wp-json\/wp\/v2\/types\/product"}],"wp:featuredmedia":[{"embeddable":true,"href":"https:\/\/lidertecsa.com.ar\/catalogo\/wp-json\/wp\/v2\/media\/4933"}],"wp:attachment":[{"href":"https:\/\/lidertecsa.com.ar\/catalogo\/wp-json\/wp\/v2\/media?parent=4932"}],"wp:term":[{"taxonomy":"product_cat","embeddable":true,"href":"https:\/\/lidertecsa.com.ar\/catalogo\/wp-json\/wp\/v2\/product_cat?post=4932"},{"taxonomy":"product_tag","embeddable":true,"href":"https:\/\/lidertecsa.com.ar\/catalogo\/wp-json\/wp\/v2\/product_tag?post=4932"}],"curies":[{"name":"wp","href":"https:\/\/api.w.org\/{rel}","templated":true}]}}