{"id":4916,"date":"2023-08-17T13:25:15","date_gmt":"2023-08-17T16:25:15","guid":{"rendered":"https:\/\/lidertecsa.com.ar\/catalogo\/?post_type=product&#038;p=4916"},"modified":"2024-12-13T16:36:47","modified_gmt":"2024-12-13T19:36:47","slug":"pack-de-hojas-de-sierra-de-calar-para-madera","status":"publish","type":"product","link":"https:\/\/lidertecsa.com.ar\/catalogo\/producto\/pack-de-hojas-de-sierra-de-calar-para-madera\/","title":{"rendered":"Pack de Hojas de Sierra de Calar para Madera."},"content":{"rendered":"<p>Hojas de sierra de calar, HCS, templadas, dentadas en cruz, rectificadas c\u00f3nicas y en \u00e1ngulo libre, cortes r\u00e1pidos y limpios, con diente de inmersi\u00f3n, para un calado sin problemas, para madera, madera dura, tableros de virutas, tableros de aglomerado y tableros de fibra, tableros plastificados, pl\u00e1sticos blandos y pl\u00e1sticos reforzados con fibra de vidrio.<\/p>\n<table width=\"450\">\n<tbody>\n<tr>\n<td width=\"64\">C\u00d3DIGO<\/td>\n<td width=\"183\">Distancia Entre Dientes mm.<\/td>\n<td width=\"68\">BOSCH no.<\/td>\n<td width=\"135\">Largo Total\/Largo Util<\/td>\n<\/tr>\n<tr>\n<td width=\"64\">620125<\/td>\n<td width=\"183\" data-attr=\"ABSTANDZAHNUNG\">2.5<\/td>\n<td width=\"68\" data-attr=\"BOSCHNR\">T101B<\/td>\n<td width=\"135\" data-attr=\"LAENGE\">100\/75<\/td>\n<\/tr>\n<tr>\n<td width=\"64\" data-attr=\"PRODUCTID\">620225<\/td>\n<td width=\"183\" data-attr=\"ABSTANDZAHNUNG\">4<\/td>\n<td width=\"68\" data-attr=\"BOSCHNR\">T101D<\/td>\n<td width=\"135\" data-attr=\"LAENGE\">100\/75<\/td>\n<\/tr>\n<tr>\n<td width=\"64\" data-attr=\"PRODUCTID\">620325<\/td>\n<td width=\"183\" data-attr=\"ABSTANDZAHNUNG\">4<\/td>\n<td width=\"68\" data-attr=\"BOSCHNR\">T144D<\/td>\n<td width=\"135\" data-attr=\"LAENGE\">100\/75<\/td>\n<\/tr>\n<tr>\n<td width=\"64\" data-attr=\"PRODUCTID\">620625<\/td>\n<td width=\"183\" data-attr=\"ABSTANDZAHNUNG\">1.4<\/td>\n<td width=\"68\" data-attr=\"BOSCHNR\">T101AO<\/td>\n<td width=\"135\" data-attr=\"LAENGE\">80\/55<\/td>\n<\/tr>\n<\/tbody>\n<\/table>\n","protected":false},"excerpt":{"rendered":"<p>Paquete de hojas de sierra de calar para madera.<\/p>\n","protected":false},"featured_media":4918,"template":"","meta":{"_joinchat":[]},"product_cat":[15],"product_tag":[977],"class_list":{"0":"post-4916","1":"product","2":"type-product","3":"status-publish","4":"has-post-thumbnail","6":"product_cat-sin-par","7":"product_tag-hoja-de-sierra-para-caladora","9":"first","10":"instock","11":"taxable","12":"shipping-taxable","13":"product-type-simple"},"_links":{"self":[{"href":"https:\/\/lidertecsa.com.ar\/catalogo\/wp-json\/wp\/v2\/product\/4916"}],"collection":[{"href":"https:\/\/lidertecsa.com.ar\/catalogo\/wp-json\/wp\/v2\/product"}],"about":[{"href":"https:\/\/lidertecsa.com.ar\/catalogo\/wp-json\/wp\/v2\/types\/product"}],"wp:featuredmedia":[{"embeddable":true,"href":"https:\/\/lidertecsa.com.ar\/catalogo\/wp-json\/wp\/v2\/media\/4918"}],"wp:attachment":[{"href":"https:\/\/lidertecsa.com.ar\/catalogo\/wp-json\/wp\/v2\/media?parent=4916"}],"wp:term":[{"taxonomy":"product_cat","embeddable":true,"href":"https:\/\/lidertecsa.com.ar\/catalogo\/wp-json\/wp\/v2\/product_cat?post=4916"},{"taxonomy":"product_tag","embeddable":true,"href":"https:\/\/lidertecsa.com.ar\/catalogo\/wp-json\/wp\/v2\/product_tag?post=4916"}],"curies":[{"name":"wp","href":"https:\/\/api.w.org\/{rel}","templated":true}]}}