{"id":4913,"date":"2023-08-17T13:07:13","date_gmt":"2023-08-17T16:07:13","guid":{"rendered":"https:\/\/lidertecsa.com.ar\/catalogo\/?post_type=product&#038;p=4913"},"modified":"2024-12-13T16:36:47","modified_gmt":"2024-12-13T19:36:47","slug":"hoja-de-sierra-de-calar-para-madera","status":"publish","type":"product","link":"https:\/\/lidertecsa.com.ar\/catalogo\/producto\/hoja-de-sierra-de-calar-para-madera\/","title":{"rendered":"Hoja de Sierra de Calar para Madera."},"content":{"rendered":"<div class=\"description\">\n<p>Hojas de sierra de calar, HCS, templadas, dentadas en cruz, rectificadas c\u00f3nicas y en \u00e1ngulo libre, cortes r\u00e1pidos y limpios, con diente de inmersi\u00f3n, para un calado sin problemas, para madera, madera dura, tableros de virutas, tableros de aglomerado y tableros de fibra, tableros plastificados, pl\u00e1sticos blandos y pl\u00e1sticos reforzados con fibra de vidrio.<\/p>\n<p>V\u00e1stago extra largo de una leva<\/p>\n<p>Distancia entre dientes: 4,0mm<\/p>\n<p>Largo total: 152 mm<\/p>\n<p>Largo \u00fatil: 125mm<\/p>\n<\/div>\n","protected":false},"excerpt":{"rendered":"<p>Hoja de sierra de calar para madera extra larga y con leva simple fabricada en acero HCS<\/p>\n","protected":false},"featured_media":4914,"template":"","meta":{"_joinchat":[]},"product_cat":[15],"product_tag":[977],"class_list":{"0":"post-4913","1":"product","2":"type-product","3":"status-publish","4":"has-post-thumbnail","6":"product_cat-sin-par","7":"product_tag-hoja-de-sierra-para-caladora","9":"first","10":"instock","11":"taxable","12":"shipping-taxable","13":"product-type-simple"},"_links":{"self":[{"href":"https:\/\/lidertecsa.com.ar\/catalogo\/wp-json\/wp\/v2\/product\/4913"}],"collection":[{"href":"https:\/\/lidertecsa.com.ar\/catalogo\/wp-json\/wp\/v2\/product"}],"about":[{"href":"https:\/\/lidertecsa.com.ar\/catalogo\/wp-json\/wp\/v2\/types\/product"}],"wp:featuredmedia":[{"embeddable":true,"href":"https:\/\/lidertecsa.com.ar\/catalogo\/wp-json\/wp\/v2\/media\/4914"}],"wp:attachment":[{"href":"https:\/\/lidertecsa.com.ar\/catalogo\/wp-json\/wp\/v2\/media?parent=4913"}],"wp:term":[{"taxonomy":"product_cat","embeddable":true,"href":"https:\/\/lidertecsa.com.ar\/catalogo\/wp-json\/wp\/v2\/product_cat?post=4913"},{"taxonomy":"product_tag","embeddable":true,"href":"https:\/\/lidertecsa.com.ar\/catalogo\/wp-json\/wp\/v2\/product_tag?post=4913"}],"curies":[{"name":"wp","href":"https:\/\/api.w.org\/{rel}","templated":true}]}}