{"id":4909,"date":"2023-08-16T16:40:08","date_gmt":"2023-08-16T19:40:08","guid":{"rendered":"https:\/\/lidertecsa.com.ar\/catalogo\/?post_type=product&#038;p=4909"},"modified":"2024-12-13T16:36:47","modified_gmt":"2024-12-13T19:36:47","slug":"hoja-de-sierra-para-madera","status":"publish","type":"product","link":"https:\/\/lidertecsa.com.ar\/catalogo\/producto\/hoja-de-sierra-para-madera\/","title":{"rendered":"Hoja de Sierra para Madera"},"content":{"rendered":"<div class=\"description\">\n<p>Dentado especial de rectificado triple, rectificado c\u00f3nico, geometr\u00eda de hoja de sierra patentada de nuevo desarrollo para una presi\u00f3n de corte significativamente mayor.\u00a0Velocidad de corte hasta 3 veces mayor para madera dura, madera blanda, aglomerado, tableros de bloques, parquet, paneles de techo y pared, pl\u00e1sticos.<\/p>\n<p>Distancia entre dientes: 2,5mm<\/p>\n<p>Longitud: 116 mm totales \/87 mm \u00fatil<\/p>\n<\/div>\n","protected":false},"excerpt":{"rendered":"<p>Hoja de sierra para calar, trabajo en madera, acero al carbono HCS<\/p>\n","protected":false},"featured_media":4910,"template":"","meta":{"_joinchat":[]},"product_cat":[15],"product_tag":[977],"class_list":{"0":"post-4909","1":"product","2":"type-product","3":"status-publish","4":"has-post-thumbnail","6":"product_cat-sin-par","7":"product_tag-hoja-de-sierra-para-caladora","9":"first","10":"instock","11":"taxable","12":"shipping-taxable","13":"product-type-simple"},"_links":{"self":[{"href":"https:\/\/lidertecsa.com.ar\/catalogo\/wp-json\/wp\/v2\/product\/4909"}],"collection":[{"href":"https:\/\/lidertecsa.com.ar\/catalogo\/wp-json\/wp\/v2\/product"}],"about":[{"href":"https:\/\/lidertecsa.com.ar\/catalogo\/wp-json\/wp\/v2\/types\/product"}],"wp:featuredmedia":[{"embeddable":true,"href":"https:\/\/lidertecsa.com.ar\/catalogo\/wp-json\/wp\/v2\/media\/4910"}],"wp:attachment":[{"href":"https:\/\/lidertecsa.com.ar\/catalogo\/wp-json\/wp\/v2\/media?parent=4909"}],"wp:term":[{"taxonomy":"product_cat","embeddable":true,"href":"https:\/\/lidertecsa.com.ar\/catalogo\/wp-json\/wp\/v2\/product_cat?post=4909"},{"taxonomy":"product_tag","embeddable":true,"href":"https:\/\/lidertecsa.com.ar\/catalogo\/wp-json\/wp\/v2\/product_tag?post=4909"}],"curies":[{"name":"wp","href":"https:\/\/api.w.org\/{rel}","templated":true}]}}