{"id":4907,"date":"2023-08-16T16:39:15","date_gmt":"2023-08-16T19:39:15","guid":{"rendered":"https:\/\/lidertecsa.com.ar\/catalogo\/?post_type=product&#038;p=4907"},"modified":"2024-12-13T16:36:47","modified_gmt":"2024-12-13T19:36:47","slug":"hoja-de-sierra-para-madera-down-cut","status":"publish","type":"product","link":"https:\/\/lidertecsa.com.ar\/catalogo\/producto\/hoja-de-sierra-para-madera-down-cut\/","title":{"rendered":"Hoja de Sierra para Madera DOWN CUT."},"content":{"rendered":"<div class=\"description\">\n<p><span>Dentado de extremo a extremo, paso de diente de 1,9 mm, afilado especial, geometr\u00eda de diente especial, rectificado c\u00f3nico, geometr\u00eda de hoja de sierra patentada de nuevo desarrollo para una presi\u00f3n de corte significativamente mayor.\u00a0Velocidad de corte hasta 3 veces mayor, para cortes muy limpios y sin astillas en madera dura, madera blanda, tableros de bloques, tableros revestidos de pl\u00e1stico, laminado, parquet, paneles de techo y pared, pl\u00e1sticos.\u00a0Resultados \u00f3ptimos incluso cuando se procesan minerales sensibles a las astillas, Varicor y Corian.<\/span><\/p>\n<p>&nbsp;<\/p>\n<\/div>\n","protected":false},"excerpt":{"rendered":"<p>Hoja de sierra para calar, trabajo en madera, DOWN CUT, acero al carbono HCS<\/p>\n","protected":false},"featured_media":4908,"template":"","meta":{"_joinchat":[]},"product_cat":[15],"product_tag":[977],"class_list":{"0":"post-4907","1":"product","2":"type-product","3":"status-publish","4":"has-post-thumbnail","6":"product_cat-sin-par","7":"product_tag-hoja-de-sierra-para-caladora","9":"first","10":"instock","11":"taxable","12":"shipping-taxable","13":"product-type-simple"},"_links":{"self":[{"href":"https:\/\/lidertecsa.com.ar\/catalogo\/wp-json\/wp\/v2\/product\/4907"}],"collection":[{"href":"https:\/\/lidertecsa.com.ar\/catalogo\/wp-json\/wp\/v2\/product"}],"about":[{"href":"https:\/\/lidertecsa.com.ar\/catalogo\/wp-json\/wp\/v2\/types\/product"}],"wp:featuredmedia":[{"embeddable":true,"href":"https:\/\/lidertecsa.com.ar\/catalogo\/wp-json\/wp\/v2\/media\/4908"}],"wp:attachment":[{"href":"https:\/\/lidertecsa.com.ar\/catalogo\/wp-json\/wp\/v2\/media?parent=4907"}],"wp:term":[{"taxonomy":"product_cat","embeddable":true,"href":"https:\/\/lidertecsa.com.ar\/catalogo\/wp-json\/wp\/v2\/product_cat?post=4907"},{"taxonomy":"product_tag","embeddable":true,"href":"https:\/\/lidertecsa.com.ar\/catalogo\/wp-json\/wp\/v2\/product_tag?post=4907"}],"curies":[{"name":"wp","href":"https:\/\/api.w.org\/{rel}","templated":true}]}}