{"id":488,"date":"2023-06-17T13:04:43","date_gmt":"2023-06-17T16:04:43","guid":{"rendered":"https:\/\/lidertecsa.com.ar\/catalogo\/?post_type=product&#038;p=488"},"modified":"2026-02-04T12:59:29","modified_gmt":"2026-02-04T15:59:29","slug":"siloc-adhesivo-sellador-neutro-90-metales","status":"publish","type":"product","link":"https:\/\/lidertecsa.com.ar\/catalogo\/producto\/siloc-adhesivo-sellador-neutro-90-metales\/","title":{"rendered":"SILOC &#8211; Adhesivo Sellador Neutro 90 % &#8211; Metales x 280g"},"content":{"rendered":"<div class=\"content\">\n<div class=\"ttl-subcat-producto\">PARA METALES<\/div>\n<\/div>\n<p>Adhesivo sellador ideal para m\u00faltiples usos en: \u00a0Autom\u00f3viles: juntas de catalizadores e intercooler (no afecta sensores, componentes electr\u00f3nicos ni circuitos el\u00e9ctricos), sellado de orificios de carrocer\u00edas, refuerzo de sellado de mangueras, entre otros. En la Construcci\u00f3n: para adhesi\u00f3n y sellado de m\u00faltiples materiales: aluminio, acero, acero inoxidable, chapa galvanizada, PVC, mortero, hormig\u00f3n, fibrocemento, madera, vidrio, azulejos, superficies esmaltadas, enlozadas y pintadas. Uso interior y exterior. No oxida.<\/p>\n<ul class=\"ficha\">\n<li>Tiempo cura parcial (Minutos):\u00a0Forma piel en 15-30 minutos<\/li>\n<li>Tiempo cura total (Horas):\u00a02mm en 24 hs.<\/li>\n<li>Resistencia temperatura (\u00b0C):\u00a0-40 a +150 \u00baC<\/li>\n<li>Resistencia traccion (MPa):\u00a00,5 &#8211; 0,8<\/li>\n<li>Porcentaje elongacion (%):\u00a0250 &#8211; 300<\/li>\n<li>Dureza (Shore A):\u00a018-24<\/li>\n<\/ul>\n","protected":false},"excerpt":{"rendered":"<h2>Adhesivo Sellador Neutro &#8211; 90%<\/h2>\n<div class=\"content\">\n<div class=\"ttl-subcat-producto\">USO METALES.<\/div>\n<\/div>\n","protected":false},"featured_media":489,"template":"","meta":{"_joinchat":[]},"product_cat":[158],"product_tag":[166],"class_list":{"0":"post-488","1":"product","2":"type-product","3":"status-publish","4":"has-post-thumbnail","6":"product_cat-siloc","7":"product_tag-silicona-neutra-90","9":"first","10":"instock","11":"taxable","12":"shipping-taxable","13":"product-type-simple"},"_links":{"self":[{"href":"https:\/\/lidertecsa.com.ar\/catalogo\/wp-json\/wp\/v2\/product\/488"}],"collection":[{"href":"https:\/\/lidertecsa.com.ar\/catalogo\/wp-json\/wp\/v2\/product"}],"about":[{"href":"https:\/\/lidertecsa.com.ar\/catalogo\/wp-json\/wp\/v2\/types\/product"}],"wp:featuredmedia":[{"embeddable":true,"href":"https:\/\/lidertecsa.com.ar\/catalogo\/wp-json\/wp\/v2\/media\/489"}],"wp:attachment":[{"href":"https:\/\/lidertecsa.com.ar\/catalogo\/wp-json\/wp\/v2\/media?parent=488"}],"wp:term":[{"taxonomy":"product_cat","embeddable":true,"href":"https:\/\/lidertecsa.com.ar\/catalogo\/wp-json\/wp\/v2\/product_cat?post=488"},{"taxonomy":"product_tag","embeddable":true,"href":"https:\/\/lidertecsa.com.ar\/catalogo\/wp-json\/wp\/v2\/product_tag?post=488"}],"curies":[{"name":"wp","href":"https:\/\/api.w.org\/{rel}","templated":true}]}}