{"id":486,"date":"2023-06-17T13:01:50","date_gmt":"2023-06-17T16:01:50","guid":{"rendered":"https:\/\/lidertecsa.com.ar\/catalogo\/?post_type=product&#038;p=486"},"modified":"2026-02-04T12:58:50","modified_gmt":"2026-02-04T15:58:50","slug":"siloc-adhesivo-sellador-neutro-90-carpinteria-pvc","status":"publish","type":"product","link":"https:\/\/lidertecsa.com.ar\/catalogo\/producto\/siloc-adhesivo-sellador-neutro-90-carpinteria-pvc\/","title":{"rendered":"SILOC &#8211; Adhesivo Sellador Neutro 90 % &#8211; Carpinter\u00eda PVC x 280g"},"content":{"rendered":"<div class=\"content\">\n<div class=\"ttl-subcat-producto\">PARA LA CONSTRUCCI\u00d3N<\/div>\n<\/div>\n<p>Adhesivo sellador para PVC, policarbonato, aluminio, acero, acero inoxidable, chapa galvanizada, mortero, hormig\u00f3n, fibrocemento, madera, vidrio, azulejos, superficies esmaltadas, enlozadas y pintadas y muchos otros materiales. Uso interior y exterior. Recomendado para carpinter\u00eda de PVC, policarbonato, c\u00e1maras frigor\u00edficas, furgones t\u00e9rmicos. No oxida.<\/p>\n<ul class=\"ficha\">\n<li>Tiempo cura parcial (Minutos):\u00a0Forma piel en 15-30 minutos<\/li>\n<li>Tiempo cura total (Horas):\u00a02mm en 24 hs.<\/li>\n<li>Resistencia temperatura (\u00b0C):\u00a0-40 a +150 \u00baC<\/li>\n<li>Resistencia traccion (MPa):\u00a00,5 &#8211; 0,8<\/li>\n<li>Porcentaje elongacion (%):\u00a0250 &#8211; 300<\/li>\n<li>Dureza (Shore A):\u00a018-24<\/li>\n<li>Usos:\u00a0Sellado de aberturas, repisas y muebles de PVC y policarbonato.<\/li>\n<\/ul>\n","protected":false},"excerpt":{"rendered":"<h2>Adhesivo Sellador Neutro &#8211; 90%<\/h2>\n<div class=\"content\">\n<div class=\"ttl-subcat-producto\">USO CARPINTER\u00cdA EN PVC.<\/div>\n<\/div>\n","protected":false},"featured_media":487,"template":"","meta":{"_joinchat":[]},"product_cat":[158],"product_tag":[166],"class_list":{"0":"post-486","1":"product","2":"type-product","3":"status-publish","4":"has-post-thumbnail","6":"product_cat-siloc","7":"product_tag-silicona-neutra-90","9":"first","10":"instock","11":"taxable","12":"shipping-taxable","13":"product-type-simple"},"_links":{"self":[{"href":"https:\/\/lidertecsa.com.ar\/catalogo\/wp-json\/wp\/v2\/product\/486"}],"collection":[{"href":"https:\/\/lidertecsa.com.ar\/catalogo\/wp-json\/wp\/v2\/product"}],"about":[{"href":"https:\/\/lidertecsa.com.ar\/catalogo\/wp-json\/wp\/v2\/types\/product"}],"wp:featuredmedia":[{"embeddable":true,"href":"https:\/\/lidertecsa.com.ar\/catalogo\/wp-json\/wp\/v2\/media\/487"}],"wp:attachment":[{"href":"https:\/\/lidertecsa.com.ar\/catalogo\/wp-json\/wp\/v2\/media?parent=486"}],"wp:term":[{"taxonomy":"product_cat","embeddable":true,"href":"https:\/\/lidertecsa.com.ar\/catalogo\/wp-json\/wp\/v2\/product_cat?post=486"},{"taxonomy":"product_tag","embeddable":true,"href":"https:\/\/lidertecsa.com.ar\/catalogo\/wp-json\/wp\/v2\/product_tag?post=486"}],"curies":[{"name":"wp","href":"https:\/\/api.w.org\/{rel}","templated":true}]}}