{"id":48,"date":"2023-06-01T13:53:17","date_gmt":"2023-06-01T16:53:17","guid":{"rendered":"https:\/\/lidertecsa.com.ar\/catalogo\/producto\/pegamil-cont-s-t-25cc-est-c60\/"},"modified":"2026-02-04T11:00:55","modified_gmt":"2026-02-04T14:00:55","slug":"pegamil-cont-s-t-25cc-est-c60","status":"publish","type":"product","link":"https:\/\/lidertecsa.com.ar\/catalogo\/producto\/pegamil-cont-s-t-25cc-est-c60\/","title":{"rendered":"Pegamil Contacto sin tolueno x 25cc Estuche"},"content":{"rendered":"<h2>Adhesivo de Contacto<\/h2>\n<p>Adhesivo de contacto s\u00faper fuerte para pegar una amplia gama de materiales: cuero, madera, cart\u00f3n, tela, alfombras, goma, lona, metal y muchos m\u00e1s. Logra uniones resistentes y flexibles. No pierde adhesi\u00f3n con el tiempo. Resiste el contacto con agua y aceites.<\/p>\n","protected":false},"excerpt":{"rendered":"<h2>Adhesivo de Contacto sin tolueno<\/h2>\n","protected":false},"featured_media":61,"template":"","meta":{"_joinchat":[]},"product_cat":[29],"product_tag":[70],"class_list":{"0":"post-48","1":"product","2":"type-product","3":"status-publish","4":"has-post-thumbnail","6":"product_cat-pegamil","7":"product_tag-contacto-sin-tolueno","9":"first","10":"instock","11":"taxable","12":"shipping-taxable","13":"product-type-simple"},"_links":{"self":[{"href":"https:\/\/lidertecsa.com.ar\/catalogo\/wp-json\/wp\/v2\/product\/48"}],"collection":[{"href":"https:\/\/lidertecsa.com.ar\/catalogo\/wp-json\/wp\/v2\/product"}],"about":[{"href":"https:\/\/lidertecsa.com.ar\/catalogo\/wp-json\/wp\/v2\/types\/product"}],"wp:featuredmedia":[{"embeddable":true,"href":"https:\/\/lidertecsa.com.ar\/catalogo\/wp-json\/wp\/v2\/media\/61"}],"wp:attachment":[{"href":"https:\/\/lidertecsa.com.ar\/catalogo\/wp-json\/wp\/v2\/media?parent=48"}],"wp:term":[{"taxonomy":"product_cat","embeddable":true,"href":"https:\/\/lidertecsa.com.ar\/catalogo\/wp-json\/wp\/v2\/product_cat?post=48"},{"taxonomy":"product_tag","embeddable":true,"href":"https:\/\/lidertecsa.com.ar\/catalogo\/wp-json\/wp\/v2\/product_tag?post=48"}],"curies":[{"name":"wp","href":"https:\/\/api.w.org\/{rel}","templated":true}]}}