{"id":474,"date":"2023-06-17T11:46:32","date_gmt":"2023-06-17T14:46:32","guid":{"rendered":"https:\/\/lidertecsa.com.ar\/catalogo\/?post_type=product&#038;p=474"},"modified":"2026-02-04T13:34:10","modified_gmt":"2026-02-04T16:34:10","slug":"siloc-th-metales-para-la-construccion","status":"publish","type":"product","link":"https:\/\/lidertecsa.com.ar\/catalogo\/producto\/siloc-th-metales-para-la-construccion\/","title":{"rendered":"SILOC TH Metales H\u00edbrido para la Construcci\u00f3n. 290ml\/450g"},"content":{"rendered":"<p>De alto agarre inicial y excelente adherencia sobre hierro, acero galvanizado e inoxidable, aluminio, aluminio anodizado, fibrocemento, chapas pintadas, zincadas, revestidas en zinc y aluminio, PRFV y muchos materiales m\u00e1s entre s\u00ed, o a m\u00faltiples superficies como mamposter\u00eda, ladrillo, m\u00e1rmol, cer\u00e1micos, madera, pl\u00e1sticos (excepto PE, PP y PTFE) vidrio, etc. Ideal para zinguer\u00eda. F\u00e1cil de aplicar, a\u00fan en superficies verticales. Adhiere sobre superficies h\u00famedas. Puede pintarse a las dos horas de a aplicado. Tiene excelente resistencia a la intemperie, a la acci\u00f3n del agua y a la radiaci\u00f3n UV. No se contrae, se mantiene siempre el\u00e1stico. No oxida ni mancha. Sin olor. F\u00e1cil de limpiar. No contiene solventes ni isocianatos. No tiene olor. Producto amigable con el medioambiente.<\/p>\n<ul class=\"ficha\">\n<li>Tiempo cura parcial (Minutos):\u00a010<\/li>\n<li>Tiempo cura total (Horas):\u00a024<\/li>\n<li>Resistencia temperatura (\u00b0C):\u00a0-40 a +90<\/li>\n<li>Resistencia traccion (MPa):\u00a01,8<\/li>\n<li>Porcentaje elongacion (%):\u00a0250<\/li>\n<li>Dureza (Shore A):\u00a055<\/li>\n<li>Usos:\u00a0Ideal para zinguer\u00eda y para la adhesi\u00f3n de m\u00faltiples materiales iguales o diferentes entre si: hierro, acero galvanizado e inoxidable, aluminio, aluminio anodizado, fibrocemento, chapas pintadas, zincadas, revestidas en zinc y aluminio, PRFV, mamposter\u00eda, ladrillo, m\u00e1rmol, cer\u00e1micos, madera, pl\u00e1sticos (excepto PE, PP y PTFE) vidrio, etc. Ideal para zinguer\u00eda.<\/li>\n<\/ul>\n","protected":false},"excerpt":{"rendered":"<h2><span style=\"font-size: 20px\">Sellador H\u00edbrido Metales para la construcci\u00f3n.<\/span><\/h2>\n","protected":false},"featured_media":475,"template":"","meta":{"_joinchat":[]},"product_cat":[158],"product_tag":[162],"class_list":{"0":"post-474","1":"product","2":"type-product","3":"status-publish","4":"has-post-thumbnail","6":"product_cat-siloc","7":"product_tag-sellador-hibrido","9":"first","10":"instock","11":"taxable","12":"shipping-taxable","13":"product-type-simple"},"_links":{"self":[{"href":"https:\/\/lidertecsa.com.ar\/catalogo\/wp-json\/wp\/v2\/product\/474"}],"collection":[{"href":"https:\/\/lidertecsa.com.ar\/catalogo\/wp-json\/wp\/v2\/product"}],"about":[{"href":"https:\/\/lidertecsa.com.ar\/catalogo\/wp-json\/wp\/v2\/types\/product"}],"wp:featuredmedia":[{"embeddable":true,"href":"https:\/\/lidertecsa.com.ar\/catalogo\/wp-json\/wp\/v2\/media\/475"}],"wp:attachment":[{"href":"https:\/\/lidertecsa.com.ar\/catalogo\/wp-json\/wp\/v2\/media?parent=474"}],"wp:term":[{"taxonomy":"product_cat","embeddable":true,"href":"https:\/\/lidertecsa.com.ar\/catalogo\/wp-json\/wp\/v2\/product_cat?post=474"},{"taxonomy":"product_tag","embeddable":true,"href":"https:\/\/lidertecsa.com.ar\/catalogo\/wp-json\/wp\/v2\/product_tag?post=474"}],"curies":[{"name":"wp","href":"https:\/\/api.w.org\/{rel}","templated":true}]}}